{"id":228574,"date":"2024-08-15T16:56:33","date_gmt":"2024-08-15T13:56:33","guid":{"rendered":"https:\/\/topdisc.fi\/?post_type=product&#038;p=228574"},"modified":"2026-01-22T21:22:15","modified_gmt":"2026-01-22T19:22:15","slug":"innova-halo-star-destroyer","status":"publish","type":"product","link":"https:\/\/topdisc.fi\/sv\/produkt\/innova-halo-star-destroyer\/","title":{"rendered":"Innova Halo Star Destroyer"},"content":{"rendered":"<p>Innova Halo Star Destroyer \u00e4r en f\u00f6rare i toppklass designad speciellt f\u00f6r avancerade spelare som vill kombinera kraft och precision i sina l\u00e5nga kast. Denna ultrastabila f\u00f6rare, i hastighetsklass 12, erbjuder en utm\u00e4rkt kombination av hastighet, kontrollerbarhet och p\u00e5litlig blekning, vilket g\u00f6r den till ett idealiskt val f\u00f6r bl\u00e5siga f\u00f6rh\u00e5llanden och l\u00e5nga kast.<\/p>\n<p>Tillverkad av Innova Halo Star-plastlegering, sticker denna puck ut med sitt tv\u00e5f\u00e4rgade utseende och h\u00e5llbara konstruktion. Halo Star-plasten erbjuder ett mjukt men stadigt grepp och \u00e4r k\u00e4nd f\u00f6r att bibeh\u00e5lla sina stabila flygegenskaper \u00e4ven under tung anv\u00e4ndning. J\u00e4mf\u00f6rt med traditionell Star-plast \u00e4r Halo Star-plasten ofta lite stabilare, vilket g\u00f6r den \u00e4nnu mer p\u00e5litlig f\u00f6r kr\u00e4vande kast.<\/p>\n<p>Innova Halo Star Destroyer \u00e4r det perfekta valet f\u00f6r spelare som vill maximera l\u00e4ngden och noggrannheten p\u00e5 sina kast. Ett viktigt verktyg f\u00f6r att bem\u00e4stra b\u00e5de l\u00e5nga raka drives och kraftfulla hyzerslag, den h\u00e4r skivan h\u00f6r hemma i v\u00e4skan p\u00e5 alla seri\u00f6sa frisbeegolfare.<\/p>","protected":false},"excerpt":{"rendered":"<p>Innova Halo Star Destroyer \u00e4r en f\u00f6rare i toppklass designad speciellt f\u00f6r avancerade spelare som vill kombinera kraft och precision i sina l\u00e5nga kast. Denna ultrastabila f\u00f6rare, i hastighetsklass 12, erbjuder en utm\u00e4rkt kombination av hastighet, kontrollerbarhet och p\u00e5litlig blekning, vilket g\u00f6r den till ett idealiskt val f\u00f6r bl\u00e5siga f\u00f6rh\u00e5llanden och l\u00e5nga kast.<\/p>\n<p>Tillverkad av Innova Halo Star-plastlegering, sticker denna puck ut med sitt tv\u00e5f\u00e4rgade utseende och h\u00e5llbara konstruktion. Halo Star-plasten erbjuder ett mjukt men stadigt grepp och \u00e4r k\u00e4nd f\u00f6r att bibeh\u00e5lla sina stabila flygegenskaper \u00e4ven under tung anv\u00e4ndning. J\u00e4mf\u00f6rt med traditionell Star-plast \u00e4r Halo Star-plasten ofta lite stabilare, vilket g\u00f6r den \u00e4nnu mer p\u00e5litlig f\u00f6r kr\u00e4vande kast.<\/p>\n<p>Innova Halo Star Destroyer \u00e4r det perfekta valet f\u00f6r spelare som vill maximera l\u00e4ngden och noggrannheten p\u00e5 sina kast. Ett viktigt verktyg f\u00f6r att bem\u00e4stra b\u00e5de l\u00e5nga raka drives och kraftfulla hyzerslag, den h\u00e4r skivan h\u00f6r hemma i v\u00e4skan p\u00e5 alla seri\u00f6sa frisbeegolfare.<\/p>","protected":false},"featured_media":228608,"comment_status":"open","ping_status":"closed","template":"","meta":{"_acf_changed":false,"om_disable_all_campaigns":false,"_improvement_type_select":"improve_an_existing","_thumb_yes_seoaic":false,"_frame_yes_seoaic":false,"seoaic_generate_description":"","seoaic_improve_instructions_prompt":"","seoaic_rollback_content_improvement":"","seoaic_idea_thumbnail_generator":"","thumbnail_generated":false,"thumbnail_generate_prompt":"","seoaic_article_description":""},"product_brand":[4854],"product_cat":[1868,678,1847,1817,73],"product_tag":[555],"class_list":{"0":"post-228574","1":"product","2":"type-product","3":"status-publish","4":"has-post-thumbnail","6":"product_brand-innova","7":"product_cat-innova-kaikki","8":"product_cat-spessut","9":"product_cat-uudet-innova-kiekot","10":"product_cat-uudet-kiekot","11":"product_cat-uutuudet","12":"product_tag-driver","13":"pa_feidi-288","14":"pa_liito-274","15":"pa_nopeus-266","16":"pa_paino-311","17":"pa_paino-320","18":"pa_paino-322","19":"pa_vakaus-281","20":"pa_valmistajat-innova","21":"pa_vari-harmaa-turkoosi","22":"pa_vari-oranssi-keltainen","23":"pa_vari-pinkki","24":"pa_vari-pinkki-sininen","25":"pa_vari-turkoosi-pinkki","26":"pa_vari-valkoinen-oranssi","27":"pa_vari-valkoinen-sininen","28":"pa_vari-valkoinen-turkoosi","30":"first","31":"outofstock","32":"taxable","33":"shipping-taxable","34":"product-type-variable"},"acf":[],"_links":{"self":[{"href":"https:\/\/topdisc.fi\/sv\/wp-json\/wp\/v2\/product\/228574","targetHints":{"allow":["GET"]}}],"collection":[{"href":"https:\/\/topdisc.fi\/sv\/wp-json\/wp\/v2\/product"}],"about":[{"href":"https:\/\/topdisc.fi\/sv\/wp-json\/wp\/v2\/types\/product"}],"replies":[{"embeddable":true,"href":"https:\/\/topdisc.fi\/sv\/wp-json\/wp\/v2\/comments?post=228574"}],"version-history":[{"count":1,"href":"https:\/\/topdisc.fi\/sv\/wp-json\/wp\/v2\/product\/228574\/revisions"}],"predecessor-version":[{"id":261886,"href":"https:\/\/topdisc.fi\/sv\/wp-json\/wp\/v2\/product\/228574\/revisions\/261886"}],"wp:featuredmedia":[{"embeddable":true,"href":"https:\/\/topdisc.fi\/sv\/wp-json\/wp\/v2\/media\/228608"}],"wp:attachment":[{"href":"https:\/\/topdisc.fi\/sv\/wp-json\/wp\/v2\/media?parent=228574"}],"wp:term":[{"taxonomy":"product_brand","embeddable":true,"href":"https:\/\/topdisc.fi\/sv\/wp-json\/wp\/v2\/product_brand?post=228574"},{"taxonomy":"product_cat","embeddable":true,"href":"https:\/\/topdisc.fi\/sv\/wp-json\/wp\/v2\/product_cat?post=228574"},{"taxonomy":"product_tag","embeddable":true,"href":"https:\/\/topdisc.fi\/sv\/wp-json\/wp\/v2\/product_tag?post=228574"}],"curies":[{"name":"wp","href":"https:\/\/api.w.org\/{rel}","templated":true}]}}