{"id":228740,"date":"2024-08-16T15:34:38","date_gmt":"2024-08-16T12:34:38","guid":{"rendered":"https:\/\/topdisc.fi\/?post_type=product&#038;p=228740"},"modified":"2026-01-22T21:22:12","modified_gmt":"2026-01-22T19:22:12","slug":"innova-star-gorgon","status":"publish","type":"product","link":"https:\/\/topdisc.fi\/sv\/produkt\/innova-star-gorgon\/","title":{"rendered":"Innova Star Gorgon"},"content":{"rendered":"<p>Innova Star Gorgon<\/p>\n<p>Innova Gorgon \u00e4r en ny och m\u00e5ngsidig f\u00f6rare som kombinerar den utm\u00e4rkta flygningen och k\u00e4nslan av en fairwayf\u00f6rare och flyger lika l\u00e5ngt som en l\u00e5ngf\u00f6rare. Denna f\u00f6rare flyger rakt och har en l\u00e4tt blekning, vilket g\u00f6r den till det perfekta valet f\u00f6r spelare som vill ha kontroll och noggrannhet i sina kast. Gorgon \u00e4r perfekt l\u00e4mpad f\u00f6r spelare p\u00e5 olika niv\u00e5er, och erbjuder m\u00e5ngsidighet och tillf\u00f6rlitlighet f\u00f6r olika situationer.<\/p>\n<p>Gorgon \u00e4r gjord av Innova Star-plast och \u00e4r gjord av en av de mest popul\u00e4ra premiumplastblandningarna. Stj\u00e4rnplast \u00e4r k\u00e4nt f\u00f6r sin h\u00e5llbarhet som matchar Champion-plast men \u00e4r n\u00e5got mer flexibel och t\u00e4ckande. Denna plastblandning bevarar puckens flygegenskaper under l\u00e5ng tid och ger ett utm\u00e4rkt grepp \u00e4ven under utmanande f\u00f6rh\u00e5llanden.<\/p>\n<p>Observera att f\u00e4rgtonen p\u00e5 skivan och f\u00e4rgen p\u00e5 st\u00e4mpeln kan skilja sig fr\u00e5n exempelbilden.<\/p>","protected":false},"excerpt":{"rendered":"<p>Innova Star Gorgon<\/p>\n<p>Innova Gorgon \u00e4r en ny och m\u00e5ngsidig f\u00f6rare som kombinerar den utm\u00e4rkta flygningen och k\u00e4nslan av en fairwayf\u00f6rare och flyger lika l\u00e5ngt som en l\u00e5ngf\u00f6rare. Denna f\u00f6rare flyger rakt och har en l\u00e4tt blekning, vilket g\u00f6r den till det perfekta valet f\u00f6r spelare som vill ha kontroll och noggrannhet i sina kast. Gorgon \u00e4r perfekt l\u00e4mpad f\u00f6r spelare p\u00e5 olika niv\u00e5er, och erbjuder m\u00e5ngsidighet och tillf\u00f6rlitlighet f\u00f6r olika situationer.<\/p>\n<p>Gorgon \u00e4r gjord av Innova Star-plast och \u00e4r gjord av en av de mest popul\u00e4ra premiumplastblandningarna. Stj\u00e4rnplast \u00e4r k\u00e4nt f\u00f6r sin h\u00e5llbarhet som matchar Champion-plast men \u00e4r n\u00e5got mer flexibel och t\u00e4ckande. Denna plastblandning bevarar puckens flygegenskaper under l\u00e5ng tid och ger ett utm\u00e4rkt grepp \u00e4ven under utmanande f\u00f6rh\u00e5llanden.<\/p>\n<p>Observera att f\u00e4rgtonen p\u00e5 skivan och f\u00e4rgen p\u00e5 st\u00e4mpeln kan skilja sig fr\u00e5n exempelbilden.<\/p>","protected":false},"featured_media":228755,"comment_status":"open","ping_status":"closed","template":"","meta":{"_acf_changed":false,"om_disable_all_campaigns":false,"_improvement_type_select":"improve_an_existing","_thumb_yes_seoaic":false,"_frame_yes_seoaic":false,"seoaic_generate_description":"","seoaic_improve_instructions_prompt":"","seoaic_rollback_content_improvement":"","seoaic_idea_thumbnail_generator":"","thumbnail_generated":false,"thumbnail_generate_prompt":"","seoaic_article_description":""},"product_brand":[4854],"product_cat":[1868,1847,1817,73],"product_tag":[],"class_list":{"0":"post-228740","1":"product","2":"type-product","3":"status-publish","4":"has-post-thumbnail","6":"product_brand-innova","7":"product_cat-innova-kaikki","8":"product_cat-uudet-innova-kiekot","9":"product_cat-uudet-kiekot","10":"product_cat-uutuudet","11":"pa_feidi-286","12":"pa_liito-275","13":"pa_nopeus-264","14":"pa_paino-316","15":"pa_paino-322","16":"pa_vakaus-280","17":"pa_valmistajat-innova","18":"pa_vari-oranssi","19":"pa_vari-sininen","20":"pa_vari-valkoinen","22":"first","23":"outofstock","24":"taxable","25":"shipping-taxable","26":"product-type-variable"},"acf":[],"_links":{"self":[{"href":"https:\/\/topdisc.fi\/sv\/wp-json\/wp\/v2\/product\/228740","targetHints":{"allow":["GET"]}}],"collection":[{"href":"https:\/\/topdisc.fi\/sv\/wp-json\/wp\/v2\/product"}],"about":[{"href":"https:\/\/topdisc.fi\/sv\/wp-json\/wp\/v2\/types\/product"}],"replies":[{"embeddable":true,"href":"https:\/\/topdisc.fi\/sv\/wp-json\/wp\/v2\/comments?post=228740"}],"version-history":[{"count":1,"href":"https:\/\/topdisc.fi\/sv\/wp-json\/wp\/v2\/product\/228740\/revisions"}],"predecessor-version":[{"id":261885,"href":"https:\/\/topdisc.fi\/sv\/wp-json\/wp\/v2\/product\/228740\/revisions\/261885"}],"wp:featuredmedia":[{"embeddable":true,"href":"https:\/\/topdisc.fi\/sv\/wp-json\/wp\/v2\/media\/228755"}],"wp:attachment":[{"href":"https:\/\/topdisc.fi\/sv\/wp-json\/wp\/v2\/media?parent=228740"}],"wp:term":[{"taxonomy":"product_brand","embeddable":true,"href":"https:\/\/topdisc.fi\/sv\/wp-json\/wp\/v2\/product_brand?post=228740"},{"taxonomy":"product_cat","embeddable":true,"href":"https:\/\/topdisc.fi\/sv\/wp-json\/wp\/v2\/product_cat?post=228740"},{"taxonomy":"product_tag","embeddable":true,"href":"https:\/\/topdisc.fi\/sv\/wp-json\/wp\/v2\/product_tag?post=228740"}],"curies":[{"name":"wp","href":"https:\/\/api.w.org\/{rel}","templated":true}]}}