{"id":228778,"date":"2024-08-16T15:50:12","date_gmt":"2024-08-16T12:50:12","guid":{"rendered":"https:\/\/topdisc.fi\/?post_type=product&#038;p=228778"},"modified":"2026-01-22T21:22:11","modified_gmt":"2026-01-22T19:22:11","slug":"innova-pro-gorgon","status":"publish","type":"product","link":"https:\/\/topdisc.fi\/sv\/produkt\/innova-pro-gorgon\/","title":{"rendered":"Innova Pro Gorgon"},"content":{"rendered":"<p>Innova Pro Gorgon<\/p>\n<p>Innova Gorgon \u00e4r en ny och m\u00e5ngsidig f\u00f6rare som kombinerar det utm\u00e4rkta glidet hos en fairwayf\u00f6rare och uppn\u00e5r r\u00e4ckvidden f\u00f6r en l\u00e5ng f\u00f6rare. Denna f\u00f6rare flyger rakt och har en l\u00e4tt blekning, vilket g\u00f6r den till det perfekta valet f\u00f6r spelare som vill ha kontroll och noggrannhet i sina kast. Gorgon \u00e4r perfekt l\u00e4mpad f\u00f6r spelare p\u00e5 olika niv\u00e5er, och erbjuder m\u00e5ngsidighet och tillf\u00f6rlitlighet f\u00f6r olika situationer.<\/p>\n<p>Observera att f\u00e4rgtonen p\u00e5 skivan och f\u00e4rgen p\u00e5 st\u00e4mpeln kan skilja sig fr\u00e5n exempelbilden.<\/p>","protected":false},"excerpt":{"rendered":"<p>Innova Pro Gorgon<\/p>\n<p>Innova Gorgon \u00e4r en ny och m\u00e5ngsidig f\u00f6rare som kombinerar det utm\u00e4rkta glidet hos en fairwayf\u00f6rare och uppn\u00e5r r\u00e4ckvidden f\u00f6r en l\u00e5ng f\u00f6rare. Denna f\u00f6rare flyger rakt och har en l\u00e4tt blekning, vilket g\u00f6r den till det perfekta valet f\u00f6r spelare som vill ha kontroll och noggrannhet i sina kast. Gorgon \u00e4r perfekt l\u00e4mpad f\u00f6r spelare p\u00e5 olika niv\u00e5er, och erbjuder m\u00e5ngsidighet och tillf\u00f6rlitlighet f\u00f6r olika situationer.<\/p>\n<p>Observera att f\u00e4rgtonen p\u00e5 skivan och f\u00e4rgen p\u00e5 st\u00e4mpeln kan skilja sig fr\u00e5n exempelbilden.<\/p>","protected":false},"featured_media":228808,"comment_status":"open","ping_status":"closed","template":"","meta":{"_acf_changed":false,"om_disable_all_campaigns":false,"_improvement_type_select":"improve_an_existing","_thumb_yes_seoaic":false,"_frame_yes_seoaic":false,"seoaic_generate_description":"","seoaic_improve_instructions_prompt":"","seoaic_rollback_content_improvement":"","seoaic_idea_thumbnail_generator":"","thumbnail_generated":false,"thumbnail_generate_prompt":"","seoaic_article_description":""},"product_brand":[4854],"product_cat":[1868,1847,1817,73],"product_tag":[],"class_list":{"0":"post-228778","1":"product","2":"type-product","3":"status-publish","4":"has-post-thumbnail","6":"product_brand-innova","7":"product_cat-innova-kaikki","8":"product_cat-uudet-innova-kiekot","9":"product_cat-uudet-kiekot","10":"product_cat-uutuudet","11":"pa_feidi-286","12":"pa_liito-275","13":"pa_nopeus-264","14":"pa_paino-322","15":"pa_vakaus-280","16":"pa_valmistajat-innova","17":"pa_vari-oranssi","18":"pa_vari-punainen","20":"first","21":"outofstock","22":"taxable","23":"shipping-taxable","24":"product-type-variable"},"acf":[],"_links":{"self":[{"href":"https:\/\/topdisc.fi\/sv\/wp-json\/wp\/v2\/product\/228778","targetHints":{"allow":["GET"]}}],"collection":[{"href":"https:\/\/topdisc.fi\/sv\/wp-json\/wp\/v2\/product"}],"about":[{"href":"https:\/\/topdisc.fi\/sv\/wp-json\/wp\/v2\/types\/product"}],"replies":[{"embeddable":true,"href":"https:\/\/topdisc.fi\/sv\/wp-json\/wp\/v2\/comments?post=228778"}],"version-history":[{"count":1,"href":"https:\/\/topdisc.fi\/sv\/wp-json\/wp\/v2\/product\/228778\/revisions"}],"predecessor-version":[{"id":261884,"href":"https:\/\/topdisc.fi\/sv\/wp-json\/wp\/v2\/product\/228778\/revisions\/261884"}],"wp:featuredmedia":[{"embeddable":true,"href":"https:\/\/topdisc.fi\/sv\/wp-json\/wp\/v2\/media\/228808"}],"wp:attachment":[{"href":"https:\/\/topdisc.fi\/sv\/wp-json\/wp\/v2\/media?parent=228778"}],"wp:term":[{"taxonomy":"product_brand","embeddable":true,"href":"https:\/\/topdisc.fi\/sv\/wp-json\/wp\/v2\/product_brand?post=228778"},{"taxonomy":"product_cat","embeddable":true,"href":"https:\/\/topdisc.fi\/sv\/wp-json\/wp\/v2\/product_cat?post=228778"},{"taxonomy":"product_tag","embeddable":true,"href":"https:\/\/topdisc.fi\/sv\/wp-json\/wp\/v2\/product_tag?post=228778"}],"curies":[{"name":"wp","href":"https:\/\/api.w.org\/{rel}","templated":true}]}}