{"id":228838,"date":"2024-08-16T16:32:05","date_gmt":"2024-08-16T13:32:05","guid":{"rendered":"https:\/\/topdisc.fi\/?post_type=product&#038;p=228838"},"modified":"2026-01-22T21:22:09","modified_gmt":"2026-01-22T19:22:09","slug":"innova-star-rollo","status":"publish","type":"product","link":"https:\/\/topdisc.fi\/sv\/produkt\/innova-star-rollo\/","title":{"rendered":"Innova Star Rollo"},"content":{"rendered":"<p>Innova Star Rollo<\/p>\n<p>Innova Rollo \u00e4r den perfekta skivan f\u00f6r rullar. Rollo \u00e4r riktigt instabil och klibbig midari, s\u00e5 den \u00e4r \u00e4ven perfekt f\u00f6r nyb\u00f6rjare. Flera mer erfarna spelare har ocks\u00e5 f\u00f6r\u00e4lskat sig i Rollos m\u00e5ngsidighet och den fungerar som en perfekt &quot;gimmickpuck&quot;.<\/p>\n<p><strong>Stj\u00e4rnplast\u00a0<\/strong>\u00e4r en av Innovas mest popul\u00e4ra premiumplastblandningar. Stj\u00e4rnplast \u00e4r slitstarkt som Champion-plast, men det \u00e4r lite mer flexibelt och ser inte igenom. Stj\u00e4rnplast beh\u00e5ller sina flygegenskaper under l\u00e5ng tid och ger dig ett stadigt grepp.<\/p>\n<p><em>Skivans f\u00e4rgton och st\u00e4mpelns f\u00e4rg kanske inte helt matchar produktbilden.<\/em><\/p>","protected":false},"excerpt":{"rendered":"<p class=\"product-title\">Innova Star Rollo<\/p>\n<p>Innova Rollo \u00e4r den perfekta skivan f\u00f6r rullar. Rollo \u00e4r riktigt instabil och klibbig midari, s\u00e5 den \u00e4r \u00e4ven perfekt f\u00f6r nyb\u00f6rjare. Flera mer erfarna spelare har ocks\u00e5 f\u00f6r\u00e4lskat sig i Rollos m\u00e5ngsidighet och den fungerar som en perfekt &quot;gimmickpuck&quot;.<\/p>\n<p><strong>Stj\u00e4rnplast\u00a0<\/strong>\u00e4r en av Innovas mest popul\u00e4ra premiumplastblandningar. Stj\u00e4rnplast \u00e4r slitstarkt som Champion-plast, men det \u00e4r lite mer flexibelt och ser inte igenom. Stj\u00e4rnplast beh\u00e5ller sina flygegenskaper under l\u00e5ng tid och ger dig ett stadigt grepp.<\/p>\n<p><em>Skivans f\u00e4rgton och st\u00e4mpelns f\u00e4rg kanske inte helt matchar produktbilden.<\/em><\/p>","protected":false},"featured_media":228853,"comment_status":"open","ping_status":"closed","template":"","meta":{"_acf_changed":false,"om_disable_all_campaigns":false,"_improvement_type_select":"improve_an_existing","_thumb_yes_seoaic":false,"_frame_yes_seoaic":false,"seoaic_generate_description":"","seoaic_improve_instructions_prompt":"","seoaic_rollback_content_improvement":"","seoaic_idea_thumbnail_generator":"","thumbnail_generated":false,"thumbnail_generate_prompt":"","seoaic_article_description":""},"product_brand":[4854],"product_cat":[1868,1847,1817,73],"product_tag":[],"class_list":{"0":"post-228838","1":"product","2":"type-product","3":"status-publish","4":"has-post-thumbnail","6":"product_brand-innova","7":"product_cat-innova-kaikki","8":"product_cat-uudet-innova-kiekot","9":"product_cat-uudet-kiekot","10":"product_cat-uutuudet","11":"pa_feidi-286","12":"pa_liito-275","13":"pa_nopeus-259","14":"pa_paino-321","15":"pa_paino-331","16":"pa_paino-329","17":"pa_vakaus-278","18":"pa_valmistajat-innova","19":"pa_vari-vaaleanpunainen","20":"pa_vari-vihrea","21":"pa_vari-violetti","23":"first","24":"outofstock","25":"taxable","26":"shipping-taxable","27":"product-type-variable"},"acf":[],"_links":{"self":[{"href":"https:\/\/topdisc.fi\/sv\/wp-json\/wp\/v2\/product\/228838","targetHints":{"allow":["GET"]}}],"collection":[{"href":"https:\/\/topdisc.fi\/sv\/wp-json\/wp\/v2\/product"}],"about":[{"href":"https:\/\/topdisc.fi\/sv\/wp-json\/wp\/v2\/types\/product"}],"replies":[{"embeddable":true,"href":"https:\/\/topdisc.fi\/sv\/wp-json\/wp\/v2\/comments?post=228838"}],"version-history":[{"count":1,"href":"https:\/\/topdisc.fi\/sv\/wp-json\/wp\/v2\/product\/228838\/revisions"}],"predecessor-version":[{"id":261865,"href":"https:\/\/topdisc.fi\/sv\/wp-json\/wp\/v2\/product\/228838\/revisions\/261865"}],"wp:featuredmedia":[{"embeddable":true,"href":"https:\/\/topdisc.fi\/sv\/wp-json\/wp\/v2\/media\/228853"}],"wp:attachment":[{"href":"https:\/\/topdisc.fi\/sv\/wp-json\/wp\/v2\/media?parent=228838"}],"wp:term":[{"taxonomy":"product_brand","embeddable":true,"href":"https:\/\/topdisc.fi\/sv\/wp-json\/wp\/v2\/product_brand?post=228838"},{"taxonomy":"product_cat","embeddable":true,"href":"https:\/\/topdisc.fi\/sv\/wp-json\/wp\/v2\/product_cat?post=228838"},{"taxonomy":"product_tag","embeddable":true,"href":"https:\/\/topdisc.fi\/sv\/wp-json\/wp\/v2\/product_tag?post=228838"}],"curies":[{"name":"wp","href":"https:\/\/api.w.org\/{rel}","templated":true}]}}