{"id":228919,"date":"2024-08-16T17:12:47","date_gmt":"2024-08-16T14:12:47","guid":{"rendered":"https:\/\/topdisc.fi\/?post_type=product&#038;p=228919"},"modified":"2026-01-22T21:22:06","modified_gmt":"2026-01-22T19:22:06","slug":"innova-star-teebird-13","status":"publish","type":"product","link":"https:\/\/topdisc.fi\/sv\/produkt\/innova-star-teebird-13\/","title":{"rendered":"Innova Star Teebird"},"content":{"rendered":"<p>Innova Star Teebird<\/p>\n<p>Teebird \u00e4r k\u00e4nt f\u00f6r sin noggrannhet och tillf\u00f6rlitlighet som fairwayf\u00f6rare. Den kombinerar en rak bana, utm\u00e4rkt glid och hastighet, vilket g\u00f6r den till ett utm\u00e4rkt val f\u00f6r l\u00e5nga kast under en m\u00e4ngd olika f\u00f6rh\u00e5llanden. Denna skiva \u00e4r l\u00e4mplig f\u00f6r b\u00e5de knog- och handflatkast, och erbjuder m\u00e5ngsidighet och kontroll.<\/p>\n<p>Stj\u00e4rnplast \u00e4r en av Innovas mest popul\u00e4ra premiumlegeringar, k\u00e4nd f\u00f6r sin h\u00e5llbarhet och utm\u00e4rkta grepp. J\u00e4mf\u00f6rt med Champion-plast \u00e4r Star-plast n\u00e5got mer flexibelt och t\u00e4ckande, men beh\u00e5ller sina flygegenskaper under l\u00e5ng tid.<\/p>\n<p>Observera att nyanserna p\u00e5 skivan och f\u00e4rgen p\u00e5 st\u00e4mpeln kan skilja sig fr\u00e5n produktbilden.<\/p>","protected":false},"excerpt":{"rendered":"<p>Innova Star Teebird<\/p>\n<p>Teebird \u00e4r k\u00e4nt f\u00f6r sin noggrannhet och tillf\u00f6rlitlighet som fairwayf\u00f6rare. Den kombinerar en rak bana, utm\u00e4rkt glid och hastighet, vilket g\u00f6r den till ett utm\u00e4rkt val f\u00f6r l\u00e5nga kast under en m\u00e4ngd olika f\u00f6rh\u00e5llanden. Denna skiva \u00e4r l\u00e4mplig f\u00f6r b\u00e5de knog- och handflatkast, och erbjuder m\u00e5ngsidighet och kontroll.<\/p>\n<p>Stj\u00e4rnplast \u00e4r en av Innovas mest popul\u00e4ra premiumlegeringar, k\u00e4nd f\u00f6r sin h\u00e5llbarhet och utm\u00e4rkta grepp. J\u00e4mf\u00f6rt med Champion-plast \u00e4r Star-plast n\u00e5got mer flexibelt och t\u00e4ckande, men beh\u00e5ller sina flygegenskaper under l\u00e5ng tid.<\/p>\n<p>Observera att nyanserna p\u00e5 skivan och f\u00e4rgen p\u00e5 st\u00e4mpeln kan skilja sig fr\u00e5n produktbilden.<\/p>","protected":false},"featured_media":228951,"comment_status":"open","ping_status":"closed","template":"","meta":{"_acf_changed":false,"om_disable_all_campaigns":false,"_improvement_type_select":"improve_an_existing","_thumb_yes_seoaic":false,"_frame_yes_seoaic":false,"seoaic_generate_description":"","seoaic_improve_instructions_prompt":"","seoaic_rollback_content_improvement":"","seoaic_idea_thumbnail_generator":"","thumbnail_generated":false,"thumbnail_generate_prompt":"","seoaic_article_description":""},"product_brand":[4854],"product_cat":[1868,1847,1817,73],"product_tag":[],"class_list":{"0":"post-228919","1":"product","2":"type-product","3":"status-publish","4":"has-post-thumbnail","6":"product_brand-innova","7":"product_cat-innova-kaikki","8":"product_cat-uudet-innova-kiekot","9":"product_cat-uudet-kiekot","10":"product_cat-uutuudet","11":"pa_feidi-287","12":"pa_kunto-a-2","13":"pa_liito-274","14":"pa_nopeus-261","15":"pa_paino-322","16":"pa_vakaus-zero","17":"pa_valmistajat-innova","18":"pa_vari-oranssi","19":"pa_vari-valkoinen","20":"pa_vari-violetti","22":"first","23":"outofstock","24":"taxable","25":"shipping-taxable","26":"product-type-variable"},"acf":[],"_links":{"self":[{"href":"https:\/\/topdisc.fi\/sv\/wp-json\/wp\/v2\/product\/228919","targetHints":{"allow":["GET"]}}],"collection":[{"href":"https:\/\/topdisc.fi\/sv\/wp-json\/wp\/v2\/product"}],"about":[{"href":"https:\/\/topdisc.fi\/sv\/wp-json\/wp\/v2\/types\/product"}],"replies":[{"embeddable":true,"href":"https:\/\/topdisc.fi\/sv\/wp-json\/wp\/v2\/comments?post=228919"}],"version-history":[{"count":1,"href":"https:\/\/topdisc.fi\/sv\/wp-json\/wp\/v2\/product\/228919\/revisions"}],"predecessor-version":[{"id":261863,"href":"https:\/\/topdisc.fi\/sv\/wp-json\/wp\/v2\/product\/228919\/revisions\/261863"}],"wp:featuredmedia":[{"embeddable":true,"href":"https:\/\/topdisc.fi\/sv\/wp-json\/wp\/v2\/media\/228951"}],"wp:attachment":[{"href":"https:\/\/topdisc.fi\/sv\/wp-json\/wp\/v2\/media?parent=228919"}],"wp:term":[{"taxonomy":"product_brand","embeddable":true,"href":"https:\/\/topdisc.fi\/sv\/wp-json\/wp\/v2\/product_brand?post=228919"},{"taxonomy":"product_cat","embeddable":true,"href":"https:\/\/topdisc.fi\/sv\/wp-json\/wp\/v2\/product_cat?post=228919"},{"taxonomy":"product_tag","embeddable":true,"href":"https:\/\/topdisc.fi\/sv\/wp-json\/wp\/v2\/product_tag?post=228919"}],"curies":[{"name":"wp","href":"https:\/\/api.w.org\/{rel}","templated":true}]}}