{"id":228984,"date":"2024-08-16T17:46:21","date_gmt":"2024-08-16T14:46:21","guid":{"rendered":"https:\/\/topdisc.fi\/?post_type=product&#038;p=228984"},"modified":"2026-01-22T21:22:05","modified_gmt":"2026-01-22T19:22:05","slug":"innova-halo-star-mamba","status":"publish","type":"product","link":"https:\/\/topdisc.fi\/sv\/produkt\/innova-halo-star-mamba\/","title":{"rendered":"Innova Halo Star Mamba"},"content":{"rendered":"<p>Innova Halo Star Mamba<\/p>\n<p>Innova Mamba \u00e4r en av de mest understabila f\u00f6rarna p\u00e5 marknaden, och erbjuder p\u00e5litlig understabilitet och utm\u00e4rkt glid. F\u00f6r nyb\u00f6rjare l\u00e4gger Mamba enkelt till fler meter till kasten, medan f\u00f6r mer erfarna spelare \u00e4r den ett idealiskt val f\u00f6r kraftigt v\u00e4ltande kast och rullar. Om du letar efter en mycket understabil f\u00f6rare \u00e4r Mamba ett utm\u00e4rkt val.<\/p>\n<p>Halo Star-plast \u00e4r Innovas popul\u00e4ra tv\u00e5f\u00e4rgade premiumplastblandning som erbjuder samma bekv\u00e4ma k\u00e4nsla och h\u00e5llbarhet som Star-plast. Halo Star \u00e4r dock ofta lite stabilare, vilket \u00f6kar kontrollerbarheten, speciellt i h\u00e5rdare kast.<\/p>\n<p>Observera att f\u00e4rgtonen p\u00e5 skivan och f\u00e4rgen p\u00e5 st\u00e4mpeln kan skilja sig fr\u00e5n produktbilden.<\/p>","protected":false},"excerpt":{"rendered":"<p>Innova Halo Star Mamba<\/p>\n<p>Innova Mamba \u00e4r en av de mest understabila f\u00f6rarna p\u00e5 marknaden, och erbjuder p\u00e5litlig understabilitet och utm\u00e4rkt glid. F\u00f6r nyb\u00f6rjare l\u00e4gger Mamba enkelt till fler meter till kasten, medan f\u00f6r mer erfarna spelare \u00e4r den ett idealiskt val f\u00f6r kraftigt v\u00e4ltande kast och rullar. Om du letar efter en mycket understabil f\u00f6rare \u00e4r Mamba ett utm\u00e4rkt val.<\/p>\n<p>Halo Star-plast \u00e4r Innovas popul\u00e4ra tv\u00e5f\u00e4rgade premiumplastblandning som erbjuder samma bekv\u00e4ma k\u00e4nsla och h\u00e5llbarhet som Star-plast. Halo Star \u00e4r dock ofta lite stabilare, vilket \u00f6kar kontrollerbarheten, speciellt i h\u00e5rdare kast.<\/p>\n<p>Observera att f\u00e4rgtonen p\u00e5 skivan och f\u00e4rgen p\u00e5 st\u00e4mpeln kan skilja sig fr\u00e5n produktbilden.<\/p>","protected":false},"featured_media":229011,"comment_status":"open","ping_status":"closed","template":"","meta":{"_acf_changed":false,"om_disable_all_campaigns":false,"_improvement_type_select":"improve_an_existing","_thumb_yes_seoaic":false,"_frame_yes_seoaic":false,"seoaic_generate_description":"","seoaic_improve_instructions_prompt":"","seoaic_rollback_content_improvement":"","seoaic_idea_thumbnail_generator":"","thumbnail_generated":false,"thumbnail_generate_prompt":"","seoaic_article_description":""},"product_brand":[4854],"product_cat":[1868,1847,1817,73],"product_tag":[],"class_list":{"0":"post-228984","1":"product","2":"type-product","3":"status-publish","4":"has-post-thumbnail","6":"product_brand-innova","7":"product_cat-innova-kaikki","8":"product_cat-uudet-innova-kiekot","9":"product_cat-uudet-kiekot","10":"product_cat-uutuudet","11":"pa_feidi-286","12":"pa_liito-275","13":"pa_nopeus-265","14":"pa_paino-320","15":"pa_vakaus-277","16":"pa_valmistajat-innova","17":"pa_vari-musta-valkoinen","18":"pa_vari-oranssi","20":"first","21":"outofstock","22":"taxable","23":"shipping-taxable","24":"product-type-variable"},"acf":[],"_links":{"self":[{"href":"https:\/\/topdisc.fi\/sv\/wp-json\/wp\/v2\/product\/228984","targetHints":{"allow":["GET"]}}],"collection":[{"href":"https:\/\/topdisc.fi\/sv\/wp-json\/wp\/v2\/product"}],"about":[{"href":"https:\/\/topdisc.fi\/sv\/wp-json\/wp\/v2\/types\/product"}],"replies":[{"embeddable":true,"href":"https:\/\/topdisc.fi\/sv\/wp-json\/wp\/v2\/comments?post=228984"}],"version-history":[{"count":1,"href":"https:\/\/topdisc.fi\/sv\/wp-json\/wp\/v2\/product\/228984\/revisions"}],"predecessor-version":[{"id":261861,"href":"https:\/\/topdisc.fi\/sv\/wp-json\/wp\/v2\/product\/228984\/revisions\/261861"}],"wp:featuredmedia":[{"embeddable":true,"href":"https:\/\/topdisc.fi\/sv\/wp-json\/wp\/v2\/media\/229011"}],"wp:attachment":[{"href":"https:\/\/topdisc.fi\/sv\/wp-json\/wp\/v2\/media?parent=228984"}],"wp:term":[{"taxonomy":"product_brand","embeddable":true,"href":"https:\/\/topdisc.fi\/sv\/wp-json\/wp\/v2\/product_brand?post=228984"},{"taxonomy":"product_cat","embeddable":true,"href":"https:\/\/topdisc.fi\/sv\/wp-json\/wp\/v2\/product_cat?post=228984"},{"taxonomy":"product_tag","embeddable":true,"href":"https:\/\/topdisc.fi\/sv\/wp-json\/wp\/v2\/product_tag?post=228984"}],"curies":[{"name":"wp","href":"https:\/\/api.w.org\/{rel}","templated":true}]}}