{"id":229055,"date":"2024-08-17T11:33:59","date_gmt":"2024-08-17T08:33:59","guid":{"rendered":"https:\/\/topdisc.fi\/?post_type=product&#038;p=229055"},"modified":"2026-01-27T17:03:33","modified_gmt":"2026-01-27T15:03:33","slug":"discmania-metal-flake-c-line-md4-prototype-european-open-2024","status":"publish","type":"product","link":"https:\/\/topdisc.fi\/sv\/produkt\/discmania-metal-flake-c-line-md4-prototype-european-open-2024\/","title":{"rendered":"Discmania Metal Flake C-Line MD4 \u2013 Prototyp European Open 2024"},"content":{"rendered":"<p class=\"product-title\">Discmania Metal Flake C-Line MD4 \u2013 Prototyp European Open 2024<\/p>\n<p>MD4 \u00e4r Discmanias stabila men klibbiga midar, som sticker ut s\u00e4rskilt som en lite stabilare version av den popul\u00e4ra MD3-skivan. Denna skiva t\u00e5l \u00e4nnu h\u00e5rdare slag och erbjuder en p\u00e5litlig toning, vilket g\u00f6r den till ett idealiskt val f\u00f6r dem som beh\u00f6ver mer stabilitet i sina kast. MD4 har en trubbig profil och mikrop\u00e4rla, vilket s\u00e4kerst\u00e4ller en behaglig k\u00e4nsla i handen. Trots sin \u00f6verstabilitet erbjuder MD4 ett f\u00f6rv\u00e5nansv\u00e4rt bra glid, vilket m\u00f6jligg\u00f6r m\u00e5ngsidiga gjutlinjer och en l\u00e5ngtg\u00e5ende blekning. Stabiliteten hos pucken g\u00f6r den till ett utm\u00e4rkt verktyg f\u00f6r b\u00e5de motvind och forehands, vilket g\u00f6r den till ett m\u00e5ngsidigt tillskott till alla v\u00e4skor.<\/p>\n<p>Metal Flake C-Line plastblandningen \u00e4r designad f\u00f6r att m\u00f6ta behoven hos \u00e4ven de mest kr\u00e4vande spelarna. Tillverkad i Italien erbjuder plasten f\u00f6rstklassigt grepp, utm\u00e4rkt flygprestanda och f\u00f6rstklassig h\u00e5llbarhet. Metal Flake-effekten l\u00e4gger till sm\u00e5 metallbitar till plasten, vilket ger en elegant gnistra till skivan.<\/p>\n<p>Observera att nyansen p\u00e5 skivan och f\u00e4rgen p\u00e5 st\u00e4mpeln kan skilja sig fr\u00e5n produktbilden.<\/p>","protected":false},"excerpt":{"rendered":"<p class=\"product-title\">Discmania Metal Flake C-Line MD4 \u2013 Prototyp European Open 2024<\/p>\n<p>MD4 \u00e4r Discmanias stabila men klibbiga midar, som sticker ut s\u00e4rskilt som en lite stabilare version av den popul\u00e4ra MD3-skivan. Denna skiva t\u00e5l \u00e4nnu h\u00e5rdare slag och erbjuder en p\u00e5litlig toning, vilket g\u00f6r den till ett idealiskt val f\u00f6r dem som beh\u00f6ver mer stabilitet i sina kast. MD4 har en trubbig profil och mikrop\u00e4rla, vilket s\u00e4kerst\u00e4ller en behaglig k\u00e4nsla i handen. Trots sin \u00f6verstabilitet erbjuder MD4 ett f\u00f6rv\u00e5nansv\u00e4rt bra glid, vilket m\u00f6jligg\u00f6r m\u00e5ngsidiga gjutlinjer och en l\u00e5ngtg\u00e5ende blekning. Stabiliteten hos pucken g\u00f6r den till ett utm\u00e4rkt verktyg f\u00f6r b\u00e5de motvind och forehands, vilket g\u00f6r den till ett m\u00e5ngsidigt tillskott till alla v\u00e4skor.<\/p>\n<p>Metal Flake C-Line plastblandningen \u00e4r designad f\u00f6r att m\u00f6ta behoven hos \u00e4ven de mest kr\u00e4vande spelarna. Tillverkad i Italien erbjuder plasten f\u00f6rstklassigt grepp, utm\u00e4rkt flygprestanda och f\u00f6rstklassig h\u00e5llbarhet. Metal Flake-effekten l\u00e4gger till sm\u00e5 metallbitar till plasten, vilket ger en elegant gnistra till skivan.<\/p>\n<p>Observera att nyansen p\u00e5 skivan och f\u00e4rgen p\u00e5 st\u00e4mpeln kan skilja sig fr\u00e5n produktbilden.<\/p>","protected":false},"featured_media":229060,"comment_status":"open","ping_status":"closed","template":"","meta":{"_acf_changed":false,"om_disable_all_campaigns":false,"_improvement_type_select":"improve_an_existing","_thumb_yes_seoaic":false,"_frame_yes_seoaic":false,"seoaic_generate_description":"","seoaic_improve_instructions_prompt":"","seoaic_rollback_content_improvement":"","seoaic_idea_thumbnail_generator":"","thumbnail_generated":false,"thumbnail_generate_prompt":"","seoaic_article_description":""},"product_brand":[4855],"product_cat":[656,1861,678,1817,73],"product_tag":[1458],"class_list":{"0":"post-229055","1":"product","2":"type-product","3":"status-publish","4":"has-post-thumbnail","6":"product_brand-discmania","7":"product_cat-discmania-kaikki","8":"product_cat-discmania-uudet-kiekot","9":"product_cat-spessut","10":"product_cat-uudet-kiekot","11":"product_cat-uutuudet","12":"product_tag-prototype","13":"pa_feidi-288","14":"pa_kunto-a-2","15":"pa_liito-273","16":"pa_nopeus-259","17":"pa_paino-331","18":"pa_vakaus-zero","19":"pa_vari-harmaa","21":"first","22":"instock","23":"taxable","24":"shipping-taxable","25":"purchasable","26":"product-type-variable"},"acf":[],"_links":{"self":[{"href":"https:\/\/topdisc.fi\/sv\/wp-json\/wp\/v2\/product\/229055","targetHints":{"allow":["GET"]}}],"collection":[{"href":"https:\/\/topdisc.fi\/sv\/wp-json\/wp\/v2\/product"}],"about":[{"href":"https:\/\/topdisc.fi\/sv\/wp-json\/wp\/v2\/types\/product"}],"replies":[{"embeddable":true,"href":"https:\/\/topdisc.fi\/sv\/wp-json\/wp\/v2\/comments?post=229055"}],"version-history":[{"count":1,"href":"https:\/\/topdisc.fi\/sv\/wp-json\/wp\/v2\/product\/229055\/revisions"}],"predecessor-version":[{"id":263840,"href":"https:\/\/topdisc.fi\/sv\/wp-json\/wp\/v2\/product\/229055\/revisions\/263840"}],"wp:featuredmedia":[{"embeddable":true,"href":"https:\/\/topdisc.fi\/sv\/wp-json\/wp\/v2\/media\/229060"}],"wp:attachment":[{"href":"https:\/\/topdisc.fi\/sv\/wp-json\/wp\/v2\/media?parent=229055"}],"wp:term":[{"taxonomy":"product_brand","embeddable":true,"href":"https:\/\/topdisc.fi\/sv\/wp-json\/wp\/v2\/product_brand?post=229055"},{"taxonomy":"product_cat","embeddable":true,"href":"https:\/\/topdisc.fi\/sv\/wp-json\/wp\/v2\/product_cat?post=229055"},{"taxonomy":"product_tag","embeddable":true,"href":"https:\/\/topdisc.fi\/sv\/wp-json\/wp\/v2\/product_tag?post=229055"}],"curies":[{"name":"wp","href":"https:\/\/api.w.org\/{rel}","templated":true}]}}