{"id":229063,"date":"2024-08-17T11:49:41","date_gmt":"2024-08-17T08:49:41","guid":{"rendered":"https:\/\/topdisc.fi\/?post_type=product&#038;p=229063"},"modified":"2026-01-27T17:03:32","modified_gmt":"2026-01-27T15:03:32","slug":"discmania-neo-fd-night-stone-mystery-box-special-edition-4","status":"publish","type":"product","link":"https:\/\/topdisc.fi\/sv\/produkt\/discmania-neo-fd-night-stone-mystery-box-special-edition-4\/","title":{"rendered":"Discmania Neo FD - Night Stone - Mystery Box Special Edition"},"content":{"rendered":"<p>Discmania Neo FD - Night Stone - Mystery Box Special Edition<\/p>\n<p>FD \u00e4r Discmanias mest popul\u00e4ra och den f\u00f6rsta fairwayf\u00f6raren som uppn\u00e5r legendarisk status p\u00e5 skivmarknaden. Denna puck \u00e4r en av de mest s\u00e5lda modellerna, och dess raka flygbana, utm\u00e4rkta flygegenskaper och kontrollerbarhet g\u00f6r den till ett absolut val f\u00f6r varje spelares v\u00e4ska. FD \u00e4r det perfekta valet f\u00f6r nyb\u00f6rjare som en stabil och p\u00e5litlig f\u00f6rare, medan erfarna spelare kommer att uppskatta noggrannheten och kontrollerbarheten den erbjuder i olika kast.<\/p>\n<p>Neoplast \u00e4r det mest h\u00e5llbara och styva plastmaterialet i Evolution-serien, som \u00e4r h\u00f6gkvalitativt, halvtransparent och flexibelt. Denna plast ser inte bara bra ut, utan erbjuder ocks\u00e5 utm\u00e4rkt grepp och h\u00e5llbarhet, vilket g\u00f6r den till ett idealiskt val f\u00f6r en m\u00e4ngd olika spelsituationer.<\/p>\n<p>Observera att f\u00e4rgtonen p\u00e5 skivan och f\u00e4rgen p\u00e5 st\u00e4mpeln kan skilja sig fr\u00e5n produktbilden.<\/p>","protected":false},"excerpt":{"rendered":"<p>Discmania Neo FD - Night Stone - Mystery Box Special Edition<\/p>\n<p>FD \u00e4r Discmanias mest popul\u00e4ra och den f\u00f6rsta fairwayf\u00f6raren som uppn\u00e5r legendarisk status p\u00e5 skivmarknaden. Denna puck \u00e4r en av de mest s\u00e5lda modellerna, och dess raka flygbana, utm\u00e4rkta flygegenskaper och kontrollerbarhet g\u00f6r den till ett absolut val f\u00f6r varje spelares v\u00e4ska. FD \u00e4r det perfekta valet f\u00f6r nyb\u00f6rjare som en stabil och p\u00e5litlig f\u00f6rare, medan erfarna spelare kommer att uppskatta noggrannheten och kontrollerbarheten den erbjuder i olika kast.<\/p>\n<p>Neoplast \u00e4r det mest h\u00e5llbara och styva plastmaterialet i Evolution-serien, som \u00e4r h\u00f6gkvalitativt, halvtransparent och flexibelt. Denna plast ser inte bara bra ut, utan erbjuder ocks\u00e5 utm\u00e4rkt grepp och h\u00e5llbarhet, vilket g\u00f6r den till ett idealiskt val f\u00f6r en m\u00e4ngd olika spelsituationer.<\/p>\n<p>Observera att f\u00e4rgtonen p\u00e5 skivan och f\u00e4rgen p\u00e5 st\u00e4mpeln kan skilja sig fr\u00e5n produktbilden.<\/p>","protected":false},"featured_media":229066,"comment_status":"open","ping_status":"closed","template":"","meta":{"_acf_changed":false,"om_disable_all_campaigns":false,"_improvement_type_select":"improve_an_existing","_thumb_yes_seoaic":false,"_frame_yes_seoaic":false,"seoaic_generate_description":"","seoaic_improve_instructions_prompt":"","seoaic_rollback_content_improvement":"","seoaic_idea_thumbnail_generator":"","thumbnail_generated":false,"thumbnail_generate_prompt":"","seoaic_article_description":""},"product_brand":[4855],"product_cat":[2625,656,1861,678,1817,73],"product_tag":[],"class_list":{"0":"post-229063","1":"product","2":"type-product","3":"status-publish","4":"has-post-thumbnail","6":"product_brand-discmania","7":"product_cat-valmistajat","8":"product_cat-discmania-kaikki","9":"product_cat-discmania-uudet-kiekot","10":"product_cat-spessut","11":"product_cat-uudet-kiekot","12":"product_cat-uutuudet","13":"pa_feidi-286","14":"pa_kunto-a-2","15":"pa_liito-275","16":"pa_nopeus-261","17":"pa_paino-324","18":"pa_paino-325","19":"pa_vakaus-zero","20":"pa_vari-punainen","21":"pa_vari-violetti","23":"first","24":"instock","25":"taxable","26":"shipping-taxable","27":"purchasable","28":"product-type-variable"},"acf":[],"_links":{"self":[{"href":"https:\/\/topdisc.fi\/sv\/wp-json\/wp\/v2\/product\/229063","targetHints":{"allow":["GET"]}}],"collection":[{"href":"https:\/\/topdisc.fi\/sv\/wp-json\/wp\/v2\/product"}],"about":[{"href":"https:\/\/topdisc.fi\/sv\/wp-json\/wp\/v2\/types\/product"}],"replies":[{"embeddable":true,"href":"https:\/\/topdisc.fi\/sv\/wp-json\/wp\/v2\/comments?post=229063"}],"version-history":[{"count":1,"href":"https:\/\/topdisc.fi\/sv\/wp-json\/wp\/v2\/product\/229063\/revisions"}],"predecessor-version":[{"id":263839,"href":"https:\/\/topdisc.fi\/sv\/wp-json\/wp\/v2\/product\/229063\/revisions\/263839"}],"wp:featuredmedia":[{"embeddable":true,"href":"https:\/\/topdisc.fi\/sv\/wp-json\/wp\/v2\/media\/229066"}],"wp:attachment":[{"href":"https:\/\/topdisc.fi\/sv\/wp-json\/wp\/v2\/media?parent=229063"}],"wp:term":[{"taxonomy":"product_brand","embeddable":true,"href":"https:\/\/topdisc.fi\/sv\/wp-json\/wp\/v2\/product_brand?post=229063"},{"taxonomy":"product_cat","embeddable":true,"href":"https:\/\/topdisc.fi\/sv\/wp-json\/wp\/v2\/product_cat?post=229063"},{"taxonomy":"product_tag","embeddable":true,"href":"https:\/\/topdisc.fi\/sv\/wp-json\/wp\/v2\/product_tag?post=229063"}],"curies":[{"name":"wp","href":"https:\/\/api.w.org\/{rel}","templated":true}]}}