{"id":229110,"date":"2024-08-17T14:31:56","date_gmt":"2024-08-17T11:31:56","guid":{"rendered":"https:\/\/topdisc.fi\/?post_type=product&#038;p=229110"},"modified":"2026-01-27T17:03:32","modified_gmt":"2026-01-27T15:03:32","slug":"discmania-lux-vapor-fd1-rage-stone-mystery-box-special-edition","status":"publish","type":"product","link":"https:\/\/topdisc.fi\/sv\/produkt\/discmania-lux-vapor-fd1-rage-stone-mystery-box-special-edition\/","title":{"rendered":"Discmania Lux Vapor FD1 - Rage Stone - Mystery Box Special Edition"},"content":{"rendered":"<p class=\"product-title\">Discmania Lux Vapor FD1 - Rage Stone - Mystery Box Special Edition<\/p>\n<p>FD1 \u00e4r en bussf\u00f6rare i Originals-serien utformad f\u00f6r att fylla gapet mellan v\u00e5ra FD- och FD3-skivor. En stabil flygning med en p\u00e5litlig fade i slutet \u00e4r den perfekta kombinationen av noggrannhet i fairways.<\/p>\n<p>H\u00e4r \u00e4r FD1, v\u00e5r mest omfattande linje av busschauff\u00f6rer i Originals-serien.<\/p>\n<p>FD1 \u00e4r mycket lyh\u00f6rd f\u00f6r hastighet och vridmoment, vilket inneb\u00e4r att den kan kastas h\u00e5rt och bibeh\u00e5ller en rak och konsekvent bana som slutar i en mjuk toning. Pucken har tillr\u00e4ckligt med \u00f6verstabilitet f\u00f6r att st\u00e5 emot vind, forcerade mulet och en m\u00e4ngd olika starka startvinklar, samtidigt som kastk\u00e4nslan f\u00f6r en mindre stabil puck normalt bibeh\u00e5lls. Du kan lita p\u00e5 att den hj\u00e4lper dig ur tr\u00e5nga st\u00e4llen, navigerar i utmanande k\u00f6rf\u00e4lt och \u00f6vervinner alla f\u00f6rh\u00e5llanden n\u00e4r som helst.<\/p>\n<p>Bra f\u00f6r: Raka fairway-skott, hyzer-slag, flex-skott, forehand-skott, bl\u00e5siga dagar, avancerade och proffsspelare.<\/p>\n<p>Observera att f\u00e4rgtonen p\u00e5 skivan och f\u00e4rgen p\u00e5 st\u00e4mpeln kan skilja sig fr\u00e5n produktbilden.<\/p>","protected":false},"excerpt":{"rendered":"<p class=\"product-title\">Discmania Lux Vapor FD1 - Rage Stone - Mystery Box Special Edition<\/p>\n<p>FD1 \u00e4r en bussf\u00f6rare i Originals-serien utformad f\u00f6r att fylla gapet mellan v\u00e5ra FD- och FD3-skivor. En stabil flygning med en p\u00e5litlig fade i slutet \u00e4r den perfekta kombinationen av noggrannhet i fairways.<\/p>\n<p>H\u00e4r \u00e4r FD1, v\u00e5r mest omfattande linje av busschauff\u00f6rer i Originals-serien.<\/p>\n<p>FD1 \u00e4r mycket lyh\u00f6rd f\u00f6r hastighet och vridmoment, vilket inneb\u00e4r att den kan kastas h\u00e5rt och bibeh\u00e5ller en rak och konsekvent bana som slutar i en mjuk toning. Pucken har tillr\u00e4ckligt med \u00f6verstabilitet f\u00f6r att st\u00e5 emot vind, forcerade mulet och en m\u00e4ngd olika starka startvinklar, samtidigt som kastk\u00e4nslan f\u00f6r en mindre stabil puck normalt bibeh\u00e5lls. Du kan lita p\u00e5 att den hj\u00e4lper dig ur tr\u00e5nga st\u00e4llen, navigerar i utmanande k\u00f6rf\u00e4lt och \u00f6vervinner alla f\u00f6rh\u00e5llanden n\u00e4r som helst.<\/p>\n<p>Bra f\u00f6r: Raka fairway-skott, hyzer-slag, flex-skott, forehand-skott, bl\u00e5siga dagar, avancerade och proffsspelare.<\/p>\n<p>Observera att f\u00e4rgtonen p\u00e5 skivan och f\u00e4rgen p\u00e5 st\u00e4mpeln kan skilja sig fr\u00e5n produktbilden.<\/p>","protected":false},"featured_media":229112,"comment_status":"open","ping_status":"closed","template":"","meta":{"_acf_changed":false,"om_disable_all_campaigns":false,"_improvement_type_select":"improve_an_existing","_thumb_yes_seoaic":false,"_frame_yes_seoaic":false,"seoaic_generate_description":"","seoaic_improve_instructions_prompt":"","seoaic_rollback_content_improvement":"","seoaic_idea_thumbnail_generator":"","thumbnail_generated":false,"thumbnail_generate_prompt":"","seoaic_article_description":""},"product_brand":[4855],"product_cat":[2625,656,1861,1817,73],"product_tag":[],"class_list":{"0":"post-229110","1":"product","2":"type-product","3":"status-publish","4":"has-post-thumbnail","6":"product_brand-discmania","7":"product_cat-valmistajat","8":"product_cat-discmania-kaikki","9":"product_cat-discmania-uudet-kiekot","10":"product_cat-uudet-kiekot","11":"product_cat-uutuudet","12":"pa_feidi-287","13":"pa_kunto-a-2","14":"pa_liito-273","15":"pa_nopeus-261","16":"pa_vakaus-zero","17":"pa_vari-sininen","18":"pa_vari-violetti","20":"first","21":"instock","22":"taxable","23":"shipping-taxable","24":"purchasable","25":"product-type-variable"},"acf":[],"_links":{"self":[{"href":"https:\/\/topdisc.fi\/sv\/wp-json\/wp\/v2\/product\/229110","targetHints":{"allow":["GET"]}}],"collection":[{"href":"https:\/\/topdisc.fi\/sv\/wp-json\/wp\/v2\/product"}],"about":[{"href":"https:\/\/topdisc.fi\/sv\/wp-json\/wp\/v2\/types\/product"}],"replies":[{"embeddable":true,"href":"https:\/\/topdisc.fi\/sv\/wp-json\/wp\/v2\/comments?post=229110"}],"version-history":[{"count":1,"href":"https:\/\/topdisc.fi\/sv\/wp-json\/wp\/v2\/product\/229110\/revisions"}],"predecessor-version":[{"id":263838,"href":"https:\/\/topdisc.fi\/sv\/wp-json\/wp\/v2\/product\/229110\/revisions\/263838"}],"wp:featuredmedia":[{"embeddable":true,"href":"https:\/\/topdisc.fi\/sv\/wp-json\/wp\/v2\/media\/229112"}],"wp:attachment":[{"href":"https:\/\/topdisc.fi\/sv\/wp-json\/wp\/v2\/media?parent=229110"}],"wp:term":[{"taxonomy":"product_brand","embeddable":true,"href":"https:\/\/topdisc.fi\/sv\/wp-json\/wp\/v2\/product_brand?post=229110"},{"taxonomy":"product_cat","embeddable":true,"href":"https:\/\/topdisc.fi\/sv\/wp-json\/wp\/v2\/product_cat?post=229110"},{"taxonomy":"product_tag","embeddable":true,"href":"https:\/\/topdisc.fi\/sv\/wp-json\/wp\/v2\/product_tag?post=229110"}],"curies":[{"name":"wp","href":"https:\/\/api.w.org\/{rel}","templated":true}]}}