{"id":229391,"date":"2024-08-18T10:11:35","date_gmt":"2024-08-18T07:11:35","guid":{"rendered":"https:\/\/topdisc.fi\/?post_type=product&#038;p=229391"},"modified":"2026-01-27T17:49:52","modified_gmt":"2026-01-27T15:49:52","slug":"prodigy-500-spectrum-a2-vaino-makela","status":"publish","type":"product","link":"https:\/\/topdisc.fi\/sv\/produkt\/prodigy-500-spectrum-a2-vaino-makela\/","title":{"rendered":"Prodigy 500 Spectrum A2 \u2013 V\u00e4in\u00f6 M\u00e4kel\u00e4"},"content":{"rendered":"<div class=\"product-block product-block--title product-block--first\">\n<p class=\"product-title\">Prodigy 500 Spectrum A2 \u2013 V\u00e4in\u00f6 M\u00e4kel\u00e4<\/p>\n<\/div>\n<div class=\"product-block product-block--@app\">\n<div class=\"product-app\">\n<div id=\"shopify-block-9e325b76-d98f-4266-9cc8-5668225c2051\" class=\"shopify-block shopify-app-block\">Flygv\u00e4rden: 4 4 0 3<\/div>\n<\/div>\n<\/div>\n<p>Skick: A<\/p>\n<p>Vikt: 173g<\/p>\n<p>Mark\u00f6rer: -<\/p>","protected":false},"excerpt":{"rendered":"<div class=\"product-block product-block--title product-block--first\">\n<p class=\"product-title\">Prodigy 500 Spectrum A2 \u2013 V\u00e4in\u00f6 M\u00e4kel\u00e4<\/p>\n<\/div>\n<div class=\"product-block product-block--@app\">\n<div class=\"product-app\">\n<div id=\"shopify-block-9e325b76-d98f-4266-9cc8-5668225c2051\" class=\"shopify-block shopify-app-block\">Flygv\u00e4rden: 4 4 0 3<\/div>\n<\/div>\n<\/div>\n<p>Skick: A<\/p>\n<p>Vikt: 173g<\/p>\n<p>Mark\u00f6rer: -<\/p>","protected":false},"featured_media":230376,"comment_status":"open","ping_status":"closed","template":"","meta":{"_acf_changed":false,"om_disable_all_campaigns":false,"_improvement_type_select":"improve_an_existing","_thumb_yes_seoaic":false,"_frame_yes_seoaic":false,"seoaic_generate_description":"","seoaic_improve_instructions_prompt":"","seoaic_rollback_content_improvement":"","seoaic_idea_thumbnail_generator":"","thumbnail_generated":false,"thumbnail_generate_prompt":"","seoaic_article_description":""},"product_brand":[4872],"product_cat":[1806,368,1811,1900,1823,1854,1852,2621,369,678,2625],"product_tag":[3002,569],"class_list":{"0":"post-229391","1":"product","2":"type-product","3":"status-publish","4":"has-post-thumbnail","6":"product_brand-prodigy-disc","7":"product_cat-kaytetyt-frisbeegolfkiekot","8":"product_cat-lahestymiskiekot","9":"product_cat-midarit","10":"product_cat-prodigy-kaikki-kiekot","11":"product_cat-prodigy-kaytetyt-frisbeegolfkiekot-2","12":"product_cat-prodigy-kaytetyt-midarit-prodigy-kaytetyt-frisbeegolfkiekot-2","13":"product_cat-prodigy-kaytetyt-spesiaalikiekot-prodigy-kaytetyt-frisbeegolfkiekot-2","14":"product_cat-restockit","15":"product_cat-signature-kiekot","16":"product_cat-spessut","17":"product_cat-valmistajat","18":"product_tag-lahestymis","19":"product_tag-ylivakaa","20":"pa_feidi-288","21":"pa_kunto-a-2","22":"pa_liito-273","23":"pa_nopeus-258","24":"pa_paino-324","25":"pa_vakaus-zero","26":"pa_valmistajat-prodigy-discs","28":"first","29":"instock","30":"shipping-taxable","31":"purchasable","32":"product-type-simple"},"acf":[],"_links":{"self":[{"href":"https:\/\/topdisc.fi\/sv\/wp-json\/wp\/v2\/product\/229391","targetHints":{"allow":["GET"]}}],"collection":[{"href":"https:\/\/topdisc.fi\/sv\/wp-json\/wp\/v2\/product"}],"about":[{"href":"https:\/\/topdisc.fi\/sv\/wp-json\/wp\/v2\/types\/product"}],"replies":[{"embeddable":true,"href":"https:\/\/topdisc.fi\/sv\/wp-json\/wp\/v2\/comments?post=229391"}],"version-history":[{"count":1,"href":"https:\/\/topdisc.fi\/sv\/wp-json\/wp\/v2\/product\/229391\/revisions"}],"predecessor-version":[{"id":257414,"href":"https:\/\/topdisc.fi\/sv\/wp-json\/wp\/v2\/product\/229391\/revisions\/257414"}],"wp:featuredmedia":[{"embeddable":true,"href":"https:\/\/topdisc.fi\/sv\/wp-json\/wp\/v2\/media\/230376"}],"wp:attachment":[{"href":"https:\/\/topdisc.fi\/sv\/wp-json\/wp\/v2\/media?parent=229391"}],"wp:term":[{"taxonomy":"product_brand","embeddable":true,"href":"https:\/\/topdisc.fi\/sv\/wp-json\/wp\/v2\/product_brand?post=229391"},{"taxonomy":"product_cat","embeddable":true,"href":"https:\/\/topdisc.fi\/sv\/wp-json\/wp\/v2\/product_cat?post=229391"},{"taxonomy":"product_tag","embeddable":true,"href":"https:\/\/topdisc.fi\/sv\/wp-json\/wp\/v2\/product_tag?post=229391"}],"curies":[{"name":"wp","href":"https:\/\/api.w.org\/{rel}","templated":true}]}}