{"id":229493,"date":"2024-08-19T17:09:57","date_gmt":"2024-08-19T14:09:57","guid":{"rendered":"https:\/\/topdisc.fi\/?post_type=product&#038;p=229493"},"modified":"2026-01-27T18:32:58","modified_gmt":"2026-01-27T16:32:58","slug":"kastaplast-k1-grym-x","status":"publish","type":"product","link":"https:\/\/topdisc.fi\/sv\/produkt\/kastaplast-k1-grym-x\/","title":{"rendered":"Kastaplast K1 Grym x"},"content":{"rendered":"<p>Kastaplast K1 Grym x<\/p>\n<p>Flygv\u00e4rden: 12 5 -1 3<\/p>\n<p>Grym X \u00e4r designad f\u00f6r att vara den prim\u00e4ra drivkraften f\u00f6r erfarna spelare, och levererar tillf\u00f6rlitlig l\u00e5ng tid efter g\u00e5ng.<\/p>\n<p><strong><em>F\u00e4rgen p\u00e5 skivan och tonen p\u00e5 st\u00e4mpeln kan skilja sig fr\u00e5n produktbilden.<\/em><\/strong><\/p>","protected":false},"excerpt":{"rendered":"<p>Kastaplast K1 Grym x<\/p>\n<p>Flygv\u00e4rden: 12 5 -1 3<\/p>\n<p>Grym X \u00e4r designad f\u00f6r att vara den prim\u00e4ra drivkraften f\u00f6r erfarna spelare, och levererar tillf\u00f6rlitlig l\u00e5ng tid efter g\u00e5ng.<\/p>\n<p><strong><em>F\u00e4rgen p\u00e5 skivan och tonen p\u00e5 st\u00e4mpeln kan skilja sig fr\u00e5n produktbilden.<\/em><\/strong><\/p>","protected":false},"featured_media":229495,"comment_status":"open","ping_status":"closed","template":"","meta":{"_acf_changed":false,"om_disable_all_campaigns":false,"_improvement_type_select":"improve_an_existing","_thumb_yes_seoaic":false,"_frame_yes_seoaic":false,"seoaic_generate_description":"","seoaic_improve_instructions_prompt":"","seoaic_rollback_content_improvement":"","seoaic_idea_thumbnail_generator":"","thumbnail_generated":false,"thumbnail_generate_prompt":"","seoaic_article_description":""},"product_brand":[4870],"product_cat":[3022,1817,73],"product_tag":[],"class_list":{"0":"post-229493","1":"product","2":"type-product","3":"status-publish","4":"has-post-thumbnail","6":"product_brand-kastaplast","7":"product_cat-kastaplast-uudet-kiekot","8":"product_cat-uudet-kiekot","9":"product_cat-uutuudet","10":"pa_feidi-288","11":"pa_kunto-a-2","12":"pa_liito-274","13":"pa_nopeus-266","14":"pa_paino-321","15":"pa_vakaus-281","16":"pa_vari-oranssi","18":"first","19":"instock","20":"taxable","21":"shipping-taxable","22":"purchasable","23":"product-type-variable"},"acf":[],"_links":{"self":[{"href":"https:\/\/topdisc.fi\/sv\/wp-json\/wp\/v2\/product\/229493","targetHints":{"allow":["GET"]}}],"collection":[{"href":"https:\/\/topdisc.fi\/sv\/wp-json\/wp\/v2\/product"}],"about":[{"href":"https:\/\/topdisc.fi\/sv\/wp-json\/wp\/v2\/types\/product"}],"replies":[{"embeddable":true,"href":"https:\/\/topdisc.fi\/sv\/wp-json\/wp\/v2\/comments?post=229493"}],"version-history":[{"count":1,"href":"https:\/\/topdisc.fi\/sv\/wp-json\/wp\/v2\/product\/229493\/revisions"}],"predecessor-version":[{"id":264294,"href":"https:\/\/topdisc.fi\/sv\/wp-json\/wp\/v2\/product\/229493\/revisions\/264294"}],"wp:featuredmedia":[{"embeddable":true,"href":"https:\/\/topdisc.fi\/sv\/wp-json\/wp\/v2\/media\/229495"}],"wp:attachment":[{"href":"https:\/\/topdisc.fi\/sv\/wp-json\/wp\/v2\/media?parent=229493"}],"wp:term":[{"taxonomy":"product_brand","embeddable":true,"href":"https:\/\/topdisc.fi\/sv\/wp-json\/wp\/v2\/product_brand?post=229493"},{"taxonomy":"product_cat","embeddable":true,"href":"https:\/\/topdisc.fi\/sv\/wp-json\/wp\/v2\/product_cat?post=229493"},{"taxonomy":"product_tag","embeddable":true,"href":"https:\/\/topdisc.fi\/sv\/wp-json\/wp\/v2\/product_tag?post=229493"}],"curies":[{"name":"wp","href":"https:\/\/api.w.org\/{rel}","templated":true}]}}