{"id":229509,"date":"2024-08-20T12:49:57","date_gmt":"2024-08-20T09:49:57","guid":{"rendered":"https:\/\/topdisc.fi\/?post_type=product&#038;p=229509"},"modified":"2026-03-09T15:15:55","modified_gmt":"2026-03-09T13:15:55","slug":"westside-discs-vip-moonshine-harp","status":"publish","type":"product","link":"https:\/\/topdisc.fi\/sv\/produkt\/westside-discs-vip-moonshine-harp\/","title":{"rendered":"Westside Discs VIP Moonshine Harp &#8211; 2x Ricky Wysocki Signature Series"},"content":{"rendered":"<p>Westside Discs VIP Moonshine Harp &#8211; 2x Ricky Wysocki Signature Series<\/p>\n<p>Westside Discs Harp (Kannel) \u00e4r p\u00e5litlig och en av de mest popul\u00e4ra approach-skivorna. Harpa \u00e4r designad f\u00f6r att klara alla slags f\u00f6rh\u00e5llanden. Vid h\u00f6ga draghastigheter flyger Harpan rakt, men du kan lita p\u00e5 dess blekning och stabilitet. Vid l\u00e4gre kasthastigheter fungerar Harpan som en extremt stabil ansatspuck.<\/p>\n<p><strong>Vip Moonshine plast<\/strong>\u00a0\u00e4r en transparent, h\u00e5llbar och gl\u00f6dande premiumplast! Skivor gjorda av VIP-plast beh\u00e5ller sina flygegenskaper och tillf\u00f6rlitlighet under l\u00e5ng tid. Denna plast \u00e4r l\u00e4mplig f\u00f6r b\u00e5de amat\u00f6rer och professionella spelare.<\/p>\n<p><em>Skivans f\u00e4rgton och st\u00e4mpelns f\u00e4rg kanske inte helt matchar produktbilden.<\/em><\/p>","protected":false},"excerpt":{"rendered":"<p>Westside Discs VIP Moonshine Harp &#8211; 2x Ricky Wysocki Signature Series<\/p>\n<p>Westside Discs Harp (Kannel) \u00e4r p\u00e5litlig och en av de mest popul\u00e4ra approach-skivorna. Harpa \u00e4r designad f\u00f6r att klara alla slags f\u00f6rh\u00e5llanden. Vid h\u00f6ga draghastigheter flyger Harpan rakt, men du kan lita p\u00e5 dess blekning och stabilitet. Vid l\u00e4gre kasthastigheter fungerar Harpan som en extremt stabil ansatspuck.<\/p>\n<p><strong>Vip Moonshine plast<\/strong>\u00a0\u00e4r en transparent, h\u00e5llbar och gl\u00f6dande premiumplast! Skivor gjorda av VIP-plast beh\u00e5ller sina flygegenskaper och tillf\u00f6rlitlighet under l\u00e5ng tid. Denna plast \u00e4r l\u00e4mplig f\u00f6r b\u00e5de amat\u00f6rer och professionella spelare.<\/p>\n<p><em>Skivans f\u00e4rgton och st\u00e4mpelns f\u00e4rg kanske inte helt matchar produktbilden.<\/em><\/p>","protected":false},"featured_media":252791,"comment_status":"open","ping_status":"closed","template":"","meta":{"_acf_changed":false,"om_disable_all_campaigns":false,"_improvement_type_select":"improve_an_existing","_thumb_yes_seoaic":false,"_frame_yes_seoaic":false,"seoaic_generate_description":"","seoaic_improve_instructions_prompt":"","seoaic_rollback_content_improvement":"","seoaic_idea_thumbnail_generator":"","thumbnail_generated":false,"thumbnail_generate_prompt":"","seoaic_article_description":""},"product_brand":[4875],"product_cat":[366,369,678,1817,73,2625,4339,1837],"product_tag":[4862,3002,1264,569],"class_list":{"0":"post-229509","1":"product","2":"type-product","3":"status-publish","4":"has-post-thumbnail","6":"product_brand-westside-discs","7":"product_cat-glowit","8":"product_cat-signature-kiekot","9":"product_cat-spessut","10":"product_cat-uudet-kiekot","11":"product_cat-uutuudet","12":"product_cat-valmistajat","13":"product_cat-westside-discs","14":"product_cat-westside-discs-new-uudet-frisbeegolfkiekot-2","15":"product_tag-glow","16":"product_tag-lahestymis","17":"product_tag-overstable","18":"product_tag-ylivakaa","19":"pa_feidi-288","20":"pa_kunto-a-2","21":"pa_liito-272","22":"pa_nopeus-258","23":"pa_vakaus-zero","24":"pa_valmistajat-westside-discs","26":"first","27":"instock","28":"taxable","29":"shipping-taxable","30":"purchasable","31":"product-type-variable"},"acf":[],"_links":{"self":[{"href":"https:\/\/topdisc.fi\/sv\/wp-json\/wp\/v2\/product\/229509","targetHints":{"allow":["GET"]}}],"collection":[{"href":"https:\/\/topdisc.fi\/sv\/wp-json\/wp\/v2\/product"}],"about":[{"href":"https:\/\/topdisc.fi\/sv\/wp-json\/wp\/v2\/types\/product"}],"replies":[{"embeddable":true,"href":"https:\/\/topdisc.fi\/sv\/wp-json\/wp\/v2\/comments?post=229509"}],"version-history":[{"count":1,"href":"https:\/\/topdisc.fi\/sv\/wp-json\/wp\/v2\/product\/229509\/revisions"}],"predecessor-version":[{"id":261309,"href":"https:\/\/topdisc.fi\/sv\/wp-json\/wp\/v2\/product\/229509\/revisions\/261309"}],"wp:featuredmedia":[{"embeddable":true,"href":"https:\/\/topdisc.fi\/sv\/wp-json\/wp\/v2\/media\/252791"}],"wp:attachment":[{"href":"https:\/\/topdisc.fi\/sv\/wp-json\/wp\/v2\/media?parent=229509"}],"wp:term":[{"taxonomy":"product_brand","embeddable":true,"href":"https:\/\/topdisc.fi\/sv\/wp-json\/wp\/v2\/product_brand?post=229509"},{"taxonomy":"product_cat","embeddable":true,"href":"https:\/\/topdisc.fi\/sv\/wp-json\/wp\/v2\/product_cat?post=229509"},{"taxonomy":"product_tag","embeddable":true,"href":"https:\/\/topdisc.fi\/sv\/wp-json\/wp\/v2\/product_tag?post=229509"}],"curies":[{"name":"wp","href":"https:\/\/api.w.org\/{rel}","templated":true}]}}