{"id":229707,"date":"2024-08-22T09:58:55","date_gmt":"2024-08-22T06:58:55","guid":{"rendered":"https:\/\/topdisc.fi\/?post_type=product&#038;p=229707"},"modified":"2026-03-09T15:15:54","modified_gmt":"2026-03-09T13:15:54","slug":"westside-discs-vip-harp-ricky-wysocki-2x-world-champion-2","status":"publish","type":"product","link":"https:\/\/topdisc.fi\/sv\/produkt\/westside-discs-vip-harp-ricky-wysocki-2x-world-champion-2\/","title":{"rendered":"Westside Discs Vip Harp - Ricky Wysocki - 2x v\u00e4rldsm\u00e4stare"},"content":{"rendered":"<p>Westside Discs Vip Harp - Ricky Wysocki - 2x v\u00e4rldsm\u00e4stare<\/p>\n<p>Flygv\u00e4rden: 4 3 0 3<\/p>\n<p>Skick: A<\/p>\n<p>Vikt: 176g<\/p>\n<p>Mark\u00f6rer: -<\/p>","protected":false},"excerpt":{"rendered":"<p>Westside Discs Vip Harp - Ricky Wysocki - 2x v\u00e4rldsm\u00e4stare<\/p>\n<p>Flygv\u00e4rden: 4 3 0 3<\/p>\n<p>Skick: A<\/p>\n<p>Vikt: 176g<\/p>\n<p>Mark\u00f6rer: -<\/p>","protected":false},"featured_media":230566,"comment_status":"open","ping_status":"closed","template":"","meta":{"_acf_changed":false,"om_disable_all_campaigns":false,"_improvement_type_select":"improve_an_existing","_thumb_yes_seoaic":false,"_frame_yes_seoaic":false,"seoaic_generate_description":"","seoaic_improve_instructions_prompt":"","seoaic_rollback_content_improvement":"","seoaic_idea_thumbnail_generator":"","thumbnail_generated":false,"thumbnail_generate_prompt":"","seoaic_article_description":""},"product_brand":[4875],"product_cat":[4670,1806,1811,2621,369,2625,1836],"product_tag":[],"class_list":{"0":"post-229707","1":"product","2":"type-product","3":"status-publish","4":"has-post-thumbnail","6":"product_brand-westside-discs","7":"product_cat-inv","8":"product_cat-kaytetyt-frisbeegolfkiekot","9":"product_cat-midarit","10":"product_cat-restockit","11":"product_cat-signature-kiekot","12":"product_cat-valmistajat","13":"product_cat-westiside-discs-kaytetyt-frisbeegolfkiekot-2","14":"pa_feidi-288","15":"pa_kunto-a-2","16":"pa_liito-272","17":"pa_nopeus-258","18":"pa_paino-331","19":"pa_vakaus-zero","20":"pa_valmistajat-westside-discs","22":"first","23":"instock","24":"shipping-taxable","25":"purchasable","26":"product-type-simple"},"acf":[],"_links":{"self":[{"href":"https:\/\/topdisc.fi\/sv\/wp-json\/wp\/v2\/product\/229707","targetHints":{"allow":["GET"]}}],"collection":[{"href":"https:\/\/topdisc.fi\/sv\/wp-json\/wp\/v2\/product"}],"about":[{"href":"https:\/\/topdisc.fi\/sv\/wp-json\/wp\/v2\/types\/product"}],"replies":[{"embeddable":true,"href":"https:\/\/topdisc.fi\/sv\/wp-json\/wp\/v2\/comments?post=229707"}],"version-history":[{"count":1,"href":"https:\/\/topdisc.fi\/sv\/wp-json\/wp\/v2\/product\/229707\/revisions"}],"predecessor-version":[{"id":267764,"href":"https:\/\/topdisc.fi\/sv\/wp-json\/wp\/v2\/product\/229707\/revisions\/267764"}],"wp:featuredmedia":[{"embeddable":true,"href":"https:\/\/topdisc.fi\/sv\/wp-json\/wp\/v2\/media\/230566"}],"wp:attachment":[{"href":"https:\/\/topdisc.fi\/sv\/wp-json\/wp\/v2\/media?parent=229707"}],"wp:term":[{"taxonomy":"product_brand","embeddable":true,"href":"https:\/\/topdisc.fi\/sv\/wp-json\/wp\/v2\/product_brand?post=229707"},{"taxonomy":"product_cat","embeddable":true,"href":"https:\/\/topdisc.fi\/sv\/wp-json\/wp\/v2\/product_cat?post=229707"},{"taxonomy":"product_tag","embeddable":true,"href":"https:\/\/topdisc.fi\/sv\/wp-json\/wp\/v2\/product_tag?post=229707"}],"curies":[{"name":"wp","href":"https:\/\/api.w.org\/{rel}","templated":true}]}}