{"id":232093,"date":"2024-09-20T13:05:00","date_gmt":"2024-09-20T10:05:00","guid":{"rendered":"https:\/\/topdisc.fi\/?post_type=product&#038;p=232093"},"modified":"2026-01-27T17:49:49","modified_gmt":"2026-01-27T15:49:49","slug":"prodigy-disc-500-a2-vaino-makela-signature-series-2","status":"publish","type":"product","link":"https:\/\/topdisc.fi\/sv\/produkt\/prodigy-disc-500-a2-vaino-makela-signature-series-2\/","title":{"rendered":"Prodigy Disc 500 A2 \u2013 V\u00e4in\u00f6 M\u00e4kel\u00e4 Signature Series"},"content":{"rendered":"<p>Prodigy Disc 500 A2 \u2013 V\u00e4in\u00f6 M\u00e4kel\u00e4 Signature Series<\/p>\n<p>Flygv\u00e4rden: 4 4 0 3<\/p>\n<p>Skick: A-<\/p>\n<p>Vikt: 179g<\/p>\n<p>Mark\u00f6rer: Rimmi<\/p>","protected":false},"excerpt":{"rendered":"<p>Prodigy Disc 500 A2 \u2013 V\u00e4in\u00f6 M\u00e4kel\u00e4 Signature Series<\/p>\n<p>Flygv\u00e4rden: 4 4 0 3<\/p>\n<p>Skick: A-<\/p>\n<p>Vikt: 179g<\/p>\n<p>Mark\u00f6rer: Rimmi<\/p>","protected":false},"featured_media":232373,"comment_status":"open","ping_status":"closed","template":"","meta":{"_acf_changed":false,"om_disable_all_campaigns":false,"_improvement_type_select":"improve_an_existing","_thumb_yes_seoaic":false,"_frame_yes_seoaic":false,"seoaic_generate_description":"","seoaic_improve_instructions_prompt":"","seoaic_rollback_content_improvement":"","seoaic_idea_thumbnail_generator":"","thumbnail_generated":false,"thumbnail_generate_prompt":"","seoaic_article_description":""},"product_brand":[4872],"product_cat":[4670,1806,368,1900,1823,1854,1901,1852,2621,369,678,2625],"product_tag":[569],"class_list":{"0":"post-232093","1":"product","2":"type-product","3":"status-publish","4":"has-post-thumbnail","6":"product_brand-prodigy-disc","7":"product_cat-inv","8":"product_cat-kaytetyt-frisbeegolfkiekot","9":"product_cat-lahestymiskiekot","10":"product_cat-prodigy-kaikki-kiekot","11":"product_cat-prodigy-kaytetyt-frisbeegolfkiekot-2","12":"product_cat-prodigy-kaytetyt-midarit-prodigy-kaytetyt-frisbeegolfkiekot-2","13":"product_cat-prodigy-kaytetyt-putterit","14":"product_cat-prodigy-kaytetyt-spesiaalikiekot-prodigy-kaytetyt-frisbeegolfkiekot-2","15":"product_cat-restockit","16":"product_cat-signature-kiekot","17":"product_cat-spessut","18":"product_cat-valmistajat","19":"product_tag-ylivakaa","20":"pa_feidi-288","21":"pa_kunto-a-3","22":"pa_liito-273","23":"pa_nopeus-258","24":"pa_paino-328","25":"pa_vakaus-zero","26":"pa_valmistajat-prodigy-discs","28":"first","29":"instock","30":"shipping-taxable","31":"purchasable","32":"product-type-simple"},"acf":[],"_links":{"self":[{"href":"https:\/\/topdisc.fi\/sv\/wp-json\/wp\/v2\/product\/232093","targetHints":{"allow":["GET"]}}],"collection":[{"href":"https:\/\/topdisc.fi\/sv\/wp-json\/wp\/v2\/product"}],"about":[{"href":"https:\/\/topdisc.fi\/sv\/wp-json\/wp\/v2\/types\/product"}],"replies":[{"embeddable":true,"href":"https:\/\/topdisc.fi\/sv\/wp-json\/wp\/v2\/comments?post=232093"}],"version-history":[{"count":1,"href":"https:\/\/topdisc.fi\/sv\/wp-json\/wp\/v2\/product\/232093\/revisions"}],"predecessor-version":[{"id":264161,"href":"https:\/\/topdisc.fi\/sv\/wp-json\/wp\/v2\/product\/232093\/revisions\/264161"}],"wp:featuredmedia":[{"embeddable":true,"href":"https:\/\/topdisc.fi\/sv\/wp-json\/wp\/v2\/media\/232373"}],"wp:attachment":[{"href":"https:\/\/topdisc.fi\/sv\/wp-json\/wp\/v2\/media?parent=232093"}],"wp:term":[{"taxonomy":"product_brand","embeddable":true,"href":"https:\/\/topdisc.fi\/sv\/wp-json\/wp\/v2\/product_brand?post=232093"},{"taxonomy":"product_cat","embeddable":true,"href":"https:\/\/topdisc.fi\/sv\/wp-json\/wp\/v2\/product_cat?post=232093"},{"taxonomy":"product_tag","embeddable":true,"href":"https:\/\/topdisc.fi\/sv\/wp-json\/wp\/v2\/product_tag?post=232093"}],"curies":[{"name":"wp","href":"https:\/\/api.w.org\/{rel}","templated":true}]}}