{"id":233057,"date":"2024-09-27T12:43:29","date_gmt":"2024-09-27T09:43:29","guid":{"rendered":"https:\/\/topdisc.fi\/?post_type=product&#038;p=233057"},"modified":"2026-01-27T18:32:14","modified_gmt":"2026-01-27T16:32:14","slug":"kastaplast-k1-glow-reko-x","status":"publish","type":"product","link":"https:\/\/topdisc.fi\/sv\/produkt\/kastaplast-k1-glow-reko-x\/","title":{"rendered":"Kastaplast K1 Glow Reko X"},"content":{"rendered":"<p>Kastaplast K1 Glow Reko X<\/p>\n<p>Flygv\u00e4rden: 3 3 0 2<\/p>\n<p>Vikt: 176g<\/p>\n<p>Skick: BA+<\/p>\n<p>Mark\u00f6rer:<\/p>","protected":false},"excerpt":{"rendered":"<p>Kastaplast K1 Glow Reko X<\/p>\n<p>Flygv\u00e4rden: 3 3 0 2<\/p>\n<p>Vikt: 176g<\/p>\n<p>Skick: BA+<\/p>\n<p>Mark\u00f6rer:<\/p>\n<p>En rak putter med liten p\u00e4rla och m\u00e5ttlig blekning. L\u00e4mplig f\u00f6r alla f\u00e4rdighetsniv\u00e5er.<\/p>","protected":false},"featured_media":233249,"comment_status":"open","ping_status":"closed","template":"","meta":{"_acf_changed":false,"om_disable_all_campaigns":false,"_improvement_type_select":"improve_an_existing","_thumb_yes_seoaic":false,"_frame_yes_seoaic":false,"seoaic_generate_description":"","seoaic_improve_instructions_prompt":"","seoaic_rollback_content_improvement":"","seoaic_idea_thumbnail_generator":"","thumbnail_generated":false,"thumbnail_generate_prompt":"","seoaic_article_description":""},"product_brand":[4870],"product_cat":[366,1828,1806,1808,2621],"product_tag":[4862],"class_list":{"0":"post-233057","1":"product","2":"type-product","3":"status-publish","4":"has-post-thumbnail","6":"product_brand-kastaplast","7":"product_cat-glowit","8":"product_cat-kastaplast-kaytetyt-frisbeegolfkiekot-2","9":"product_cat-kaytetyt-frisbeegolfkiekot","10":"product_cat-kaytetyt-putterit","11":"product_cat-restockit","12":"product_tag-glow","13":"pa_feidi-287","14":"pa_kunto-ba","15":"pa_liito-272","16":"pa_nopeus-257","17":"pa_paino-331","18":"pa_vakaus-zero","19":"pa_vari-violetti","21":"first","22":"instock","23":"shipping-taxable","24":"purchasable","25":"product-type-simple"},"acf":[],"_links":{"self":[{"href":"https:\/\/topdisc.fi\/sv\/wp-json\/wp\/v2\/product\/233057","targetHints":{"allow":["GET"]}}],"collection":[{"href":"https:\/\/topdisc.fi\/sv\/wp-json\/wp\/v2\/product"}],"about":[{"href":"https:\/\/topdisc.fi\/sv\/wp-json\/wp\/v2\/types\/product"}],"replies":[{"embeddable":true,"href":"https:\/\/topdisc.fi\/sv\/wp-json\/wp\/v2\/comments?post=233057"}],"version-history":[{"count":1,"href":"https:\/\/topdisc.fi\/sv\/wp-json\/wp\/v2\/product\/233057\/revisions"}],"predecessor-version":[{"id":261297,"href":"https:\/\/topdisc.fi\/sv\/wp-json\/wp\/v2\/product\/233057\/revisions\/261297"}],"wp:featuredmedia":[{"embeddable":true,"href":"https:\/\/topdisc.fi\/sv\/wp-json\/wp\/v2\/media\/233249"}],"wp:attachment":[{"href":"https:\/\/topdisc.fi\/sv\/wp-json\/wp\/v2\/media?parent=233057"}],"wp:term":[{"taxonomy":"product_brand","embeddable":true,"href":"https:\/\/topdisc.fi\/sv\/wp-json\/wp\/v2\/product_brand?post=233057"},{"taxonomy":"product_cat","embeddable":true,"href":"https:\/\/topdisc.fi\/sv\/wp-json\/wp\/v2\/product_cat?post=233057"},{"taxonomy":"product_tag","embeddable":true,"href":"https:\/\/topdisc.fi\/sv\/wp-json\/wp\/v2\/product_tag?post=233057"}],"curies":[{"name":"wp","href":"https:\/\/api.w.org\/{rel}","templated":true}]}}