{"id":234595,"date":"2024-10-10T13:37:43","date_gmt":"2024-10-10T10:37:43","guid":{"rendered":"https:\/\/topdisc.fi\/?post_type=product&#038;p=234595"},"modified":"2026-01-27T17:48:21","modified_gmt":"2026-01-27T15:48:21","slug":"prodigy-disc-500-d2-3","status":"publish","type":"product","link":"https:\/\/topdisc.fi\/sv\/produkt\/prodigy-disc-500-d2-3\/","title":{"rendered":"Prodigy Disc 500 D2"},"content":{"rendered":"<p>Prodigy Disc 500 D2<\/p>\n<p>Flygv\u00e4rden 13 6 -0,5 3<\/p>\n<p>Vikt: 171-172g<\/p>\n<p>d2 \u00e4r en mycket snabb l\u00e4ngd driver designad f\u00f6r starka putters. Denna f\u00f6rare flyger tillf\u00f6rlitligt \u00e4ven i bl\u00e5siga f\u00f6rh\u00e5llanden. Flygv\u00e4gen \u00e4r verkligen f\u00f6ruts\u00e4gbar och r\u00f6relse fr\u00e5n sida till sida \u00e4r en av de minsta f\u00f6rarna p\u00e5 marknaden. 400 plast \u00e4r en h\u00f6gkvalitativ och h\u00e5llbar plast som k\u00e4nns och ser bra ut. F\u00e4rgen p\u00e5 trycket och nyansen p\u00e5 skivan kanske inte matchar produktbilden.<\/p>","protected":false},"excerpt":{"rendered":"<p>Prodigy Disc 500 D2<\/p>\n<p>Flygv\u00e4rden 13 6 -0,5 3<\/p>\n<p>Vikt: 171-172g<\/p>","protected":false},"featured_media":234597,"comment_status":"open","ping_status":"closed","template":"","meta":{"_acf_changed":false,"om_disable_all_campaigns":false,"_improvement_type_select":"improve_an_existing","_thumb_yes_seoaic":false,"_frame_yes_seoaic":false,"seoaic_generate_description":"","seoaic_improve_instructions_prompt":"","seoaic_rollback_content_improvement":"","seoaic_idea_thumbnail_generator":"","thumbnail_generated":false,"thumbnail_generate_prompt":"","seoaic_article_description":""},"product_brand":[4872],"product_cat":[1832,3783,1817],"product_tag":[555],"class_list":{"0":"post-234595","1":"product","2":"type-product","3":"status-publish","4":"has-post-thumbnail","6":"product_brand-prodigy-disc","7":"product_cat-uudet-prodigy-kiekot","8":"product_cat-syysale","9":"product_cat-uudet-kiekot","10":"product_tag-driver","11":"pa_feidi-288","12":"pa_liito-275","13":"pa_nopeus-267","14":"pa_paino-322","15":"pa_paino-323","16":"pa_vakaus-0-5","17":"pa_vari-valkoinen","19":"first","20":"instock","21":"sale","22":"taxable","23":"shipping-taxable","24":"purchasable","25":"product-type-variable"},"acf":[],"_links":{"self":[{"href":"https:\/\/topdisc.fi\/sv\/wp-json\/wp\/v2\/product\/234595","targetHints":{"allow":["GET"]}}],"collection":[{"href":"https:\/\/topdisc.fi\/sv\/wp-json\/wp\/v2\/product"}],"about":[{"href":"https:\/\/topdisc.fi\/sv\/wp-json\/wp\/v2\/types\/product"}],"replies":[{"embeddable":true,"href":"https:\/\/topdisc.fi\/sv\/wp-json\/wp\/v2\/comments?post=234595"}],"version-history":[{"count":1,"href":"https:\/\/topdisc.fi\/sv\/wp-json\/wp\/v2\/product\/234595\/revisions"}],"predecessor-version":[{"id":258690,"href":"https:\/\/topdisc.fi\/sv\/wp-json\/wp\/v2\/product\/234595\/revisions\/258690"}],"wp:featuredmedia":[{"embeddable":true,"href":"https:\/\/topdisc.fi\/sv\/wp-json\/wp\/v2\/media\/234597"}],"wp:attachment":[{"href":"https:\/\/topdisc.fi\/sv\/wp-json\/wp\/v2\/media?parent=234595"}],"wp:term":[{"taxonomy":"product_brand","embeddable":true,"href":"https:\/\/topdisc.fi\/sv\/wp-json\/wp\/v2\/product_brand?post=234595"},{"taxonomy":"product_cat","embeddable":true,"href":"https:\/\/topdisc.fi\/sv\/wp-json\/wp\/v2\/product_cat?post=234595"},{"taxonomy":"product_tag","embeddable":true,"href":"https:\/\/topdisc.fi\/sv\/wp-json\/wp\/v2\/product_tag?post=234595"}],"curies":[{"name":"wp","href":"https:\/\/api.w.org\/{rel}","templated":true}]}}