{"id":234660,"date":"2024-10-10T15:08:54","date_gmt":"2024-10-10T12:08:54","guid":{"rendered":"https:\/\/topdisc.fi\/?post_type=product&#038;p=234660"},"modified":"2026-01-27T17:48:19","modified_gmt":"2026-01-27T15:48:19","slug":"prodigy-disc-500-fx-2-10","status":"publish","type":"product","link":"https:\/\/topdisc.fi\/sv\/produkt\/prodigy-disc-500-fx-2-10\/","title":{"rendered":"Prodigy Disc 500 FX-2"},"content":{"rendered":"<p>Prodigy Disc 500 FX-2<\/p>\n<p>Flygv\u00e4rden: 9 4 -1 3<\/p>\n<p>Vikt: 172-173g<\/p>\n<p>FX-2 \u00e4r en extremt stabil och snabb fairway-f\u00f6rare med en n\u00e5got bredare kant j\u00e4mf\u00f6rt med skivor i F-serien. P\u00e5 grund av sin extra stabilitet \u00e4r den valet av m\u00e5nga toppspelare f\u00f6r l\u00e5nga men kontrollerade kast \u00e4ven i bl\u00e5siga f\u00f6rh\u00e5llanden. F\u00f6r nyb\u00f6rjar- eller medelspelare fungerar FX-2 f\u00f6r starka kurvbollar. <b>F\u00e4rgen p\u00e5 trycket och nyansen p\u00e5 skivan kanske inte matchar produktbilden.<\/b><\/p>","protected":false},"excerpt":{"rendered":"<p>Prodigy Disc 500 FX-2<\/p>\n<p>Flygv\u00e4rden: 9 4 -1 3<\/p>\n<p>Vikt: 172-173g<\/p>\n<p>FX-2 \u00e4r en extremt stabil och snabb fairway-f\u00f6rare med en n\u00e5got bredare kant j\u00e4mf\u00f6rt med skivor i F-serien. P\u00e5 grund av sin extra stabilitet \u00e4r den valet av m\u00e5nga toppspelare f\u00f6r l\u00e5nga men kontrollerade kast \u00e4ven i bl\u00e5siga f\u00f6rh\u00e5llanden. F\u00f6r nyb\u00f6rjar- eller medelspelare fungerar FX-2 f\u00f6r starka kurvbollar. <b>F\u00e4rgen p\u00e5 trycket och nyansen p\u00e5 skivan kanske inte matchar produktbilden.<\/b><\/p>","protected":false},"featured_media":234663,"comment_status":"open","ping_status":"closed","template":"","meta":{"_acf_changed":false,"om_disable_all_campaigns":false,"_improvement_type_select":"improve_an_existing","_thumb_yes_seoaic":false,"_frame_yes_seoaic":false,"seoaic_generate_description":"","seoaic_improve_instructions_prompt":"","seoaic_rollback_content_improvement":"","seoaic_idea_thumbnail_generator":"","thumbnail_generated":false,"thumbnail_generate_prompt":"","seoaic_article_description":""},"product_brand":[4872],"product_cat":[1832,3783,1817],"product_tag":[555],"class_list":{"0":"post-234660","1":"product","2":"type-product","3":"status-publish","4":"has-post-thumbnail","6":"product_brand-prodigy-disc","7":"product_cat-uudet-prodigy-kiekot","8":"product_cat-syysale","9":"product_cat-uudet-kiekot","10":"product_tag-driver","11":"pa_feidi-288","12":"pa_liito-273","13":"pa_nopeus-263","14":"pa_paino-323","15":"pa_paino-324","16":"pa_vakaus-281","17":"pa_vari-oranssi","19":"first","20":"instock","21":"sale","22":"taxable","23":"shipping-taxable","24":"purchasable","25":"product-type-variable"},"acf":[],"_links":{"self":[{"href":"https:\/\/topdisc.fi\/sv\/wp-json\/wp\/v2\/product\/234660","targetHints":{"allow":["GET"]}}],"collection":[{"href":"https:\/\/topdisc.fi\/sv\/wp-json\/wp\/v2\/product"}],"about":[{"href":"https:\/\/topdisc.fi\/sv\/wp-json\/wp\/v2\/types\/product"}],"replies":[{"embeddable":true,"href":"https:\/\/topdisc.fi\/sv\/wp-json\/wp\/v2\/comments?post=234660"}],"version-history":[{"count":1,"href":"https:\/\/topdisc.fi\/sv\/wp-json\/wp\/v2\/product\/234660\/revisions"}],"predecessor-version":[{"id":264138,"href":"https:\/\/topdisc.fi\/sv\/wp-json\/wp\/v2\/product\/234660\/revisions\/264138"}],"wp:featuredmedia":[{"embeddable":true,"href":"https:\/\/topdisc.fi\/sv\/wp-json\/wp\/v2\/media\/234663"}],"wp:attachment":[{"href":"https:\/\/topdisc.fi\/sv\/wp-json\/wp\/v2\/media?parent=234660"}],"wp:term":[{"taxonomy":"product_brand","embeddable":true,"href":"https:\/\/topdisc.fi\/sv\/wp-json\/wp\/v2\/product_brand?post=234660"},{"taxonomy":"product_cat","embeddable":true,"href":"https:\/\/topdisc.fi\/sv\/wp-json\/wp\/v2\/product_cat?post=234660"},{"taxonomy":"product_tag","embeddable":true,"href":"https:\/\/topdisc.fi\/sv\/wp-json\/wp\/v2\/product_tag?post=234660"}],"curies":[{"name":"wp","href":"https:\/\/api.w.org\/{rel}","templated":true}]}}