{"id":234671,"date":"2024-10-10T15:44:39","date_gmt":"2024-10-10T12:44:39","guid":{"rendered":"https:\/\/topdisc.fi\/?post_type=product&#038;p=234671"},"modified":"2026-01-27T17:48:19","modified_gmt":"2026-01-27T15:48:19","slug":"prodigy-disc-300-soft-pa-5","status":"publish","type":"product","link":"https:\/\/topdisc.fi\/sv\/produkt\/prodigy-disc-300-soft-pa-5\/","title":{"rendered":"Prodigy Disc 300 Soft Pa-5"},"content":{"rendered":"<p>Prodigy Disc 300 Soft Pa-5<\/p>\n<p>Flygv\u00e4rden: 3 4 -2 0,5<\/p>\n<p>Vikt: 170-178g<\/p>\n<p>PA-5 \u00e4r en understabil och l\u00e5gprofilputter som flyger rakt \u00e4ven med ett l\u00e4tt kast. N\u00e4r man kastar h\u00e5rdare fungerar PA-5 utm\u00e4rkt f\u00f6r kast som kr\u00f6ker sig fr\u00e5n v\u00e4nster till h\u00f6ger (h\u00f6ger knogkast). <strong>F\u00e4rgen p\u00e5 skivan och trycket varierar och kanske inte matchar produktbilden.<\/strong><\/p>","protected":false},"excerpt":{"rendered":"<p>Prodigy Disc 300 Soft Pa-5<\/p>\n<p>Flygv\u00e4rden: 3 4 -2 0,5<\/p>\n<p>Vikt: 170-178g<\/p>\n<p>PA-5 \u00e4r en understabil och l\u00e5gprofilputter som flyger rakt \u00e4ven med ett l\u00e4tt kast. N\u00e4r man kastar h\u00e5rdare fungerar PA-5 utm\u00e4rkt f\u00f6r kast som kr\u00f6ker sig fr\u00e5n v\u00e4nster till h\u00f6ger (h\u00f6ger knogkast). <strong>F\u00e4rgen p\u00e5 skivan och trycket varierar och kanske inte matchar produktbilden.<\/strong><\/p>","protected":false},"featured_media":234622,"comment_status":"open","ping_status":"closed","template":"","meta":{"_acf_changed":false,"om_disable_all_campaigns":false,"_improvement_type_select":"improve_an_existing","_thumb_yes_seoaic":false,"_frame_yes_seoaic":false,"seoaic_generate_description":"","seoaic_improve_instructions_prompt":"","seoaic_rollback_content_improvement":"","seoaic_idea_thumbnail_generator":"","thumbnail_generated":false,"thumbnail_generate_prompt":"","seoaic_article_description":""},"product_brand":[4872],"product_cat":[1832,1817],"product_tag":[],"class_list":{"0":"post-234671","1":"product","2":"type-product","3":"status-publish","4":"has-post-thumbnail","6":"product_brand-prodigy-disc","7":"product_cat-uudet-prodigy-kiekot","8":"product_cat-uudet-kiekot","9":"pa_feidi-0-5","10":"pa_liito-273","11":"pa_nopeus-257","12":"pa_paino-326","13":"pa_paino-332","14":"pa_vakaus-280","15":"pa_valmistajat-prodigy-discs","17":"first","18":"instock","19":"taxable","20":"shipping-taxable","21":"purchasable","22":"product-type-variable"},"acf":[],"_links":{"self":[{"href":"https:\/\/topdisc.fi\/sv\/wp-json\/wp\/v2\/product\/234671","targetHints":{"allow":["GET"]}}],"collection":[{"href":"https:\/\/topdisc.fi\/sv\/wp-json\/wp\/v2\/product"}],"about":[{"href":"https:\/\/topdisc.fi\/sv\/wp-json\/wp\/v2\/types\/product"}],"replies":[{"embeddable":true,"href":"https:\/\/topdisc.fi\/sv\/wp-json\/wp\/v2\/comments?post=234671"}],"version-history":[{"count":1,"href":"https:\/\/topdisc.fi\/sv\/wp-json\/wp\/v2\/product\/234671\/revisions"}],"predecessor-version":[{"id":264137,"href":"https:\/\/topdisc.fi\/sv\/wp-json\/wp\/v2\/product\/234671\/revisions\/264137"}],"wp:featuredmedia":[{"embeddable":true,"href":"https:\/\/topdisc.fi\/sv\/wp-json\/wp\/v2\/media\/234622"}],"wp:attachment":[{"href":"https:\/\/topdisc.fi\/sv\/wp-json\/wp\/v2\/media?parent=234671"}],"wp:term":[{"taxonomy":"product_brand","embeddable":true,"href":"https:\/\/topdisc.fi\/sv\/wp-json\/wp\/v2\/product_brand?post=234671"},{"taxonomy":"product_cat","embeddable":true,"href":"https:\/\/topdisc.fi\/sv\/wp-json\/wp\/v2\/product_cat?post=234671"},{"taxonomy":"product_tag","embeddable":true,"href":"https:\/\/topdisc.fi\/sv\/wp-json\/wp\/v2\/product_tag?post=234671"}],"curies":[{"name":"wp","href":"https:\/\/api.w.org\/{rel}","templated":true}]}}