{"id":234676,"date":"2024-10-10T17:03:05","date_gmt":"2024-10-10T14:03:05","guid":{"rendered":"https:\/\/topdisc.fi\/?post_type=product&#038;p=234676"},"modified":"2026-01-27T17:48:18","modified_gmt":"2026-01-27T15:48:18","slug":"prodigy-disc-500-mx-3-6","status":"publish","type":"product","link":"https:\/\/topdisc.fi\/sv\/produkt\/prodigy-disc-500-mx-3-6\/","title":{"rendered":"Prodigy Disc 500 MX-3"},"content":{"rendered":"<p>Prodigy Disc 500 MX-3<\/p>\n<p>Flygv\u00e4rden: 5 4 0 2<\/p>\n<p>Vikt: 179-180g<\/p>\n<p>MX-3 \u00e4r den f\u00f6rsta midaren i Prodigy Discs nya MX-serie. Det \u00e4r en n\u00e5got \u00f6verstabil, mycket v\u00e4llimmad mellanregisterpuck med en &quot;p\u00e4rla&quot;. Den ligger exceptionellt bra i handen och \u00e4r l\u00e4mplig f\u00f6r spelare p\u00e5 m\u00e5nga niv\u00e5er som en p\u00e5litlig midar med l\u00e5ng r\u00e4ckvidd. MX-3 flyger rent \u00e4ven n\u00e4r den kastas h\u00e5rt och flyger \u00e4ven bra mot vinden. 500 plast \u00e4r en h\u00f6gkvalitativ och h\u00e5llbar plast som k\u00e4nns och ser bra ut. <i>F\u00e4rgen p\u00e5 trycket och nyansen p\u00e5 skivan kanske inte matchar produktbilden.<\/i><\/p>","protected":false},"excerpt":{"rendered":"<p>Prodigy Disc 500 MX-3<\/p>\n<p>Flygv\u00e4rden: 5 4 0 2<\/p>\n<p>Vikt: 179-180g<\/p>","protected":false},"featured_media":234677,"comment_status":"open","ping_status":"closed","template":"","meta":{"_acf_changed":false,"om_disable_all_campaigns":false,"_improvement_type_select":"improve_an_existing","_thumb_yes_seoaic":false,"_frame_yes_seoaic":false,"seoaic_generate_description":"","seoaic_improve_instructions_prompt":"","seoaic_rollback_content_improvement":"","seoaic_idea_thumbnail_generator":"","thumbnail_generated":false,"thumbnail_generate_prompt":"","seoaic_article_description":""},"product_brand":[4872],"product_cat":[1832,1817],"product_tag":[566],"class_list":{"0":"post-234676","1":"product","2":"type-product","3":"status-publish","4":"has-post-thumbnail","6":"product_brand-prodigy-disc","7":"product_cat-uudet-prodigy-kiekot","8":"product_cat-uudet-kiekot","9":"product_tag-midari","10":"pa_feidi-287","11":"pa_liito-273","12":"pa_nopeus-259","13":"pa_paino-328","14":"pa_paino-329","15":"pa_vakaus-zero","16":"pa_vari-violetti","18":"first","19":"instock","20":"sale","21":"taxable","22":"shipping-taxable","23":"purchasable","24":"product-type-variable"},"acf":[],"_links":{"self":[{"href":"https:\/\/topdisc.fi\/sv\/wp-json\/wp\/v2\/product\/234676","targetHints":{"allow":["GET"]}}],"collection":[{"href":"https:\/\/topdisc.fi\/sv\/wp-json\/wp\/v2\/product"}],"about":[{"href":"https:\/\/topdisc.fi\/sv\/wp-json\/wp\/v2\/types\/product"}],"replies":[{"embeddable":true,"href":"https:\/\/topdisc.fi\/sv\/wp-json\/wp\/v2\/comments?post=234676"}],"version-history":[{"count":1,"href":"https:\/\/topdisc.fi\/sv\/wp-json\/wp\/v2\/product\/234676\/revisions"}],"predecessor-version":[{"id":264136,"href":"https:\/\/topdisc.fi\/sv\/wp-json\/wp\/v2\/product\/234676\/revisions\/264136"}],"wp:featuredmedia":[{"embeddable":true,"href":"https:\/\/topdisc.fi\/sv\/wp-json\/wp\/v2\/media\/234677"}],"wp:attachment":[{"href":"https:\/\/topdisc.fi\/sv\/wp-json\/wp\/v2\/media?parent=234676"}],"wp:term":[{"taxonomy":"product_brand","embeddable":true,"href":"https:\/\/topdisc.fi\/sv\/wp-json\/wp\/v2\/product_brand?post=234676"},{"taxonomy":"product_cat","embeddable":true,"href":"https:\/\/topdisc.fi\/sv\/wp-json\/wp\/v2\/product_cat?post=234676"},{"taxonomy":"product_tag","embeddable":true,"href":"https:\/\/topdisc.fi\/sv\/wp-json\/wp\/v2\/product_tag?post=234676"}],"curies":[{"name":"wp","href":"https:\/\/api.w.org\/{rel}","templated":true}]}}