{"id":234690,"date":"2024-10-11T12:15:14","date_gmt":"2024-10-11T09:15:14","guid":{"rendered":"https:\/\/topdisc.fi\/?post_type=product&#038;p=234690"},"modified":"2026-01-27T17:48:18","modified_gmt":"2026-01-27T15:48:18","slug":"prodigy-disc-400-m3-10","status":"publish","type":"product","link":"https:\/\/topdisc.fi\/sv\/produkt\/prodigy-disc-400-m3-10\/","title":{"rendered":"Prodigy Disc 400 M3"},"content":{"rendered":"<p>Prodigy Disc 400 M3<\/p>\n<p>Flygv\u00e4rden: 5 5 -1 2<\/p>\n<p>Vikt: 178-179g<\/p>\n<p>M3 \u00e4r ett riktigt m\u00e5ngsidigt verktyg p\u00e5 frisbeegolfbanan. Den \u00e4r l\u00e4mplig f\u00f6r m\u00e5nga typer av inflygningskast och h\u00e5ller den givna kastvinkeln mycket tillf\u00f6rlitligt upp till de sista metrarna. M3 \u00e4r en av Prodigys mest popul\u00e4ra skivor och passar spelare p\u00e5 alla niv\u00e5er. 400 plast \u00e4r en h\u00f6gkvalitativ och h\u00e5llbar plast som k\u00e4nns och ser bra ut. <i>F\u00e4rgen p\u00e5 trycket och nyansen p\u00e5 skivan kanske inte matchar produktbilden.<\/i><\/p>","protected":false},"excerpt":{"rendered":"<p>Prodigy Disc 400 M3<\/p>\n<p>Flygv\u00e4rden: 5 5 -1 2<\/p>\n<p>Vikt: 178-179g<\/p>\n<p>M3 \u00e4r ett riktigt m\u00e5ngsidigt verktyg p\u00e5 frisbeegolfbanan. Den \u00e4r l\u00e4mplig f\u00f6r m\u00e5nga typer av inflygningskast och h\u00e5ller den givna kastvinkeln mycket tillf\u00f6rlitligt upp till de sista metrarna. M3 \u00e4r en av Prodigys mest popul\u00e4ra skivor och passar spelare p\u00e5 alla niv\u00e5er. 400 plast \u00e4r en h\u00f6gkvalitativ och h\u00e5llbar plast som k\u00e4nns och ser bra ut. <i>F\u00e4rgen p\u00e5 trycket och nyansen p\u00e5 skivan kanske inte matchar produktbilden.<\/i><\/p>","protected":false},"featured_media":217285,"comment_status":"open","ping_status":"closed","template":"","meta":{"_acf_changed":false,"om_disable_all_campaigns":false,"_improvement_type_select":"improve_an_existing","_thumb_yes_seoaic":false,"_frame_yes_seoaic":false,"seoaic_generate_description":"","seoaic_improve_instructions_prompt":"","seoaic_rollback_content_improvement":"","seoaic_idea_thumbnail_generator":"","thumbnail_generated":false,"thumbnail_generate_prompt":"","seoaic_article_description":""},"product_brand":[4872],"product_cat":[1832,3783,1817],"product_tag":[566],"class_list":{"0":"post-234690","1":"product","2":"type-product","3":"status-publish","4":"has-post-thumbnail","6":"product_brand-prodigy-disc","7":"product_cat-uudet-prodigy-kiekot","8":"product_cat-syysale","9":"product_cat-uudet-kiekot","10":"product_tag-midari","11":"pa_feidi-287","12":"pa_liito-274","13":"pa_nopeus-259","14":"pa_paino-327","15":"pa_paino-328","16":"pa_vakaus-281","17":"pa_vari-violetti","19":"first","20":"instock","21":"sale","22":"taxable","23":"shipping-taxable","24":"purchasable","25":"product-type-variable"},"acf":[],"_links":{"self":[{"href":"https:\/\/topdisc.fi\/sv\/wp-json\/wp\/v2\/product\/234690","targetHints":{"allow":["GET"]}}],"collection":[{"href":"https:\/\/topdisc.fi\/sv\/wp-json\/wp\/v2\/product"}],"about":[{"href":"https:\/\/topdisc.fi\/sv\/wp-json\/wp\/v2\/types\/product"}],"replies":[{"embeddable":true,"href":"https:\/\/topdisc.fi\/sv\/wp-json\/wp\/v2\/comments?post=234690"}],"version-history":[{"count":1,"href":"https:\/\/topdisc.fi\/sv\/wp-json\/wp\/v2\/product\/234690\/revisions"}],"predecessor-version":[{"id":264135,"href":"https:\/\/topdisc.fi\/sv\/wp-json\/wp\/v2\/product\/234690\/revisions\/264135"}],"wp:featuredmedia":[{"embeddable":true,"href":"https:\/\/topdisc.fi\/sv\/wp-json\/wp\/v2\/media\/217285"}],"wp:attachment":[{"href":"https:\/\/topdisc.fi\/sv\/wp-json\/wp\/v2\/media?parent=234690"}],"wp:term":[{"taxonomy":"product_brand","embeddable":true,"href":"https:\/\/topdisc.fi\/sv\/wp-json\/wp\/v2\/product_brand?post=234690"},{"taxonomy":"product_cat","embeddable":true,"href":"https:\/\/topdisc.fi\/sv\/wp-json\/wp\/v2\/product_cat?post=234690"},{"taxonomy":"product_tag","embeddable":true,"href":"https:\/\/topdisc.fi\/sv\/wp-json\/wp\/v2\/product_tag?post=234690"}],"curies":[{"name":"wp","href":"https:\/\/api.w.org\/{rel}","templated":true}]}}