{"id":234702,"date":"2024-10-11T12:28:08","date_gmt":"2024-10-11T09:28:08","guid":{"rendered":"https:\/\/topdisc.fi\/?post_type=product&#038;p=234702"},"modified":"2026-01-27T17:48:17","modified_gmt":"2026-01-27T15:48:17","slug":"prodigy-disc-500-d1-vaino-makela","status":"publish","type":"product","link":"https:\/\/topdisc.fi\/sv\/produkt\/prodigy-disc-500-d1-vaino-makela\/","title":{"rendered":"Prodigy Disc 500 D1 V\u00e4in\u00f6 M\u00e4kel\u00e4"},"content":{"rendered":"<p>Prodigy Disc 500 D1 V\u00e4in\u00f6 M\u00e4kel\u00e4<\/p>\n<p>Flygv\u00e4rden 13 5 0 4<\/p>\n<p>Vikt: 172-175g<\/p>\n<p><strong>Genom att k\u00f6pa denna produkt st\u00f6djer du V\u00e4in\u00f6 M\u00e4kel\u00e4s konkurrenskraftiga aktiviteter.<\/strong> D1 \u00e4r den stabilaste modellen i D-serien, som l\u00e4mpar sig v\u00e4l f\u00f6r skarpa v\u00e4nstersv\u00e4ngningar och bl\u00e5siga f\u00f6rh\u00e5llanden. De flesta av de b\u00e4sta spelarna i v\u00e4rlden anv\u00e4nder denna disk i de flesta av sina enheter. D1 har ocks\u00e5 vuxit i popularitet bland entusiaster som ett p\u00e5litligt verktyg f\u00f6r bl\u00e5siga f\u00f6rh\u00e5llanden. F\u00e4rgen p\u00e5 trycket och nyansen p\u00e5 skivan kanske inte matchar produktbilden.<\/p>","protected":false},"excerpt":{"rendered":"<p>Prodigy Disc 500 D1 V\u00e4in\u00f6 M\u00e4kel\u00e4<\/p>\n<p>Flygv\u00e4rden 13 5 0 4<\/p>\n<p>Vikt: 172-175g<\/p>\n<p><strong>Genom att k\u00f6pa denna produkt st\u00f6djer du V\u00e4in\u00f6 M\u00e4kel\u00e4s konkurrenskraftiga aktiviteter.<\/strong> D1 \u00e4r den stabilaste modellen i D-serien, som l\u00e4mpar sig v\u00e4l f\u00f6r skarpa v\u00e4nstersv\u00e4ngningar och bl\u00e5siga f\u00f6rh\u00e5llanden. De flesta av de b\u00e4sta spelarna i v\u00e4rlden anv\u00e4nder denna disk i de flesta av sina enheter. D1 har ocks\u00e5 vuxit i popularitet bland entusiaster som ett p\u00e5litligt verktyg f\u00f6r bl\u00e5siga f\u00f6rh\u00e5llanden. F\u00e4rgen p\u00e5 trycket och nyansen p\u00e5 skivan kanske inte matchar produktbilden.<\/p>","protected":false},"featured_media":234706,"comment_status":"open","ping_status":"closed","template":"","meta":{"_acf_changed":false,"om_disable_all_campaigns":false,"_improvement_type_select":"improve_an_existing","_thumb_yes_seoaic":false,"_frame_yes_seoaic":false,"seoaic_generate_description":"","seoaic_improve_instructions_prompt":"","seoaic_rollback_content_improvement":"","seoaic_idea_thumbnail_generator":"","thumbnail_generated":false,"thumbnail_generate_prompt":"","seoaic_article_description":""},"product_brand":[4872],"product_cat":[1832,3783,1817],"product_tag":[555],"class_list":{"0":"post-234702","1":"product","2":"type-product","3":"status-publish","4":"has-post-thumbnail","6":"product_brand-prodigy-disc","7":"product_cat-uudet-prodigy-kiekot","8":"product_cat-syysale","9":"product_cat-uudet-kiekot","10":"product_tag-driver","11":"pa_feidi-289","12":"pa_liito-274","13":"pa_nopeus-267","14":"pa_paino-323","15":"pa_paino-325","16":"pa_vakaus-zero","17":"pa_vari-keltainen","19":"first","20":"instock","21":"sale","22":"taxable","23":"shipping-taxable","24":"purchasable","25":"product-type-variable"},"acf":[],"_links":{"self":[{"href":"https:\/\/topdisc.fi\/sv\/wp-json\/wp\/v2\/product\/234702","targetHints":{"allow":["GET"]}}],"collection":[{"href":"https:\/\/topdisc.fi\/sv\/wp-json\/wp\/v2\/product"}],"about":[{"href":"https:\/\/topdisc.fi\/sv\/wp-json\/wp\/v2\/types\/product"}],"replies":[{"embeddable":true,"href":"https:\/\/topdisc.fi\/sv\/wp-json\/wp\/v2\/comments?post=234702"}],"version-history":[{"count":1,"href":"https:\/\/topdisc.fi\/sv\/wp-json\/wp\/v2\/product\/234702\/revisions"}],"predecessor-version":[{"id":264134,"href":"https:\/\/topdisc.fi\/sv\/wp-json\/wp\/v2\/product\/234702\/revisions\/264134"}],"wp:featuredmedia":[{"embeddable":true,"href":"https:\/\/topdisc.fi\/sv\/wp-json\/wp\/v2\/media\/234706"}],"wp:attachment":[{"href":"https:\/\/topdisc.fi\/sv\/wp-json\/wp\/v2\/media?parent=234702"}],"wp:term":[{"taxonomy":"product_brand","embeddable":true,"href":"https:\/\/topdisc.fi\/sv\/wp-json\/wp\/v2\/product_brand?post=234702"},{"taxonomy":"product_cat","embeddable":true,"href":"https:\/\/topdisc.fi\/sv\/wp-json\/wp\/v2\/product_cat?post=234702"},{"taxonomy":"product_tag","embeddable":true,"href":"https:\/\/topdisc.fi\/sv\/wp-json\/wp\/v2\/product_tag?post=234702"}],"curies":[{"name":"wp","href":"https:\/\/api.w.org\/{rel}","templated":true}]}}