{"id":234715,"date":"2024-10-11T12:35:03","date_gmt":"2024-10-11T09:35:03","guid":{"rendered":"https:\/\/topdisc.fi\/?post_type=product&#038;p=234715"},"modified":"2026-01-27T17:48:17","modified_gmt":"2026-01-27T15:48:17","slug":"prodigy-disc-x-kevin-jones-500-reverb","status":"publish","type":"product","link":"https:\/\/topdisc.fi\/sv\/produkt\/prodigy-disc-x-kevin-jones-500-reverb\/","title":{"rendered":"Prodigy Disc X Kevin Jones 500 Reverb"},"content":{"rendered":"<p>Prodigy Disc X Kevin Jones 500 Reverb<\/p>\n<p>Flygv\u00e4rden: 13 5 0 3,5<\/p>\n<p>Vikt: 173-174g<\/p>\n<p>Reverb \u00e4r gjord i samarbete med Kevin Jones. Det \u00e4r en extremt stabil l\u00e5ngdistansf\u00f6rare med en p\u00e5litlig slutsv\u00e4ng. Reverb t\u00e5l bl\u00e5siga f\u00f6rh\u00e5llanden och h\u00e5ller sin lina under l\u00e5ng tid, speciellt n\u00e4r man kastar h\u00e5rt.<\/p>","protected":false},"excerpt":{"rendered":"<p>Prodigy Disc X Kevin Jones 500 Reverb<\/p>\n<p>Flygv\u00e4rden: 13 5 0 3,5<\/p>\n<p>Vikt: 173-174g<\/p>\n<p>Reverb \u00e4r gjord i samarbete med Kevin Jones. Det \u00e4r en extremt stabil l\u00e5ngdistansf\u00f6rare med en p\u00e5litlig slutsv\u00e4ng. Reverb t\u00e5l bl\u00e5siga f\u00f6rh\u00e5llanden och h\u00e5ller sin lina under l\u00e5ng tid, speciellt n\u00e4r man kastar h\u00e5rt.<\/p>","protected":false},"featured_media":234716,"comment_status":"open","ping_status":"closed","template":"","meta":{"_acf_changed":false,"om_disable_all_campaigns":false,"_improvement_type_select":"improve_an_existing","_thumb_yes_seoaic":false,"_frame_yes_seoaic":false,"seoaic_generate_description":"","seoaic_improve_instructions_prompt":"","seoaic_rollback_content_improvement":"","seoaic_idea_thumbnail_generator":"","thumbnail_generated":false,"thumbnail_generate_prompt":"","seoaic_article_description":""},"product_brand":[4872],"product_cat":[1832,3783,1817],"product_tag":[555],"class_list":{"0":"post-234715","1":"product","2":"type-product","3":"status-publish","4":"has-post-thumbnail","6":"product_brand-prodigy-disc","7":"product_cat-uudet-prodigy-kiekot","8":"product_cat-syysale","9":"product_cat-uudet-kiekot","10":"product_tag-driver","11":"pa_feidi-3-5","12":"pa_liito-274","13":"pa_nopeus-267","14":"pa_vakaus-zero","15":"pa_valmistajat-prodigy-discs","16":"pa_vari-valkoinen","18":"first","19":"instock","20":"sale","21":"taxable","22":"shipping-taxable","23":"purchasable","24":"product-type-variable"},"acf":[],"_links":{"self":[{"href":"https:\/\/topdisc.fi\/sv\/wp-json\/wp\/v2\/product\/234715","targetHints":{"allow":["GET"]}}],"collection":[{"href":"https:\/\/topdisc.fi\/sv\/wp-json\/wp\/v2\/product"}],"about":[{"href":"https:\/\/topdisc.fi\/sv\/wp-json\/wp\/v2\/types\/product"}],"replies":[{"embeddable":true,"href":"https:\/\/topdisc.fi\/sv\/wp-json\/wp\/v2\/comments?post=234715"}],"version-history":[{"count":1,"href":"https:\/\/topdisc.fi\/sv\/wp-json\/wp\/v2\/product\/234715\/revisions"}],"predecessor-version":[{"id":264133,"href":"https:\/\/topdisc.fi\/sv\/wp-json\/wp\/v2\/product\/234715\/revisions\/264133"}],"wp:featuredmedia":[{"embeddable":true,"href":"https:\/\/topdisc.fi\/sv\/wp-json\/wp\/v2\/media\/234716"}],"wp:attachment":[{"href":"https:\/\/topdisc.fi\/sv\/wp-json\/wp\/v2\/media?parent=234715"}],"wp:term":[{"taxonomy":"product_brand","embeddable":true,"href":"https:\/\/topdisc.fi\/sv\/wp-json\/wp\/v2\/product_brand?post=234715"},{"taxonomy":"product_cat","embeddable":true,"href":"https:\/\/topdisc.fi\/sv\/wp-json\/wp\/v2\/product_cat?post=234715"},{"taxonomy":"product_tag","embeddable":true,"href":"https:\/\/topdisc.fi\/sv\/wp-json\/wp\/v2\/product_tag?post=234715"}],"curies":[{"name":"wp","href":"https:\/\/api.w.org\/{rel}","templated":true}]}}