{"id":234793,"date":"2024-10-11T13:54:57","date_gmt":"2024-10-11T10:54:57","guid":{"rendered":"https:\/\/topdisc.fi\/?post_type=product&#038;p=234793"},"modified":"2026-01-27T17:48:16","modified_gmt":"2026-01-27T15:48:16","slug":"prodigy-disc-400-a5","status":"publish","type":"product","link":"https:\/\/topdisc.fi\/sv\/produkt\/prodigy-disc-400-a5\/","title":{"rendered":"Prodigy Disc 400 A5"},"content":{"rendered":"<p>Prodigy Disc 400 A5<\/p>\n<p>Flygv\u00e4rden: 3 4 -1 1<\/p>\n<p>Vikt: 175-176g<\/p>\n<p>A5 \u00e4r en n\u00e5got \u00f6verstabil inflygningspuck, som har ett rakt flyg n\u00e4r det kastas h\u00e5rt, men har en p\u00e5litlig slutkurva. A5 \u00e4r lite l\u00e5ngsammare och mindre \u00f6verstabil \u00e4n Prodigys andra Approach-puckar och av denna anledning landar den lugnare och hoppar inte lika k\u00e4nsligt. Tack vare sin tillf\u00f6rlitliga flygning \u00e4r A5 l\u00e4mplig f\u00f6r spelare p\u00e5 m\u00e5nga niv\u00e5er.<\/p>","protected":false},"excerpt":{"rendered":"<p>Prodigy Disc 400 A5<\/p>\n<p>Flygv\u00e4rden: 3 4 -1 1<\/p>\n<p>Vikt: 175-176g<\/p>\n<p>A5 \u00e4r en n\u00e5got \u00f6verstabil inflygningspuck, som har ett rakt flyg n\u00e4r det kastas h\u00e5rt, men har en p\u00e5litlig slutkurva. A5 \u00e4r lite l\u00e5ngsammare och mindre \u00f6verstabil \u00e4n Prodigys andra Approach-puckar och av denna anledning landar den lugnare och hoppar inte lika k\u00e4nsligt. Tack vare sin tillf\u00f6rlitliga flygning \u00e4r A5 l\u00e4mplig f\u00f6r spelare p\u00e5 m\u00e5nga niv\u00e5er.<\/p>","protected":false},"featured_media":234795,"comment_status":"open","ping_status":"closed","template":"","meta":{"_acf_changed":false,"om_disable_all_campaigns":false,"_improvement_type_select":"improve_an_existing","_thumb_yes_seoaic":false,"_frame_yes_seoaic":false,"seoaic_generate_description":"","seoaic_improve_instructions_prompt":"","seoaic_rollback_content_improvement":"","seoaic_idea_thumbnail_generator":"","thumbnail_generated":false,"thumbnail_generate_prompt":"","seoaic_article_description":""},"product_brand":[4872],"product_cat":[1832,3783,1817],"product_tag":[566],"class_list":{"0":"post-234793","1":"product","2":"type-product","3":"status-publish","4":"has-post-thumbnail","6":"product_brand-prodigy-disc","7":"product_cat-uudet-prodigy-kiekot","8":"product_cat-syysale","9":"product_cat-uudet-kiekot","10":"product_tag-midari","11":"pa_feidi-286","12":"pa_liito-273","13":"pa_nopeus-257","14":"pa_paino-331","15":"pa_vakaus-281","16":"pa_vari-keltainen","18":"first","19":"instock","20":"sale","21":"taxable","22":"shipping-taxable","23":"purchasable","24":"product-type-variable"},"acf":[],"_links":{"self":[{"href":"https:\/\/topdisc.fi\/sv\/wp-json\/wp\/v2\/product\/234793","targetHints":{"allow":["GET"]}}],"collection":[{"href":"https:\/\/topdisc.fi\/sv\/wp-json\/wp\/v2\/product"}],"about":[{"href":"https:\/\/topdisc.fi\/sv\/wp-json\/wp\/v2\/types\/product"}],"replies":[{"embeddable":true,"href":"https:\/\/topdisc.fi\/sv\/wp-json\/wp\/v2\/comments?post=234793"}],"version-history":[{"count":1,"href":"https:\/\/topdisc.fi\/sv\/wp-json\/wp\/v2\/product\/234793\/revisions"}],"predecessor-version":[{"id":264132,"href":"https:\/\/topdisc.fi\/sv\/wp-json\/wp\/v2\/product\/234793\/revisions\/264132"}],"wp:featuredmedia":[{"embeddable":true,"href":"https:\/\/topdisc.fi\/sv\/wp-json\/wp\/v2\/media\/234795"}],"wp:attachment":[{"href":"https:\/\/topdisc.fi\/sv\/wp-json\/wp\/v2\/media?parent=234793"}],"wp:term":[{"taxonomy":"product_brand","embeddable":true,"href":"https:\/\/topdisc.fi\/sv\/wp-json\/wp\/v2\/product_brand?post=234793"},{"taxonomy":"product_cat","embeddable":true,"href":"https:\/\/topdisc.fi\/sv\/wp-json\/wp\/v2\/product_cat?post=234793"},{"taxonomy":"product_tag","embeddable":true,"href":"https:\/\/topdisc.fi\/sv\/wp-json\/wp\/v2\/product_tag?post=234793"}],"curies":[{"name":"wp","href":"https:\/\/api.w.org\/{rel}","templated":true}]}}