{"id":234820,"date":"2024-10-11T15:09:05","date_gmt":"2024-10-11T12:09:05","guid":{"rendered":"https:\/\/topdisc.fi\/?post_type=product&#038;p=234820"},"modified":"2026-01-27T17:48:16","modified_gmt":"2026-01-27T15:48:16","slug":"prodigy-disc-400-fx-3-12","status":"publish","type":"product","link":"https:\/\/topdisc.fi\/sv\/produkt\/prodigy-disc-400-fx-3-12\/","title":{"rendered":"Prodigy Disc 400 FX-3"},"content":{"rendered":"<p>Prodigy Disc 400 FX-3<\/p>\n<p>Flygv\u00e4rden: 9 4 -1,5 2<\/p>\n<p>Vikt: 174g<\/p>\n<p>FX-3 \u00e4r en snabb och stabil fairway-f\u00f6rare med en n\u00e5got bredare kant j\u00e4mf\u00f6rt med skivor i F-serien. Det \u00e4r mycket l\u00e5ng r\u00e4ckvidd, l\u00e4tt att kontrollera och l\u00e4mpar sig f\u00f6r spelare p\u00e5 m\u00e5nga niv\u00e5er. <b>F\u00e4rgen p\u00e5 skivan och trycket varierar, och produkten kanske inte matchar produktbilden.<\/b><\/p>","protected":false},"excerpt":{"rendered":"<p>Prodigy Disc 400 FX-3<\/p>\n<p>Flygv\u00e4rden: 9 4 -1,5 2<\/p>\n<p>Vikt: 174g<\/p>\n<p>FX-3 \u00e4r en snabb och stabil fairway-f\u00f6rare med en n\u00e5got bredare kant j\u00e4mf\u00f6rt med skivor i F-serien. Det \u00e4r mycket l\u00e5ng r\u00e4ckvidd, l\u00e4tt att kontrollera och l\u00e4mpar sig f\u00f6r spelare p\u00e5 m\u00e5nga niv\u00e5er. <b>F\u00e4rgen p\u00e5 skivan och trycket varierar, och produkten kanske inte matchar produktbilden.<\/b><\/p>","protected":false},"featured_media":234822,"comment_status":"open","ping_status":"closed","template":"","meta":{"_acf_changed":false,"om_disable_all_campaigns":false,"_improvement_type_select":"improve_an_existing","_thumb_yes_seoaic":false,"_frame_yes_seoaic":false,"seoaic_generate_description":"","seoaic_improve_instructions_prompt":"","seoaic_rollback_content_improvement":"","seoaic_idea_thumbnail_generator":"","thumbnail_generated":false,"thumbnail_generate_prompt":"","seoaic_article_description":""},"product_brand":[4872],"product_cat":[1832,3783,1817],"product_tag":[555],"class_list":{"0":"post-234820","1":"product","2":"type-product","3":"status-publish","4":"has-post-thumbnail","6":"product_brand-prodigy-disc","7":"product_cat-uudet-prodigy-kiekot","8":"product_cat-syysale","9":"product_cat-uudet-kiekot","10":"product_tag-driver","11":"pa_feidi-287","12":"pa_liito-273","13":"pa_nopeus-263","14":"pa_paino-325","15":"pa_vakaus-1-5","16":"pa_vari-punainen","18":"first","19":"instock","20":"sale","21":"taxable","22":"shipping-taxable","23":"purchasable","24":"product-type-variable"},"acf":[],"_links":{"self":[{"href":"https:\/\/topdisc.fi\/sv\/wp-json\/wp\/v2\/product\/234820","targetHints":{"allow":["GET"]}}],"collection":[{"href":"https:\/\/topdisc.fi\/sv\/wp-json\/wp\/v2\/product"}],"about":[{"href":"https:\/\/topdisc.fi\/sv\/wp-json\/wp\/v2\/types\/product"}],"replies":[{"embeddable":true,"href":"https:\/\/topdisc.fi\/sv\/wp-json\/wp\/v2\/comments?post=234820"}],"version-history":[{"count":1,"href":"https:\/\/topdisc.fi\/sv\/wp-json\/wp\/v2\/product\/234820\/revisions"}],"predecessor-version":[{"id":264131,"href":"https:\/\/topdisc.fi\/sv\/wp-json\/wp\/v2\/product\/234820\/revisions\/264131"}],"wp:featuredmedia":[{"embeddable":true,"href":"https:\/\/topdisc.fi\/sv\/wp-json\/wp\/v2\/media\/234822"}],"wp:attachment":[{"href":"https:\/\/topdisc.fi\/sv\/wp-json\/wp\/v2\/media?parent=234820"}],"wp:term":[{"taxonomy":"product_brand","embeddable":true,"href":"https:\/\/topdisc.fi\/sv\/wp-json\/wp\/v2\/product_brand?post=234820"},{"taxonomy":"product_cat","embeddable":true,"href":"https:\/\/topdisc.fi\/sv\/wp-json\/wp\/v2\/product_cat?post=234820"},{"taxonomy":"product_tag","embeddable":true,"href":"https:\/\/topdisc.fi\/sv\/wp-json\/wp\/v2\/product_tag?post=234820"}],"curies":[{"name":"wp","href":"https:\/\/api.w.org\/{rel}","templated":true}]}}