{"id":234849,"date":"2024-10-11T16:01:24","date_gmt":"2024-10-11T13:01:24","guid":{"rendered":"https:\/\/topdisc.fi\/?post_type=product&#038;p=234849"},"modified":"2026-01-27T17:48:15","modified_gmt":"2026-01-27T15:48:15","slug":"prodigy-disc-500-m4-5","status":"publish","type":"product","link":"https:\/\/topdisc.fi\/sv\/produkt\/prodigy-disc-500-m4-5\/","title":{"rendered":"Prodigy Disc 500 M4"},"content":{"rendered":"<p>Prodigy Disc 500 M4<\/p>\n<p>Flygv\u00e4rden: 5 5 -1 1<\/p>\n<p>Vikt: 177-180g<\/p>\n<p>M4 \u00e4r den mest popul\u00e4ra pucken i M-serien. Tack vare den fantastiska glidfunktionen \u00e4r det m\u00f6jligt att g\u00f6ra l\u00e5nga raka kast med pucken \u00e4ven n\u00e4r man kastar med lite kraft. Av denna anledning passar pucken inte bara f\u00f6r aktiva entusiaster utan \u00e4ven f\u00f6r de som precis har b\u00f6rjat med sporten, ungdomar, \u00e4ldre och kvinnor. N\u00e4r man kastar h\u00e5rdare kr\u00f6ker pucken sig n\u00e5got mot sin rotationsriktning i b\u00f6rjan av banan och blir d\u00e4rmed en n\u00e5got mindre stabil puck. 500 plast \u00e4r n\u00e5got styvare och h\u00e5rdare \u00e4n 400 plast. Den erbjuder ett p\u00e5litligt och bekv\u00e4mt grepp om pucken och ser bra ut. \u00a0 <i>F\u00e4rgen p\u00e5 trycket och nyansen p\u00e5 skivan kanske inte matchar produktbilden.<\/i><\/p>","protected":false},"excerpt":{"rendered":"<p>Prodigy Disc 500 M4<\/p>\n<p>Flygv\u00e4rden: 5 5 -1 1<\/p>\n<p>Vikt: 177-180g<\/p>\n<p>M4 \u00e4r den mest popul\u00e4ra pucken i M-serien. Tack vare den fantastiska glidfunktionen \u00e4r det m\u00f6jligt att g\u00f6ra l\u00e5nga raka kast med pucken \u00e4ven n\u00e4r man kastar med lite kraft. Av denna anledning passar pucken inte bara f\u00f6r aktiva entusiaster utan \u00e4ven f\u00f6r de som precis har b\u00f6rjat med sporten, ungdomar, \u00e4ldre och kvinnor. N\u00e4r man kastar h\u00e5rdare kr\u00f6ker pucken sig n\u00e5got mot sin rotationsriktning i b\u00f6rjan av banan och blir d\u00e4rmed en n\u00e5got mindre stabil puck. 500 plast \u00e4r n\u00e5got styvare och h\u00e5rdare \u00e4n 400 plast. Den erbjuder ett p\u00e5litligt och bekv\u00e4mt grepp om pucken och ser bra ut. \u00a0 <i>F\u00e4rgen p\u00e5 trycket och nyansen p\u00e5 skivan kanske inte matchar produktbilden.<\/i><\/p>","protected":false},"featured_media":234852,"comment_status":"open","ping_status":"closed","template":"","meta":{"_acf_changed":false,"om_disable_all_campaigns":false,"_improvement_type_select":"improve_an_existing","_thumb_yes_seoaic":false,"_frame_yes_seoaic":false,"seoaic_generate_description":"","seoaic_improve_instructions_prompt":"","seoaic_rollback_content_improvement":"","seoaic_idea_thumbnail_generator":"","thumbnail_generated":false,"thumbnail_generate_prompt":"","seoaic_article_description":""},"product_brand":[4872],"product_cat":[1832,3783,1817],"product_tag":[566],"class_list":{"0":"post-234849","1":"product","2":"type-product","3":"status-publish","4":"has-post-thumbnail","6":"product_brand-prodigy-disc","7":"product_cat-uudet-prodigy-kiekot","8":"product_cat-syysale","9":"product_cat-uudet-kiekot","10":"product_tag-midari","11":"pa_feidi-286","12":"pa_liito-274","13":"pa_nopeus-259","14":"pa_paino-328","15":"pa_paino-329","16":"pa_vakaus-281","17":"pa_vari-punainen","19":"first","20":"instock","21":"sale","22":"taxable","23":"shipping-taxable","24":"purchasable","25":"product-type-variable"},"acf":[],"_links":{"self":[{"href":"https:\/\/topdisc.fi\/sv\/wp-json\/wp\/v2\/product\/234849","targetHints":{"allow":["GET"]}}],"collection":[{"href":"https:\/\/topdisc.fi\/sv\/wp-json\/wp\/v2\/product"}],"about":[{"href":"https:\/\/topdisc.fi\/sv\/wp-json\/wp\/v2\/types\/product"}],"replies":[{"embeddable":true,"href":"https:\/\/topdisc.fi\/sv\/wp-json\/wp\/v2\/comments?post=234849"}],"version-history":[{"count":1,"href":"https:\/\/topdisc.fi\/sv\/wp-json\/wp\/v2\/product\/234849\/revisions"}],"predecessor-version":[{"id":264129,"href":"https:\/\/topdisc.fi\/sv\/wp-json\/wp\/v2\/product\/234849\/revisions\/264129"}],"wp:featuredmedia":[{"embeddable":true,"href":"https:\/\/topdisc.fi\/sv\/wp-json\/wp\/v2\/media\/234852"}],"wp:attachment":[{"href":"https:\/\/topdisc.fi\/sv\/wp-json\/wp\/v2\/media?parent=234849"}],"wp:term":[{"taxonomy":"product_brand","embeddable":true,"href":"https:\/\/topdisc.fi\/sv\/wp-json\/wp\/v2\/product_brand?post=234849"},{"taxonomy":"product_cat","embeddable":true,"href":"https:\/\/topdisc.fi\/sv\/wp-json\/wp\/v2\/product_cat?post=234849"},{"taxonomy":"product_tag","embeddable":true,"href":"https:\/\/topdisc.fi\/sv\/wp-json\/wp\/v2\/product_tag?post=234849"}],"curies":[{"name":"wp","href":"https:\/\/api.w.org\/{rel}","templated":true}]}}