{"id":235264,"date":"2024-10-23T17:10:13","date_gmt":"2024-10-23T14:10:13","guid":{"rendered":"https:\/\/topdisc.fi\/?post_type=product&#038;p=235264"},"modified":"2026-01-27T17:48:14","modified_gmt":"2026-01-27T15:48:14","slug":"prodigy-disc-300-soft-pa-3-2","status":"publish","type":"product","link":"https:\/\/topdisc.fi\/sv\/produkt\/prodigy-disc-300-soft-pa-3-2\/","title":{"rendered":"Prodigy Disc 300 Soft Pa-3 Isaac Robinson Champions Cup"},"content":{"rendered":"<p>Prodigy Disc 300 mjuk Pa 3<\/p>\n<p>Flygv\u00e4rden: 3 4 0 1<\/p>\n<p>Vikt: 170-174g<\/p>\n<p>&nbsp;<\/p>\n<p>Pa3 \u00e4r den mest raktflygande puttern med l\u00e5g kant i Prodigy Disc-kollektionen. Pa3 l\u00e4mpar sig mycket bra f\u00f6r infallskast och puttar f\u00f6r b\u00e5de nyb\u00f6rjare och t\u00e4vlingsspelare. Denna putter beh\u00e5ller p\u00e5 ett tillf\u00f6rlitligt s\u00e4tt sin raka bana till slutet. Den absoluta favoritputtern f\u00f6r m\u00e5nga entusiaster och proffsspelare. 300 SOFT plast k\u00e4nns v\u00e4ldigt likt 300 plast, men lite mjukare. 300 SOFT plast \u00e4r s\u00e4rskilt l\u00e4mplig f\u00f6r putting och n\u00e4rspel under kallare f\u00f6rh\u00e5llanden. <i>F\u00e4rgen p\u00e5 trycket och nyansen p\u00e5 skivan kanske inte matchar produktbilden.<\/i><\/p>","protected":false},"excerpt":{"rendered":"<p>Prodigy Disc 300 mjuk Pa 3<\/p>\n<p>Flygv\u00e4rden: 3 4 0 1<\/p>\n<p>Vikt: 170-174g<\/p>\n<p>&nbsp;<\/p>\n<p>Pa3 \u00e4r den mest raktflygande puttern med l\u00e5g kant i Prodigy Disc-kollektionen. Pa3 l\u00e4mpar sig mycket bra f\u00f6r infallskast och puttar f\u00f6r b\u00e5de nyb\u00f6rjare och t\u00e4vlingsspelare. Denna putter beh\u00e5ller p\u00e5 ett tillf\u00f6rlitligt s\u00e4tt sin raka bana till slutet. Den absoluta favoritputtern f\u00f6r m\u00e5nga entusiaster och proffsspelare. 300 SOFT plast k\u00e4nns v\u00e4ldigt likt 300 plast, men lite mjukare. 300 SOFT plast \u00e4r s\u00e4rskilt l\u00e4mplig f\u00f6r putting och n\u00e4rspel under kallare f\u00f6rh\u00e5llanden. <i>F\u00e4rgen p\u00e5 trycket och nyansen p\u00e5 skivan kanske inte matchar produktbilden.<\/i><\/p>","protected":false},"featured_media":235266,"comment_status":"open","ping_status":"closed","template":"","meta":{"_acf_changed":false,"om_disable_all_campaigns":false,"_improvement_type_select":"improve_an_existing","_thumb_yes_seoaic":false,"_frame_yes_seoaic":false,"seoaic_generate_description":"","seoaic_improve_instructions_prompt":"","seoaic_rollback_content_improvement":"","seoaic_idea_thumbnail_generator":"","thumbnail_generated":false,"thumbnail_generate_prompt":"","seoaic_article_description":""},"product_brand":[4872],"product_cat":[1832,3783,1817],"product_tag":[],"class_list":{"0":"post-235264","1":"product","2":"type-product","3":"status-publish","4":"has-post-thumbnail","6":"product_brand-prodigy-disc","7":"product_cat-uudet-prodigy-kiekot","8":"product_cat-syysale","9":"product_cat-uudet-kiekot","10":"pa_feidi-286","11":"pa_liito-273","12":"pa_nopeus-257","13":"pa_paino-324","14":"pa_vakaus-zero","15":"pa_valmistajat-prodigy-discs","16":"pa_vari-sininen","18":"first","19":"instock","20":"taxable","21":"shipping-taxable","22":"purchasable","23":"product-type-simple"},"acf":[],"_links":{"self":[{"href":"https:\/\/topdisc.fi\/sv\/wp-json\/wp\/v2\/product\/235264","targetHints":{"allow":["GET"]}}],"collection":[{"href":"https:\/\/topdisc.fi\/sv\/wp-json\/wp\/v2\/product"}],"about":[{"href":"https:\/\/topdisc.fi\/sv\/wp-json\/wp\/v2\/types\/product"}],"replies":[{"embeddable":true,"href":"https:\/\/topdisc.fi\/sv\/wp-json\/wp\/v2\/comments?post=235264"}],"version-history":[{"count":1,"href":"https:\/\/topdisc.fi\/sv\/wp-json\/wp\/v2\/product\/235264\/revisions"}],"predecessor-version":[{"id":257412,"href":"https:\/\/topdisc.fi\/sv\/wp-json\/wp\/v2\/product\/235264\/revisions\/257412"}],"wp:featuredmedia":[{"embeddable":true,"href":"https:\/\/topdisc.fi\/sv\/wp-json\/wp\/v2\/media\/235266"}],"wp:attachment":[{"href":"https:\/\/topdisc.fi\/sv\/wp-json\/wp\/v2\/media?parent=235264"}],"wp:term":[{"taxonomy":"product_brand","embeddable":true,"href":"https:\/\/topdisc.fi\/sv\/wp-json\/wp\/v2\/product_brand?post=235264"},{"taxonomy":"product_cat","embeddable":true,"href":"https:\/\/topdisc.fi\/sv\/wp-json\/wp\/v2\/product_cat?post=235264"},{"taxonomy":"product_tag","embeddable":true,"href":"https:\/\/topdisc.fi\/sv\/wp-json\/wp\/v2\/product_tag?post=235264"}],"curies":[{"name":"wp","href":"https:\/\/api.w.org\/{rel}","templated":true}]}}