{"id":235281,"date":"2024-10-24T13:32:44","date_gmt":"2024-10-24T10:32:44","guid":{"rendered":"https:\/\/topdisc.fi\/?post_type=product&#038;p=235281"},"modified":"2026-03-12T15:50:59","modified_gmt":"2026-03-12T13:50:59","slug":"kastaplast-k1-glow-berg-2022","status":"publish","type":"product","link":"https:\/\/topdisc.fi\/sv\/produkt\/kastaplast-k1-glow-berg-2022\/","title":{"rendered":"Kastaplast K1 Glow Berg 2022"},"content":{"rendered":"<p>Kastaplast K1 Glow Berg 2022<\/p>\n<p>Flygv\u00e4rden: 1 1 0 2<\/p>\n<p>Skick: BA+<\/p>\n<p>Vikt: 175g<\/p>\n<p>Mark\u00f6rer: -<\/p>\n<p>Ytterligare information: Denna puck \u00e4r en extremt stabil ansatspuck som t\u00e5l motvind. S\u00e4rskilt bra f\u00f6r situationer d\u00e5 man inte vill koppla ihop pucken f\u00f6r l\u00e5ngt. Denna puck \u00e4r l\u00e4mplig f\u00f6r Fore och f\u00f6r knogsidan. Specialiteten f\u00f6r detta \u00e4r den s\u00e5 kallade &quot;thumb track&quot;, vilket inneb\u00e4r att det finns en f\u00f6rdjupning l\u00e4mplig f\u00f6r tummen p\u00e5 kanten av skivans \u00f6vre kant. Nederkanten av skivan \u00e4r normal.<\/p>\n<p>&nbsp;<\/p>","protected":false},"excerpt":{"rendered":"<p>Kastaplast K1 Glow Berg 2022<\/p>\n<p>Flygv\u00e4rden: 1 1 0 2<\/p>\n<p>Skick: BA+<\/p>\n<p>Vikt: 175g<\/p>\n<p>Mark\u00f6rer: -<\/p>\n<p>Ytterligare information: Denna puck \u00e4r en extremt stabil ansatspuck som t\u00e5l motvind. S\u00e4rskilt bra f\u00f6r situationer d\u00e5 man inte vill koppla ihop pucken f\u00f6r l\u00e5ngt. Denna puck \u00e4r l\u00e4mplig f\u00f6r Fore och f\u00f6r knogsidan. Specialiteten f\u00f6r detta \u00e4r den s\u00e5 kallade &quot;thumb track&quot;, vilket inneb\u00e4r att det finns en f\u00f6rdjupning l\u00e4mplig f\u00f6r tummen p\u00e5 kanten av skivans \u00f6vre kant. Nederkanten av skivan \u00e4r normal.<\/p>","protected":false},"featured_media":236418,"comment_status":"open","ping_status":"closed","template":"","meta":{"_acf_changed":false,"om_disable_all_campaigns":false,"_improvement_type_select":"improve_an_existing","_thumb_yes_seoaic":false,"_frame_yes_seoaic":false,"seoaic_generate_description":"","seoaic_improve_instructions_prompt":"","seoaic_rollback_content_improvement":"","seoaic_idea_thumbnail_generator":"","thumbnail_generated":false,"thumbnail_generate_prompt":"","seoaic_article_description":""},"product_brand":[4870],"product_cat":[366,1828,1806,368,1808],"product_tag":[4862,565,569],"class_list":{"0":"post-235281","1":"product","2":"type-product","3":"status-publish","4":"has-post-thumbnail","6":"product_brand-kastaplast","7":"product_cat-glowit","8":"product_cat-kastaplast-kaytetyt-frisbeegolfkiekot-2","9":"product_cat-kaytetyt-frisbeegolfkiekot","10":"product_cat-lahestymiskiekot","11":"product_cat-kaytetyt-putterit","12":"product_tag-glow","13":"product_tag-putteri","14":"product_tag-ylivakaa","15":"pa_feidi-287","16":"pa_kunto-ba","17":"pa_liito-270","18":"pa_nopeus-255","19":"pa_paino-326","20":"pa_vakaus-zero","22":"first","23":"outofstock","24":"shipping-taxable","25":"purchasable","26":"product-type-simple"},"acf":[],"_links":{"self":[{"href":"https:\/\/topdisc.fi\/sv\/wp-json\/wp\/v2\/product\/235281","targetHints":{"allow":["GET"]}}],"collection":[{"href":"https:\/\/topdisc.fi\/sv\/wp-json\/wp\/v2\/product"}],"about":[{"href":"https:\/\/topdisc.fi\/sv\/wp-json\/wp\/v2\/types\/product"}],"replies":[{"embeddable":true,"href":"https:\/\/topdisc.fi\/sv\/wp-json\/wp\/v2\/comments?post=235281"}],"version-history":[{"count":1,"href":"https:\/\/topdisc.fi\/sv\/wp-json\/wp\/v2\/product\/235281\/revisions"}],"predecessor-version":[{"id":261291,"href":"https:\/\/topdisc.fi\/sv\/wp-json\/wp\/v2\/product\/235281\/revisions\/261291"}],"wp:featuredmedia":[{"embeddable":true,"href":"https:\/\/topdisc.fi\/sv\/wp-json\/wp\/v2\/media\/236418"}],"wp:attachment":[{"href":"https:\/\/topdisc.fi\/sv\/wp-json\/wp\/v2\/media?parent=235281"}],"wp:term":[{"taxonomy":"product_brand","embeddable":true,"href":"https:\/\/topdisc.fi\/sv\/wp-json\/wp\/v2\/product_brand?post=235281"},{"taxonomy":"product_cat","embeddable":true,"href":"https:\/\/topdisc.fi\/sv\/wp-json\/wp\/v2\/product_cat?post=235281"},{"taxonomy":"product_tag","embeddable":true,"href":"https:\/\/topdisc.fi\/sv\/wp-json\/wp\/v2\/product_tag?post=235281"}],"curies":[{"name":"wp","href":"https:\/\/api.w.org\/{rel}","templated":true}]}}