{"id":235372,"date":"2024-10-24T16:43:18","date_gmt":"2024-10-24T13:43:18","guid":{"rendered":"https:\/\/topdisc.fi\/?post_type=product&#038;p=235372"},"modified":"2026-01-27T17:48:13","modified_gmt":"2026-01-27T15:48:13","slug":"prodigy-disc-400-d1-gannon-buhr","status":"publish","type":"product","link":"https:\/\/topdisc.fi\/sv\/produkt\/prodigy-disc-400-d1-gannon-buhr\/","title":{"rendered":"Prodigy Disc 400 D1 Gannon Buhr"},"content":{"rendered":"<p>Prodigy Disc 400 D1 Gannon Buhr<\/p>\n<p>Flygv\u00e4rden 13 5 0 4<\/p>\n<p>Vikt: 172-175g<\/p>\n<p>D1 \u00e4r den stabilaste modellen i D-serien, som l\u00e4mpar sig v\u00e4l f\u00f6r skarpa v\u00e4nstersv\u00e4ngningar och bl\u00e5siga f\u00f6rh\u00e5llanden. De flesta av de b\u00e4sta spelarna i v\u00e4rlden anv\u00e4nder denna disk i de flesta av sina enheter. D1 har ocks\u00e5 vuxit i popularitet bland entusiaster som ett p\u00e5litligt verktyg f\u00f6r bl\u00e5siga f\u00f6rh\u00e5llanden. F\u00e4rgen p\u00e5 trycket och nyansen p\u00e5 skivan kanske inte matchar produktbilden.<\/p>","protected":false},"excerpt":{"rendered":"<p>Prodigy Disc 400 D1 Gannon Buhr<\/p>\n<p>Flygv\u00e4rden 13 5 0 4<\/p>\n<p>Vikt: 172-175g<\/p>\n<p>D1 \u00e4r den stabilaste modellen i D-serien, som l\u00e4mpar sig v\u00e4l f\u00f6r skarpa v\u00e4nstersv\u00e4ngningar och bl\u00e5siga f\u00f6rh\u00e5llanden. De flesta av de b\u00e4sta spelarna i v\u00e4rlden anv\u00e4nder denna disk i de flesta av sina enheter. D1 har ocks\u00e5 vuxit i popularitet bland entusiaster som ett p\u00e5litligt verktyg f\u00f6r bl\u00e5siga f\u00f6rh\u00e5llanden. F\u00e4rgen p\u00e5 trycket och nyansen p\u00e5 skivan kanske inte matchar produktbilden.<\/p>","protected":false},"featured_media":235379,"comment_status":"open","ping_status":"closed","template":"","meta":{"_acf_changed":false,"om_disable_all_campaigns":false,"_improvement_type_select":"improve_an_existing","_thumb_yes_seoaic":false,"_frame_yes_seoaic":false,"seoaic_generate_description":"","seoaic_improve_instructions_prompt":"","seoaic_rollback_content_improvement":"","seoaic_idea_thumbnail_generator":"","thumbnail_generated":false,"thumbnail_generate_prompt":"","seoaic_article_description":""},"product_brand":[4872],"product_cat":[1832,678,3783,1817],"product_tag":[555],"class_list":{"0":"post-235372","1":"product","2":"type-product","3":"status-publish","4":"has-post-thumbnail","6":"product_brand-prodigy-disc","7":"product_cat-uudet-prodigy-kiekot","8":"product_cat-spessut","9":"product_cat-syysale","10":"product_cat-uudet-kiekot","11":"product_tag-driver","12":"pa_feidi-289","13":"pa_liito-274","14":"pa_nopeus-267","15":"pa_paino-323","16":"pa_paino-324","17":"pa_vakaus-zero","18":"pa_vari-pinkki","20":"first","21":"instock","22":"sale","23":"taxable","24":"shipping-taxable","25":"purchasable","26":"product-type-variable"},"acf":[],"_links":{"self":[{"href":"https:\/\/topdisc.fi\/sv\/wp-json\/wp\/v2\/product\/235372","targetHints":{"allow":["GET"]}}],"collection":[{"href":"https:\/\/topdisc.fi\/sv\/wp-json\/wp\/v2\/product"}],"about":[{"href":"https:\/\/topdisc.fi\/sv\/wp-json\/wp\/v2\/types\/product"}],"replies":[{"embeddable":true,"href":"https:\/\/topdisc.fi\/sv\/wp-json\/wp\/v2\/comments?post=235372"}],"version-history":[{"count":1,"href":"https:\/\/topdisc.fi\/sv\/wp-json\/wp\/v2\/product\/235372\/revisions"}],"predecessor-version":[{"id":264126,"href":"https:\/\/topdisc.fi\/sv\/wp-json\/wp\/v2\/product\/235372\/revisions\/264126"}],"wp:featuredmedia":[{"embeddable":true,"href":"https:\/\/topdisc.fi\/sv\/wp-json\/wp\/v2\/media\/235379"}],"wp:attachment":[{"href":"https:\/\/topdisc.fi\/sv\/wp-json\/wp\/v2\/media?parent=235372"}],"wp:term":[{"taxonomy":"product_brand","embeddable":true,"href":"https:\/\/topdisc.fi\/sv\/wp-json\/wp\/v2\/product_brand?post=235372"},{"taxonomy":"product_cat","embeddable":true,"href":"https:\/\/topdisc.fi\/sv\/wp-json\/wp\/v2\/product_cat?post=235372"},{"taxonomy":"product_tag","embeddable":true,"href":"https:\/\/topdisc.fi\/sv\/wp-json\/wp\/v2\/product_tag?post=235372"}],"curies":[{"name":"wp","href":"https:\/\/api.w.org\/{rel}","templated":true}]}}