{"id":235449,"date":"2024-10-25T16:26:49","date_gmt":"2024-10-25T13:26:49","guid":{"rendered":"https:\/\/topdisc.fi\/?post_type=product&#038;p=235449"},"modified":"2026-01-27T16:55:19","modified_gmt":"2026-01-27T14:55:19","slug":"discmania-neo-mutant-primal-run","status":"publish","type":"product","link":"https:\/\/topdisc.fi\/sv\/produkt\/discmania-neo-mutant-primal-run\/","title":{"rendered":"Discmania Neo Mutant Primal Run"},"content":{"rendered":"<p>Discmania Neo Mutant Primal Run<\/p>\n<p>Flygv\u00e4rden: 5 3 0 4<\/p>\n<p>Skick: A-<\/p>\n<p>Vikt: 176g<\/p>\n<p>Mark\u00f6rer: 1x f\u00e4lgmark\u00f6rer<\/p>","protected":false},"excerpt":{"rendered":"<p>Discmania Neo Mutant Primal Run<\/p>\n<p>Flygv\u00e4rden: 5 3 0 4<\/p>\n<p>Skick: A-<\/p>\n<p>Vikt: 176g<\/p>\n<p>Mark\u00f6rer: 1x kantmark\u00f6rer<\/p>","protected":false},"featured_media":237077,"comment_status":"open","ping_status":"closed","template":"","meta":{"_acf_changed":false,"om_disable_all_campaigns":false,"_improvement_type_select":"improve_an_existing","_thumb_yes_seoaic":false,"_frame_yes_seoaic":false,"seoaic_generate_description":"","seoaic_improve_instructions_prompt":"","seoaic_rollback_content_improvement":"","seoaic_idea_thumbnail_generator":"","thumbnail_generated":false,"thumbnail_generate_prompt":"","seoaic_article_description":""},"product_brand":[4855],"product_cat":[656,1807,1755,1757,4670,1806,1811,678,2625],"product_tag":[566,677],"class_list":{"0":"post-235449","1":"product","2":"type-product","3":"status-publish","4":"has-post-thumbnail","6":"product_brand-discmania","7":"product_cat-discmania-kaikki","8":"product_cat-discmania-kaytetyt-frisbeegolfkiekot","9":"product_cat-discmania-kaytetyt-midarit","10":"product_cat-discmania-kaytetyt-spesiaalikiekot","11":"product_cat-inv","12":"product_cat-kaytetyt-frisbeegolfkiekot","13":"product_cat-midarit","14":"product_cat-spessut","15":"product_cat-valmistajat","16":"product_tag-midari","17":"product_tag-special","18":"pa_feidi-289","19":"pa_kunto-a-3","20":"pa_liito-272","21":"pa_nopeus-259","22":"pa_paino-331","23":"pa_vakaus-zero","24":"pa_valmistajat-discmania","26":"first","27":"instock","28":"shipping-taxable","29":"purchasable","30":"product-type-simple"},"acf":[],"_links":{"self":[{"href":"https:\/\/topdisc.fi\/sv\/wp-json\/wp\/v2\/product\/235449","targetHints":{"allow":["GET"]}}],"collection":[{"href":"https:\/\/topdisc.fi\/sv\/wp-json\/wp\/v2\/product"}],"about":[{"href":"https:\/\/topdisc.fi\/sv\/wp-json\/wp\/v2\/types\/product"}],"replies":[{"embeddable":true,"href":"https:\/\/topdisc.fi\/sv\/wp-json\/wp\/v2\/comments?post=235449"}],"version-history":[{"count":1,"href":"https:\/\/topdisc.fi\/sv\/wp-json\/wp\/v2\/product\/235449\/revisions"}],"predecessor-version":[{"id":263781,"href":"https:\/\/topdisc.fi\/sv\/wp-json\/wp\/v2\/product\/235449\/revisions\/263781"}],"wp:featuredmedia":[{"embeddable":true,"href":"https:\/\/topdisc.fi\/sv\/wp-json\/wp\/v2\/media\/237077"}],"wp:attachment":[{"href":"https:\/\/topdisc.fi\/sv\/wp-json\/wp\/v2\/media?parent=235449"}],"wp:term":[{"taxonomy":"product_brand","embeddable":true,"href":"https:\/\/topdisc.fi\/sv\/wp-json\/wp\/v2\/product_brand?post=235449"},{"taxonomy":"product_cat","embeddable":true,"href":"https:\/\/topdisc.fi\/sv\/wp-json\/wp\/v2\/product_cat?post=235449"},{"taxonomy":"product_tag","embeddable":true,"href":"https:\/\/topdisc.fi\/sv\/wp-json\/wp\/v2\/product_tag?post=235449"}],"curies":[{"name":"wp","href":"https:\/\/api.w.org\/{rel}","templated":true}]}}