{"id":235655,"date":"2024-10-28T16:43:07","date_gmt":"2024-10-28T14:43:07","guid":{"rendered":"https:\/\/topdisc.fi\/?post_type=product&#038;p=235655"},"modified":"2026-03-09T20:37:57","modified_gmt":"2026-03-09T18:37:57","slug":"discraft-luna-paul-mcbeth-signature","status":"publish","type":"product","link":"https:\/\/topdisc.fi\/sv\/produkt\/discraft-luna-paul-mcbeth-signature\/","title":{"rendered":"Discraft Luna - Paul Mcbeth Signatur"},"content":{"rendered":"<p>Discraft Luna - Paul Mcbeth Signatur<\/p>\n<p>Flygv\u00e4rden: 3 3 0 3 1,0<\/p>\n<p>Vikt 170-174g<\/p>\n<p>Luna ing\u00e5r i McBeth Signature-kollektionen och \u00e4r Discrafts mest popul\u00e4ra putter. Luna kommer med en plastblandning designad f\u00f6r McBeth, liknande Jawbreaker-plast, men inneh\u00e5ller \u00e4ven sm\u00e5 bitar av gummi. Utm\u00e4rkt grepp, medelh\u00e5rdhet. Luna \u00e4r en mycket p\u00e5litlig, klibbig och n\u00e5got \u00f6verstabil putter som perfekt lyder linjen som den f\u00e5r, och t\u00e5l lite vind.<\/p>\n<p>Luna \u00e4r perfekt f\u00f6r b\u00e5de puttar och ansatser. Luna \u00e4r ocks\u00e5 riktigt behaglig f\u00f6r handen (ingen p\u00e4rla), och har snabbt blivit Discrafts popul\u00e4raste putter. Rekommenderas f\u00f6r alla f\u00e4rdighetsniv\u00e5er!<\/p>\n<p><em>Notera! Den valbara hjulf\u00e4rgen betyder hjulets huvudf\u00e4rg. Produktbilderna \u00e4r exempelbilder, inte en garanti f\u00f6r den exakta individen som kommer att levereras till dig. F\u00e4rgerna p\u00e5 st\u00e4mplarna och skivornas nyanser varierar.<\/em><\/p>\n<p><a href=\"https:\/\/www.discraft.com\/paul-mcbeth-luna-mcbethluna?returnurl=%2fsearch%3fq%3dluna\" target=\"_blank\" rel=\"noopener\">Paul McBeth Luna Putter (discraft.com)<\/a><\/p>\n<p><a href=\"https:\/\/topdisc.fi\/wp-content\/uploads\/2023\/12\/2023-Flight-Chart-Path-Putter-Blend-Luna.png\"><img loading=\"lazy\" decoding=\"async\" class=\"alignnone size-medium wp-image-136615\" src=\"https:\/\/topdisc.fi\/wp-content\/uploads\/2023\/12\/2023-Flight-Chart-Path-Putter-Blend-Luna-195x300.png\" alt=\"\" width=\"195\" height=\"300\" srcset=\"https:\/\/topdisc.fi\/wp-content\/uploads\/2023\/12\/2023-Flight-Chart-Path-Putter-Blend-Luna-195x300.png 195w, https:\/\/topdisc.fi\/wp-content\/uploads\/2023\/12\/2023-Flight-Chart-Path-Putter-Blend-Luna-430x663.png 430w, https:\/\/topdisc.fi\/wp-content\/uploads\/2023\/12\/2023-Flight-Chart-Path-Putter-Blend-Luna-150x231.png 150w, https:\/\/topdisc.fi\/wp-content\/uploads\/2023\/12\/2023-Flight-Chart-Path-Putter-Blend-Luna-700x1079.png 700w, https:\/\/topdisc.fi\/wp-content\/uploads\/2023\/12\/2023-Flight-Chart-Path-Putter-Blend-Luna-519x800.png 519w, https:\/\/topdisc.fi\/wp-content\/uploads\/2023\/12\/2023-Flight-Chart-Path-Putter-Blend-Luna-768x1184.png 768w, https:\/\/topdisc.fi\/wp-content\/uploads\/2023\/12\/2023-Flight-Chart-Path-Putter-Blend-Luna-997x1536.png 997w, https:\/\/topdisc.fi\/wp-content\/uploads\/2023\/12\/2023-Flight-Chart-Path-Putter-Blend-Luna-1329x2048.png 1329w, https:\/\/topdisc.fi\/wp-content\/uploads\/2023\/12\/2023-Flight-Chart-Path-Putter-Blend-Luna-8x12.png 8w, https:\/\/topdisc.fi\/wp-content\/uploads\/2023\/12\/2023-Flight-Chart-Path-Putter-Blend-Luna.png 1572w\" sizes=\"auto, (max-width: 195px) 100vw, 195px\" \/><\/a><\/p>","protected":false},"excerpt":{"rendered":"<p>Discraft Luna - Paul Mcbeth Signatur<\/p>\n<p>Flygv\u00e4rden: 3 3 0 3 1,0<\/p>\n<p>Vikt 170-174g<\/p>\n<p>Luna ing\u00e5r i McBeth Signature-kollektionen och \u00e4r Discrafts mest popul\u00e4ra putter. Luna kommer med en plastblandning designad f\u00f6r McBeth, liknande Jawbreaker-plast, men inneh\u00e5ller \u00e4ven sm\u00e5 bitar av gummi. Utm\u00e4rkt grepp, medelh\u00e5rdhet. Luna \u00e4r en mycket p\u00e5litlig, klibbig och n\u00e5got \u00f6verstabil putter som perfekt lyder linjen som den f\u00e5r, och t\u00e5l lite vind.<\/p>\n<p>Luna \u00e4r perfekt f\u00f6r b\u00e5de puttar och ansatser. Luna \u00e4r ocks\u00e5 riktigt behaglig f\u00f6r handen (ingen p\u00e4rla), och har snabbt blivit Discrafts popul\u00e4raste putter. Rekommenderas f\u00f6r alla f\u00e4rdighetsniv\u00e5er!<\/p>\n<p><em>Notera! Den valbara hjulf\u00e4rgen betyder hjulets huvudf\u00e4rg. Produktbilderna \u00e4r exempelbilder, inte en garanti f\u00f6r den exakta individen som kommer att levereras till dig. F\u00e4rgerna p\u00e5 st\u00e4mplarna och skivornas nyanser varierar.<\/em><\/p>\n<p><a href=\"https:\/\/www.discraft.com\/paul-mcbeth-luna-mcbethluna?returnurl=%2fsearch%3fq%3dluna\">Paul McBeth Luna Putter (discraft.com)<\/a><\/p>\n<p><a href=\"https:\/\/topdisc.fi\/wp-content\/uploads\/2023\/12\/2023-Flight-Chart-Path-Putter-Blend-Luna.png\"><img loading=\"lazy\" decoding=\"async\" class=\"alignnone size-medium wp-image-136615\" src=\"https:\/\/topdisc.fi\/wp-content\/uploads\/2023\/12\/2023-Flight-Chart-Path-Putter-Blend-Luna-195x300.png\" alt=\"\" width=\"195\" height=\"300\" srcset=\"https:\/\/topdisc.fi\/wp-content\/uploads\/2023\/12\/2023-Flight-Chart-Path-Putter-Blend-Luna-195x300.png 195w, https:\/\/topdisc.fi\/wp-content\/uploads\/2023\/12\/2023-Flight-Chart-Path-Putter-Blend-Luna-430x663.png 430w, https:\/\/topdisc.fi\/wp-content\/uploads\/2023\/12\/2023-Flight-Chart-Path-Putter-Blend-Luna-150x231.png 150w, https:\/\/topdisc.fi\/wp-content\/uploads\/2023\/12\/2023-Flight-Chart-Path-Putter-Blend-Luna-700x1079.png 700w, https:\/\/topdisc.fi\/wp-content\/uploads\/2023\/12\/2023-Flight-Chart-Path-Putter-Blend-Luna-519x800.png 519w, https:\/\/topdisc.fi\/wp-content\/uploads\/2023\/12\/2023-Flight-Chart-Path-Putter-Blend-Luna-768x1184.png 768w, https:\/\/topdisc.fi\/wp-content\/uploads\/2023\/12\/2023-Flight-Chart-Path-Putter-Blend-Luna-997x1536.png 997w, https:\/\/topdisc.fi\/wp-content\/uploads\/2023\/12\/2023-Flight-Chart-Path-Putter-Blend-Luna-1329x2048.png 1329w, https:\/\/topdisc.fi\/wp-content\/uploads\/2023\/12\/2023-Flight-Chart-Path-Putter-Blend-Luna-8x12.png 8w, https:\/\/topdisc.fi\/wp-content\/uploads\/2023\/12\/2023-Flight-Chart-Path-Putter-Blend-Luna.png 1572w\" sizes=\"auto, (max-width: 195px) 100vw, 195px\" \/><\/a><\/p>","protected":false},"featured_media":235656,"comment_status":"open","ping_status":"closed","template":"","meta":{"_acf_changed":false,"om_disable_all_campaigns":false,"_improvement_type_select":"improve_an_existing","_thumb_yes_seoaic":false,"_frame_yes_seoaic":false,"seoaic_generate_description":"","seoaic_improve_instructions_prompt":"","seoaic_rollback_content_improvement":"","seoaic_idea_thumbnail_generator":"","thumbnail_generated":false,"thumbnail_generate_prompt":"","seoaic_article_description":""},"product_brand":[4856],"product_cat":[2628,1842,4630,1817,73,2625],"product_tag":[565],"class_list":{"0":"post-235655","1":"product","2":"type-product","3":"status-publish","4":"has-post-thumbnail","6":"product_brand-discraft","7":"product_cat-discraft","8":"product_cat-uudet-discraft-kiekot","9":"product_cat-restock-lokakuu-2025","10":"product_cat-uudet-kiekot","11":"product_cat-uutuudet","12":"product_cat-valmistajat","13":"product_tag-putteri","14":"pa_feidi-288","15":"pa_kunto-b-2","16":"pa_liito-272","17":"pa_nopeus-257","18":"pa_paino-323","19":"pa_paino-325","20":"pa_vakaus-zero","22":"first","23":"instock","24":"taxable","25":"shipping-taxable","26":"purchasable","27":"product-type-variable"},"acf":[],"_links":{"self":[{"href":"https:\/\/topdisc.fi\/sv\/wp-json\/wp\/v2\/product\/235655","targetHints":{"allow":["GET"]}}],"collection":[{"href":"https:\/\/topdisc.fi\/sv\/wp-json\/wp\/v2\/product"}],"about":[{"href":"https:\/\/topdisc.fi\/sv\/wp-json\/wp\/v2\/types\/product"}],"replies":[{"embeddable":true,"href":"https:\/\/topdisc.fi\/sv\/wp-json\/wp\/v2\/comments?post=235655"}],"version-history":[{"count":1,"href":"https:\/\/topdisc.fi\/sv\/wp-json\/wp\/v2\/product\/235655\/revisions"}],"predecessor-version":[{"id":261410,"href":"https:\/\/topdisc.fi\/sv\/wp-json\/wp\/v2\/product\/235655\/revisions\/261410"}],"wp:featuredmedia":[{"embeddable":true,"href":"https:\/\/topdisc.fi\/sv\/wp-json\/wp\/v2\/media\/235656"}],"wp:attachment":[{"href":"https:\/\/topdisc.fi\/sv\/wp-json\/wp\/v2\/media?parent=235655"}],"wp:term":[{"taxonomy":"product_brand","embeddable":true,"href":"https:\/\/topdisc.fi\/sv\/wp-json\/wp\/v2\/product_brand?post=235655"},{"taxonomy":"product_cat","embeddable":true,"href":"https:\/\/topdisc.fi\/sv\/wp-json\/wp\/v2\/product_cat?post=235655"},{"taxonomy":"product_tag","embeddable":true,"href":"https:\/\/topdisc.fi\/sv\/wp-json\/wp\/v2\/product_tag?post=235655"}],"curies":[{"name":"wp","href":"https:\/\/api.w.org\/{rel}","templated":true}]}}