{"id":235780,"date":"2024-10-29T15:05:51","date_gmt":"2024-10-29T13:05:51","guid":{"rendered":"https:\/\/topdisc.fi\/?post_type=product&#038;p=235780"},"modified":"2026-01-21T17:16:12","modified_gmt":"2026-01-21T15:16:12","slug":"discraft-esp-thrasher","status":"publish","type":"product","link":"https:\/\/topdisc.fi\/sv\/produkt\/discraft-esp-thrasher\/","title":{"rendered":"Discraft ESP Thrasher"},"content":{"rendered":"<p data-start=\"0\" data-end=\"185\">Discraft ESP Thrasher \u00e4r en snabb och understabil l\u00e4ngddrivrutin som \u00e4r l\u00e4mplig f\u00f6r spelare p\u00e5 alla niv\u00e5er. Dess flygegenskaper \u00e4r:<\/p>\n<ul data-start=\"187\" data-end=\"232\">\n<li data-start=\"187\" data-end=\"199\">Hastighet: 12<\/li>\n<li data-start=\"200\" data-end=\"210\">Medlemskap: 5<\/li>\n<li data-start=\"211\" data-end=\"221\">Vrid: -3<\/li>\n<li data-start=\"222\" data-end=\"232\">Mata: 2<\/li>\n<\/ul>\n<p data-start=\"234\" data-end=\"581\">Dessa funktioner g\u00f6r Thrasher till ett utm\u00e4rkt val f\u00f6r spelare som vill uppn\u00e5 l\u00e5nga avst\u00e5nd med ett l\u00e4ttare kast. Nyb\u00f6rjare kan dra f\u00f6rdel av dess understabilitet f\u00f6r att f\u00e5 mer distans i sina kast, medan mer erfarna spelare kan anv\u00e4nda den f\u00f6r hyzer flip-kast eller rollers.<\/p>\n<p data-start=\"583\" data-end=\"741\">ESP-plast erbjuder utm\u00e4rkt grepp och h\u00e5llbarhet, vilket s\u00e4kerst\u00e4ller skivans livsl\u00e4ngd och p\u00e5litliga flygegenskaper.<\/p>","protected":false},"excerpt":{"rendered":"<p data-start=\"0\" data-end=\"185\">Discraft ESP Thrasher \u00e4r en snabb och understabil l\u00e4ngddrivrutin som \u00e4r l\u00e4mplig f\u00f6r spelare p\u00e5 alla niv\u00e5er. Dess flygegenskaper \u00e4r:<\/p>\n<ul data-start=\"187\" data-end=\"232\">\n<li data-start=\"187\" data-end=\"199\">Hastighet: 12<\/li>\n<li data-start=\"200\" data-end=\"210\">Medlemskap: 5<\/li>\n<li data-start=\"211\" data-end=\"221\">Vrid: -3<\/li>\n<li data-start=\"222\" data-end=\"232\">Mata: 2<\/li>\n<\/ul>\n<p data-start=\"234\" data-end=\"581\">Dessa funktioner g\u00f6r Thrasher till ett utm\u00e4rkt val f\u00f6r spelare som vill uppn\u00e5 l\u00e5nga avst\u00e5nd med ett l\u00e4ttare kast. Nyb\u00f6rjare kan dra f\u00f6rdel av dess understabilitet f\u00f6r att f\u00e5 mer distans i sina kast, medan mer erfarna spelare kan anv\u00e4nda den f\u00f6r hyzer flip-kast eller rollers.<\/p>\n<p data-start=\"583\" data-end=\"741\">ESP-plast erbjuder utm\u00e4rkt grepp och h\u00e5llbarhet, vilket s\u00e4kerst\u00e4ller skivans livsl\u00e4ngd och p\u00e5litliga flygegenskaper.<\/p>","protected":false},"featured_media":235788,"comment_status":"open","ping_status":"closed","template":"","meta":{"_acf_changed":false,"om_disable_all_campaigns":false,"_improvement_type_select":"improve_an_existing","_thumb_yes_seoaic":false,"_frame_yes_seoaic":false,"seoaic_generate_description":"","seoaic_improve_instructions_prompt":"","seoaic_rollback_content_improvement":"","seoaic_idea_thumbnail_generator":"","thumbnail_generated":false,"thumbnail_generate_prompt":"","seoaic_article_description":""},"product_brand":[4856],"product_cat":[2628,1842,1817,2625],"product_tag":[2708,555],"class_list":{"0":"post-235780","1":"product","2":"type-product","3":"status-publish","4":"has-post-thumbnail","6":"product_brand-discraft","7":"product_cat-discraft","8":"product_cat-uudet-discraft-kiekot","9":"product_cat-uudet-kiekot","10":"product_cat-valmistajat","11":"product_tag-aloittelija","12":"product_tag-driver","13":"pa_feidi-287","14":"pa_liito-274","15":"pa_nopeus-266","16":"pa_paino-320","17":"pa_paino-323","18":"pa_paino-325","19":"pa_vakaus-279","20":"pa_valmistajat-discraft","21":"pa_vari-harmaansavyinen","22":"pa_vari-oranssi-vaaleanpunainen","23":"pa_vari-persikka","24":"pa_vari-tummanvihrea","25":"pa_vari-vaaleanpunainen","26":"pa_vari-vaaleanvihrea","27":"pa_vari-vihrea","29":"first","30":"instock","31":"taxable","32":"shipping-taxable","33":"purchasable","34":"product-type-variable"},"acf":[],"_links":{"self":[{"href":"https:\/\/topdisc.fi\/sv\/wp-json\/wp\/v2\/product\/235780","targetHints":{"allow":["GET"]}}],"collection":[{"href":"https:\/\/topdisc.fi\/sv\/wp-json\/wp\/v2\/product"}],"about":[{"href":"https:\/\/topdisc.fi\/sv\/wp-json\/wp\/v2\/types\/product"}],"replies":[{"embeddable":true,"href":"https:\/\/topdisc.fi\/sv\/wp-json\/wp\/v2\/comments?post=235780"}],"version-history":[{"count":1,"href":"https:\/\/topdisc.fi\/sv\/wp-json\/wp\/v2\/product\/235780\/revisions"}],"predecessor-version":[{"id":261409,"href":"https:\/\/topdisc.fi\/sv\/wp-json\/wp\/v2\/product\/235780\/revisions\/261409"}],"wp:featuredmedia":[{"embeddable":true,"href":"https:\/\/topdisc.fi\/sv\/wp-json\/wp\/v2\/media\/235788"}],"wp:attachment":[{"href":"https:\/\/topdisc.fi\/sv\/wp-json\/wp\/v2\/media?parent=235780"}],"wp:term":[{"taxonomy":"product_brand","embeddable":true,"href":"https:\/\/topdisc.fi\/sv\/wp-json\/wp\/v2\/product_brand?post=235780"},{"taxonomy":"product_cat","embeddable":true,"href":"https:\/\/topdisc.fi\/sv\/wp-json\/wp\/v2\/product_cat?post=235780"},{"taxonomy":"product_tag","embeddable":true,"href":"https:\/\/topdisc.fi\/sv\/wp-json\/wp\/v2\/product_tag?post=235780"}],"curies":[{"name":"wp","href":"https:\/\/api.w.org\/{rel}","templated":true}]}}