{"id":235840,"date":"2024-10-30T15:10:48","date_gmt":"2024-10-30T13:10:48","guid":{"rendered":"https:\/\/topdisc.fi\/?post_type=product&#038;p=235840"},"modified":"2026-01-21T17:16:11","modified_gmt":"2026-01-21T15:16:11","slug":"discraft-z-line-undertaker","status":"publish","type":"product","link":"https:\/\/topdisc.fi\/sv\/produkt\/discraft-z-line-undertaker\/","title":{"rendered":"Discraft Z Line Undertaker Paige Pierce 5X v\u00e4rldsm\u00e4stare"},"content":{"rendered":"<p>Discraft Z Line Undertaker Paige Pierce 5X v\u00e4rldsm\u00e4stare<\/p>\n<p>Flygv\u00e4rden: 9 5 -1 2<\/p>\n<p>Vikt: 170-174g<\/p>","protected":false},"excerpt":{"rendered":"<p>Discraft Z Line Undertaker Paige Pierce 5X v\u00e4rldsm\u00e4stare<\/p>\n<p>Flygv\u00e4rden: 9 5 -1 2<\/p>\n<p>Vikt: 170-174g<\/p>","protected":false},"featured_media":235878,"comment_status":"open","ping_status":"closed","template":"","meta":{"_acf_changed":false,"om_disable_all_campaigns":false,"_improvement_type_select":"improve_an_existing","_thumb_yes_seoaic":false,"_frame_yes_seoaic":false,"seoaic_generate_description":"","seoaic_improve_instructions_prompt":"","seoaic_rollback_content_improvement":"","seoaic_idea_thumbnail_generator":"","thumbnail_generated":false,"thumbnail_generate_prompt":"","seoaic_article_description":""},"product_brand":[4856],"product_cat":[2628,1842,369,3783],"product_tag":[],"class_list":{"0":"post-235840","1":"product","2":"type-product","3":"status-publish","4":"has-post-thumbnail","6":"product_brand-discraft","7":"product_cat-discraft","8":"product_cat-uudet-discraft-kiekot","9":"product_cat-signature-kiekot","10":"product_cat-syysale","11":"pa_feidi-287","12":"pa_liito-274","13":"pa_nopeus-263","14":"pa_paino-323","15":"pa_paino-325","16":"pa_vakaus-281","17":"pa_valmistajat-discraft","18":"pa_vari-pinkki","19":"pa_vari-tummansininen","20":"pa_vari-violetti","22":"first","23":"instock","24":"sale","25":"shipping-taxable","26":"purchasable","27":"product-type-variable"},"acf":[],"_links":{"self":[{"href":"https:\/\/topdisc.fi\/sv\/wp-json\/wp\/v2\/product\/235840","targetHints":{"allow":["GET"]}}],"collection":[{"href":"https:\/\/topdisc.fi\/sv\/wp-json\/wp\/v2\/product"}],"about":[{"href":"https:\/\/topdisc.fi\/sv\/wp-json\/wp\/v2\/types\/product"}],"replies":[{"embeddable":true,"href":"https:\/\/topdisc.fi\/sv\/wp-json\/wp\/v2\/comments?post=235840"}],"version-history":[{"count":1,"href":"https:\/\/topdisc.fi\/sv\/wp-json\/wp\/v2\/product\/235840\/revisions"}],"predecessor-version":[{"id":261408,"href":"https:\/\/topdisc.fi\/sv\/wp-json\/wp\/v2\/product\/235840\/revisions\/261408"}],"wp:featuredmedia":[{"embeddable":true,"href":"https:\/\/topdisc.fi\/sv\/wp-json\/wp\/v2\/media\/235878"}],"wp:attachment":[{"href":"https:\/\/topdisc.fi\/sv\/wp-json\/wp\/v2\/media?parent=235840"}],"wp:term":[{"taxonomy":"product_brand","embeddable":true,"href":"https:\/\/topdisc.fi\/sv\/wp-json\/wp\/v2\/product_brand?post=235840"},{"taxonomy":"product_cat","embeddable":true,"href":"https:\/\/topdisc.fi\/sv\/wp-json\/wp\/v2\/product_cat?post=235840"},{"taxonomy":"product_tag","embeddable":true,"href":"https:\/\/topdisc.fi\/sv\/wp-json\/wp\/v2\/product_tag?post=235840"}],"curies":[{"name":"wp","href":"https:\/\/api.w.org\/{rel}","templated":true}]}}