{"id":235853,"date":"2024-10-30T15:58:08","date_gmt":"2024-10-30T13:58:08","guid":{"rendered":"https:\/\/topdisc.fi\/?post_type=product&#038;p=235853"},"modified":"2026-01-21T17:16:10","modified_gmt":"2026-01-21T15:16:10","slug":"discraft-z-nuke-5","status":"publish","type":"product","link":"https:\/\/topdisc.fi\/sv\/produkt\/discraft-z-nuke-5\/","title":{"rendered":"Discraft Z Nuke"},"content":{"rendered":"<p>Discraft Z Nuke<\/p>\n<p>Flygv\u00e4rden: 13 5 -1 3<\/p>\n<p>Vikt: 170-174g<\/p>\n<p>Nuke \u00e4r en av Discrafts snabbaste och l\u00e4ngst flygande f\u00f6rare. Den \u00e4r bred och flyger v\u00e4ldigt l\u00e5ngt \u00e4ven med ett l\u00e4tt kast. Nuke \u00e4r perfekt f\u00f6r mer erfarna spelare, men tack vare 1,6 omkastningsfaktorn passar den \u00e4ven den som har spelat lite kortare tid. En av Discrafts mest popul\u00e4ra f\u00f6rare, t.ex. Kreditf\u00f6rare av Ezra Aderhold fr\u00e5n Team Discraft! Z-plast \u00e4r Discrafts mest h\u00e5llbara plastblandning. Valet av proffsspelare f\u00f6r normala v\u00e4derf\u00f6rh\u00e5llanden. Skivor av Z-plast \u00e4r ganska styva och ofta lite stabilare \u00e4n skivor gjorda med andra plastlegeringar. Notera! Den valbara hjulf\u00e4rgen betyder hjulets huvudf\u00e4rg. Produktbilderna \u00e4r exempelbilder, inte en garanti f\u00f6r den exakta individen som kommer att levereras till dig; f\u00e4rgerna p\u00e5 st\u00e4mplarna och skivornas nyanser varierar.<\/p>","protected":false},"excerpt":{"rendered":"<p>Discraft Z Nuke<\/p>\n<p>Flygv\u00e4rden: 13 5 -1 3<\/p>\n<p>Vikt: 170-174g<\/p>\n<p>Nuke \u00e4r en av Discrafts snabbaste och l\u00e4ngst flygande f\u00f6rare. Den \u00e4r bred och flyger v\u00e4ldigt l\u00e5ngt \u00e4ven med ett l\u00e4tt kast. Nuke \u00e4r perfekt f\u00f6r mer erfarna spelare, men tack vare 1,6 omkastningsfaktorn passar den \u00e4ven den som har spelat lite kortare tid. En av Discrafts mest popul\u00e4ra f\u00f6rare, t.ex. Kreditf\u00f6rare av Ezra Aderhold fr\u00e5n Team Discraft! Z-plast \u00e4r Discrafts mest h\u00e5llbara plastblandning. Valet av proffsspelare f\u00f6r normala v\u00e4derf\u00f6rh\u00e5llanden. Skivor av Z-plast \u00e4r ganska styva och ofta lite stabilare \u00e4n skivor gjorda med andra plastlegeringar. Notera! Den valbara hjulf\u00e4rgen betyder hjulets huvudf\u00e4rg. Produktbilderna \u00e4r exempelbilder, inte en garanti f\u00f6r den exakta individen som kommer att levereras till dig; f\u00e4rgerna p\u00e5 st\u00e4mplarna och skivornas nyanser varierar.<\/p>","protected":false},"featured_media":241434,"comment_status":"open","ping_status":"closed","template":"","meta":{"_acf_changed":false,"om_disable_all_campaigns":false,"_improvement_type_select":"improve_an_existing","_thumb_yes_seoaic":false,"_frame_yes_seoaic":false,"seoaic_generate_description":"","seoaic_improve_instructions_prompt":"","seoaic_rollback_content_improvement":"","seoaic_idea_thumbnail_generator":"","thumbnail_generated":false,"thumbnail_generate_prompt":"","seoaic_article_description":""},"product_brand":[4856],"product_cat":[2628,1842,1817,2625],"product_tag":[],"class_list":{"0":"post-235853","1":"product","2":"type-product","3":"status-publish","4":"has-post-thumbnail","6":"product_brand-discraft","7":"product_cat-discraft","8":"product_cat-uudet-discraft-kiekot","9":"product_cat-uudet-kiekot","10":"product_cat-valmistajat","11":"pa_feidi-288","12":"pa_liito-274","13":"pa_nopeus-267","14":"pa_paino-323","15":"pa_paino-325","16":"pa_vakaus-281","17":"pa_valmistajat-discraft","18":"pa_vari-punainen","19":"pa_vari-violetti","21":"first","22":"instock","23":"taxable","24":"shipping-taxable","25":"purchasable","26":"product-type-variable"},"acf":[],"_links":{"self":[{"href":"https:\/\/topdisc.fi\/sv\/wp-json\/wp\/v2\/product\/235853","targetHints":{"allow":["GET"]}}],"collection":[{"href":"https:\/\/topdisc.fi\/sv\/wp-json\/wp\/v2\/product"}],"about":[{"href":"https:\/\/topdisc.fi\/sv\/wp-json\/wp\/v2\/types\/product"}],"replies":[{"embeddable":true,"href":"https:\/\/topdisc.fi\/sv\/wp-json\/wp\/v2\/comments?post=235853"}],"version-history":[{"count":1,"href":"https:\/\/topdisc.fi\/sv\/wp-json\/wp\/v2\/product\/235853\/revisions"}],"predecessor-version":[{"id":261407,"href":"https:\/\/topdisc.fi\/sv\/wp-json\/wp\/v2\/product\/235853\/revisions\/261407"}],"wp:featuredmedia":[{"embeddable":true,"href":"https:\/\/topdisc.fi\/sv\/wp-json\/wp\/v2\/media\/241434"}],"wp:attachment":[{"href":"https:\/\/topdisc.fi\/sv\/wp-json\/wp\/v2\/media?parent=235853"}],"wp:term":[{"taxonomy":"product_brand","embeddable":true,"href":"https:\/\/topdisc.fi\/sv\/wp-json\/wp\/v2\/product_brand?post=235853"},{"taxonomy":"product_cat","embeddable":true,"href":"https:\/\/topdisc.fi\/sv\/wp-json\/wp\/v2\/product_cat?post=235853"},{"taxonomy":"product_tag","embeddable":true,"href":"https:\/\/topdisc.fi\/sv\/wp-json\/wp\/v2\/product_tag?post=235853"}],"curies":[{"name":"wp","href":"https:\/\/api.w.org\/{rel}","templated":true}]}}