{"id":235916,"date":"2024-10-31T07:33:58","date_gmt":"2024-10-31T05:33:58","guid":{"rendered":"https:\/\/topdisc.fi\/?post_type=product&#038;p=235916"},"modified":"2026-03-04T16:32:26","modified_gmt":"2026-03-04T14:32:26","slug":"techdisc-know-your-throw-sfl-tarjous","status":"publish","type":"product","link":"https:\/\/topdisc.fi\/sv\/produkt\/techdisc-know-your-throw-sfl-tarjous\/","title":{"rendered":"Techdisc &#8211; know your throw -SFL tarjous"},"content":{"rendered":"<div class=\"avatar-gutter ng-tns-c2235673979-22 ng-star-inserted\">\n<div class=\"resize-observable\"><\/div>\n<\/div>\n<div class=\"response-container-content ng-tns-c2235673979-22\">\n<div class=\"response-content ng-tns-c2235673979-22\">\n<div class=\"markdown markdown-main-panel\" dir=\"ltr\">\n<h2 class=\"\" data-sourcepos=\"1:1-1:55\">TechDisc: K\u00e4nn ditt kast<\/h2>\n<p data-sourcepos=\"3:1-3:42\"><strong>TechDisc<\/strong> \u00e4r en revolutionerande enhet som tar med teknik till frisbeegolfens v\u00e4rld. Den f\u00e4ster p\u00e5 pucken och m\u00e4ter noggrant dina kastdata som hastighet, bana och vinkel. Denna data laddas automatiskt upp till en molntj\u00e4nst d\u00e4r du kan analysera den p\u00e5 TechDisc.com-webbplatsen.<\/p>\n<p data-sourcepos=\"3:1-3:42\">Techdisc-priset inkluderar alltid fri frakt \u00f6ver hela v\u00e4rlden<\/p>\n<p data-sourcepos=\"5:1-5:44\"><strong>Varf\u00f6r Techdisc?<\/strong><\/p>\n<ul data-sourcepos=\"7:1-7:18\">\n<li data-sourcepos=\"7:1-7:18\"><strong>F\u00f6rb\u00e4ttra ditt kast:<\/strong> Genom att analysera dina kastdata kan du identifiera brister och g\u00f6ra n\u00f6dv\u00e4ndiga korrigeringar f\u00f6r att f\u00f6rb\u00e4ttra ditt kast<\/li>\n<li data-sourcepos=\"9:1-9:105\"><strong>Sp\u00e5ra dina framsteg:<\/strong> Du kan f\u00f6lja utvecklingen av ditt kast \u00f6ver tid och se hur du har utvecklats. Techdisc registrerar alla dina kast och du kan se utvecklingskurvorna \u00e4ven \u00f6ver en l\u00e5ng tidsperiod.<\/li>\n<li data-sourcepos=\"9:1-9:105\"><strong>Oavsett v\u00e4der:<\/strong> Tr\u00e4na till exempel i vardagsrummet, du beh\u00f6ver bara en str\u00e4cka p\u00e5 0,5m och ett n\u00e4t att kasta till.<\/li>\n<li data-sourcepos=\"16:1-16:124\"><strong>Noggrann och p\u00e5litlig:<\/strong> TechDisc anv\u00e4nder den mest avancerade sensorteknologin f\u00f6r att s\u00e4kerst\u00e4lla korrekta och tillf\u00f6rlitliga m\u00e4tningar.<\/li>\n<li data-sourcepos=\"17:1-17:169\"><strong>Enkel anv\u00e4ndning:<\/strong> Str\u00f6m p\u00e5 och av du g\u00e5r. Data laddas automatiskt upp till molntj\u00e4nsten, s\u00e5 du beh\u00f6ver inte g\u00f6ra n\u00e5got annat.<\/li>\n<li data-sourcepos=\"18:1-18:39\"><strong>M\u00e5ngsidig:<\/strong> TechDisc \u00e4r l\u00e4mplig f\u00f6r frisbeegolfare p\u00e5 alla niv\u00e5er och kan hj\u00e4lpa dig att f\u00f6rb\u00e4ttra din sving p\u00e5 m\u00e5nga olika s\u00e4tt.<\/li>\n<\/ul>\n<p data-sourcepos=\"22:1-22:112\"><strong>Du hittar mer information om TechDisc p\u00e5 TechDiscs egen hemsida:<\/strong> <a href=\"https:\/\/shop.techdisc.com\/\" target=\"_blank\" rel=\"noopener noreferrer\">https:\/\/shop.techdisc.com\/<\/a><\/p>\n<\/div>\n<\/div>\n<p data-sourcepos=\"22:1-22:112\">Notera! Produkten \u00e4r f\u00f6rinstallerad p\u00e5 den skivmodell du vill ha (putter midari fairway-drivrutin). Skivan ing\u00e5r i best\u00e4llningspriset.<\/p>\n<div>Mer information om produkten:\u00a0 <a href=\"http:\/\/www.topdisc.fi\/techdisc\">TECHDISC <\/a><\/div>\n<\/div>\n<div><\/div>\n<div>Om produkten inte finns i lager levererar vi produkten inom cirka 7-14 arbetsdagar. Topdisc best\u00e4ller nya Techdiscs direkt fr\u00e5n tillverkaren varje vecka. Om produkten finns i lager f\u00e5r kunden produkten inom 2-5 arbetsdagar, beroende p\u00e5 leveransadress.<\/div>\n<div><\/div>\n<div><\/div>\n<div class=\"response-container-content ng-tns-c2235673979-22\">\n<div class=\"response-container-content ng-tns-c2235673979-22\">\n<div class=\"response-content ng-tns-c2235673979-22\">\n<div class=\"markdown markdown-main-panel\" dir=\"ltr\">\n<h2 data-sourcepos=\"1:1-1:55\"><\/h2>\n<\/div>\n<\/div>\n<\/div>\n<\/div>","protected":false},"excerpt":{"rendered":"<p>Techdisc - know your throw- Techdisc \u00e4r det perfekta verktyget f\u00f6r att f\u00f6rb\u00e4ttra din kastteknik och ha kul p\u00e5 samma g\u00e5ng. V\u00e5rt Techdisc-pris inkluderar v\u00e4rldsomsp\u00e4nnande frakt<\/p>","protected":false},"featured_media":223122,"comment_status":"open","ping_status":"closed","template":"","meta":{"_acf_changed":false,"om_disable_all_campaigns":false,"_improvement_type_select":"improve_an_existing","_thumb_yes_seoaic":false,"_frame_yes_seoaic":false,"seoaic_generate_description":"","seoaic_improve_instructions_prompt":"","seoaic_rollback_content_improvement":"","seoaic_idea_thumbnail_generator":"","thumbnail_generated":false,"thumbnail_generate_prompt":"","seoaic_article_description":""},"product_brand":[],"product_cat":[2750,2724,73],"product_tag":[],"class_list":{"0":"post-235916","1":"product","2":"type-product","3":"status-publish","4":"has-post-thumbnail","6":"product_cat-uncategorized-3","7":"product_cat-muut-tuotteet","8":"product_cat-uutuudet","10":"first","11":"instock","12":"sale","13":"taxable","14":"shipping-taxable","15":"purchasable","16":"product-type-variable","17":"has-default-attributes"},"acf":[],"_links":{"self":[{"href":"https:\/\/topdisc.fi\/sv\/wp-json\/wp\/v2\/product\/235916","targetHints":{"allow":["GET"]}}],"collection":[{"href":"https:\/\/topdisc.fi\/sv\/wp-json\/wp\/v2\/product"}],"about":[{"href":"https:\/\/topdisc.fi\/sv\/wp-json\/wp\/v2\/types\/product"}],"replies":[{"embeddable":true,"href":"https:\/\/topdisc.fi\/sv\/wp-json\/wp\/v2\/comments?post=235916"}],"version-history":[{"count":1,"href":"https:\/\/topdisc.fi\/sv\/wp-json\/wp\/v2\/product\/235916\/revisions"}],"predecessor-version":[{"id":267367,"href":"https:\/\/topdisc.fi\/sv\/wp-json\/wp\/v2\/product\/235916\/revisions\/267367"}],"wp:featuredmedia":[{"embeddable":true,"href":"https:\/\/topdisc.fi\/sv\/wp-json\/wp\/v2\/media\/223122"}],"wp:attachment":[{"href":"https:\/\/topdisc.fi\/sv\/wp-json\/wp\/v2\/media?parent=235916"}],"wp:term":[{"taxonomy":"product_brand","embeddable":true,"href":"https:\/\/topdisc.fi\/sv\/wp-json\/wp\/v2\/product_brand?post=235916"},{"taxonomy":"product_cat","embeddable":true,"href":"https:\/\/topdisc.fi\/sv\/wp-json\/wp\/v2\/product_cat?post=235916"},{"taxonomy":"product_tag","embeddable":true,"href":"https:\/\/topdisc.fi\/sv\/wp-json\/wp\/v2\/product_tag?post=235916"}],"curies":[{"name":"wp","href":"https:\/\/api.w.org\/{rel}","templated":true}]}}