{"id":235928,"date":"2024-10-31T07:39:36","date_gmt":"2024-10-31T05:39:36","guid":{"rendered":"https:\/\/topdisc.fi\/?post_type=product&#038;p=235928"},"modified":"2024-10-31T07:51:03","modified_gmt":"2024-10-31T05:51:03","slug":"top-catcher-frisbeegolfverkko-sfl-tarjous","status":"publish","type":"product","link":"https:\/\/topdisc.fi\/sv\/produkt\/top-catcher-frisbeegolfverkko-sfl-tarjous\/","title":{"rendered":"Top Catcher - frisbee golf n\u00e4t SFL erbjudande"},"content":{"rendered":"<h2 class=\"\" data-sourcepos=\"1:1-1:81\"><strong>Top Catcher - Disc Golf Net - frisbee golf n\u00e4t<\/strong><\/h2>\n<p data-sourcepos=\"3:1-3:36\"><strong>\u00c4r du tr\u00f6tt p\u00e5 att leta efter puckar n\u00e4r du \u00f6var p\u00e5 att kasta p\u00e5 planen? Hittar du inte ett f\u00e4lt n\u00e4ra ditt hem d\u00e4r du kan tr\u00e4na och skjuta k\u00f6rningar? <\/strong>Top Catcher discgolfn\u00e4tet \u00e4r l\u00f6sningen f\u00f6r fri tr\u00e4ning f\u00f6r m\u00e5nga spelare. N\u00e4tet designat av Topdisc \u00e4r speciellt designat f\u00f6r frisbeegolfare. Kvaliteten har inte \u00e4ventyrats, och vi har fokuserat s\u00e4rskilt p\u00e5 dessa funktioner n\u00e4r vi utformade n\u00e4tverket:<\/p>\n<ul data-sourcepos=\"7:1-7:1\">\n<li data-sourcepos=\"7:1-7:1\"><strong>H\u00e5llbar konstruktion:<\/strong> Tillverkad av h\u00f6gkvalitativt material som t\u00e5l tr\u00e4ning av \u00e4ven h\u00e5rdh\u00e4nta kastare. N\u00e4tet \u00e4r gjort av Oxford-tyg och stolparna \u00e4r av kolfiber.<\/li>\n<li data-sourcepos=\"8:1-8:98\"><strong>L\u00e4tt att installera:<\/strong> Installationen av kolfiberst\u00e4ngerna liknar installationen av ett t\u00e4lt och det s\u00e4tts snabbt upp<\/li>\n<li data-sourcepos=\"9:1-9:85\"><strong>Tar lite plats:<\/strong> Ta den med dig till f\u00e4ltet eller till stugan. Kommer med en kompakt b\u00e4rv\u00e4ska<\/li>\n<li data-sourcepos=\"10:1-11:0\"><strong>Snyggt utseende:<\/strong> Ser bra ut och av bra kvalitet<\/li>\n<li data-sourcepos=\"10:1-11:0\"><strong>Pris:<\/strong> Utm\u00e4rkt v\u00e4rde f\u00f6r pengarna<\/li>\n<\/ul>\n<p>Produktstorlek bredd\/h\u00f6jd: \u2013 243,84 cm x 243,84 cm.<\/p>\n<p><strong>NOTERA! F\u00f6rbest\u00e4ll artikel. Ber\u00e4knad leveranstid under h\u00f6sten 2024.<\/strong><\/p>","protected":false},"excerpt":{"rendered":"<p>Top Catcher - Disc Golf Net - frisbee golf n\u00e4t \u00c4r du tr\u00f6tt p\u00e5 att leta efter diskar n\u00e4r du \u00f6var p\u00e5 att kasta p\u00e5 planen? Hittar ingen i n\u00e4rheten av ditt hem<\/p>","protected":false},"featured_media":230066,"comment_status":"open","ping_status":"closed","template":"","meta":{"_acf_changed":false,"om_disable_all_campaigns":false,"_improvement_type_select":"improve_an_existing","_thumb_yes_seoaic":false,"_frame_yes_seoaic":false,"seoaic_generate_description":"","seoaic_improve_instructions_prompt":"","seoaic_rollback_content_improvement":"","seoaic_idea_thumbnail_generator":"","thumbnail_generated":false,"thumbnail_generate_prompt":"","seoaic_article_description":""},"product_brand":[],"product_cat":[2750,2724],"product_tag":[],"class_list":{"0":"post-235928","1":"product","2":"type-product","3":"status-publish","4":"has-post-thumbnail","6":"product_cat-uncategorized-3","7":"product_cat-muut-tuotteet","8":"pa_koko-213-36cm-x-213-36cm","9":"pa_koko-243-84cm-x-243-84cm","11":"first","12":"instock","13":"sale","14":"taxable","15":"shipping-taxable","16":"purchasable","17":"product-type-simple"},"acf":[],"_links":{"self":[{"href":"https:\/\/topdisc.fi\/sv\/wp-json\/wp\/v2\/product\/235928","targetHints":{"allow":["GET"]}}],"collection":[{"href":"https:\/\/topdisc.fi\/sv\/wp-json\/wp\/v2\/product"}],"about":[{"href":"https:\/\/topdisc.fi\/sv\/wp-json\/wp\/v2\/types\/product"}],"replies":[{"embeddable":true,"href":"https:\/\/topdisc.fi\/sv\/wp-json\/wp\/v2\/comments?post=235928"}],"version-history":[{"count":0,"href":"https:\/\/topdisc.fi\/sv\/wp-json\/wp\/v2\/product\/235928\/revisions"}],"wp:featuredmedia":[{"embeddable":true,"href":"https:\/\/topdisc.fi\/sv\/wp-json\/wp\/v2\/media\/230066"}],"wp:attachment":[{"href":"https:\/\/topdisc.fi\/sv\/wp-json\/wp\/v2\/media?parent=235928"}],"wp:term":[{"taxonomy":"product_brand","embeddable":true,"href":"https:\/\/topdisc.fi\/sv\/wp-json\/wp\/v2\/product_brand?post=235928"},{"taxonomy":"product_cat","embeddable":true,"href":"https:\/\/topdisc.fi\/sv\/wp-json\/wp\/v2\/product_cat?post=235928"},{"taxonomy":"product_tag","embeddable":true,"href":"https:\/\/topdisc.fi\/sv\/wp-json\/wp\/v2\/product_tag?post=235928"}],"curies":[{"name":"wp","href":"https:\/\/api.w.org\/{rel}","templated":true}]}}