{"id":236592,"date":"2024-11-04T17:49:37","date_gmt":"2024-11-04T15:49:37","guid":{"rendered":"https:\/\/topdisc.fi\/?post_type=product&#038;p=236592"},"modified":"2026-01-27T17:48:13","modified_gmt":"2026-01-27T15:48:13","slug":"prodigy-500-spectrum-a2-vaino-makela-signature-series-2","status":"publish","type":"product","link":"https:\/\/topdisc.fi\/sv\/produkt\/prodigy-500-spectrum-a2-vaino-makela-signature-series-2\/","title":{"rendered":"Prodigy 500 Spectrum A2 V\u00e4in\u00f6 M\u00e4kel\u00e4 Signature Series"},"content":{"rendered":"<p>Prodigy 500 Spectrum A2 V\u00e4in\u00f6 M\u00e4kel\u00e4 Signature Series<\/p>\n<p>Flyginformation: 4 4 0 3<\/p>\n<p>Vikt: 179g<\/p>\n<p>Mark\u00f6rer: Rimmi<\/p>\n<p>Skick: B<\/p>\n<p>V\u00e4in\u00f6 M\u00e4kel\u00e4s 2023 signaturpuckar \u00e4r h\u00e4r! A2 \u00e4r en extremt stabil approach-puck fr\u00e5n Prodigy Discs, vars hastighet hamnar mellan putters och midars. A2 \u00e4r den perfekta pucken f\u00f6r en mer erfaren kastare och du kan lita p\u00e5 dess blekning i alla situationer. Kanske till och med den b\u00e4sta approach-pucken n\u00e5gonsin!<\/p>\n<p>500 Spectrum plast \u00e4r n\u00e5got styvare och h\u00e5rdare \u00e4n 400 plast. Den ger ett p\u00e5litligt och bekv\u00e4mt grepp om pucken. Spectrumplast har blandats med flera olika f\u00e4rgnyanser, tack vare vilka varje puck \u00e4r olika.<\/p>","protected":false},"excerpt":{"rendered":"<p>Prodigy 500 Spectrum A2 V\u00e4in\u00f6 M\u00e4kel\u00e4 Signature Series<\/p>\n<p>Flyginformation: 4 4 0 3<\/p>\n<p>Vikt: 179g<\/p>\n<p>Mark\u00f6rer: Rimmi<\/p>\n<p>Skick: B<\/p>\n<p>V\u00e4in\u00f6 M\u00e4kel\u00e4s 2023 signaturpuckar \u00e4r h\u00e4r! A2 \u00e4r en extremt stabil approach-puck fr\u00e5n Prodigy Discs, vars hastighet hamnar mellan putters och midars. A2 \u00e4r den perfekta pucken f\u00f6r en mer erfaren kastare och du kan lita p\u00e5 dess blekning i alla situationer. Kanske till och med den b\u00e4sta approach-pucken n\u00e5gonsin!<\/p>\n<p>500 Spectrum plast \u00e4r n\u00e5got styvare och h\u00e5rdare \u00e4n 400 plast. Den ger ett p\u00e5litligt och bekv\u00e4mt grepp om pucken. Spectrumplast har blandats med flera olika f\u00e4rgnyanser, tack vare vilka varje puck \u00e4r olika.<\/p>","protected":false},"featured_media":238416,"comment_status":"open","ping_status":"closed","template":"","meta":{"_acf_changed":false,"om_disable_all_campaigns":false,"_improvement_type_select":"improve_an_existing","_thumb_yes_seoaic":false,"_frame_yes_seoaic":false,"seoaic_generate_description":"","seoaic_improve_instructions_prompt":"","seoaic_rollback_content_improvement":"","seoaic_idea_thumbnail_generator":"","thumbnail_generated":false,"thumbnail_generate_prompt":"","seoaic_article_description":""},"product_brand":[4872],"product_cat":[4670,1806,368,1900,1823,369],"product_tag":[],"class_list":{"0":"post-236592","1":"product","2":"type-product","3":"status-publish","4":"has-post-thumbnail","6":"product_brand-prodigy-disc","7":"product_cat-inv","8":"product_cat-kaytetyt-frisbeegolfkiekot","9":"product_cat-lahestymiskiekot","10":"product_cat-prodigy-kaikki-kiekot","11":"product_cat-prodigy-kaytetyt-frisbeegolfkiekot-2","12":"product_cat-signature-kiekot","13":"pa_feidi-288","14":"pa_kunto-b-2","15":"pa_liito-273","16":"pa_nopeus-258","17":"pa_paino-328","18":"pa_vakaus-zero","19":"pa_valmistajat-prodigy-discs","20":"pa_vari-sininen","21":"pa_vari-violetti","23":"first","24":"instock","25":"taxable","26":"shipping-taxable","27":"purchasable","28":"product-type-simple"},"acf":[],"_links":{"self":[{"href":"https:\/\/topdisc.fi\/sv\/wp-json\/wp\/v2\/product\/236592","targetHints":{"allow":["GET"]}}],"collection":[{"href":"https:\/\/topdisc.fi\/sv\/wp-json\/wp\/v2\/product"}],"about":[{"href":"https:\/\/topdisc.fi\/sv\/wp-json\/wp\/v2\/types\/product"}],"replies":[{"embeddable":true,"href":"https:\/\/topdisc.fi\/sv\/wp-json\/wp\/v2\/comments?post=236592"}],"version-history":[{"count":1,"href":"https:\/\/topdisc.fi\/sv\/wp-json\/wp\/v2\/product\/236592\/revisions"}],"predecessor-version":[{"id":264124,"href":"https:\/\/topdisc.fi\/sv\/wp-json\/wp\/v2\/product\/236592\/revisions\/264124"}],"wp:featuredmedia":[{"embeddable":true,"href":"https:\/\/topdisc.fi\/sv\/wp-json\/wp\/v2\/media\/238416"}],"wp:attachment":[{"href":"https:\/\/topdisc.fi\/sv\/wp-json\/wp\/v2\/media?parent=236592"}],"wp:term":[{"taxonomy":"product_brand","embeddable":true,"href":"https:\/\/topdisc.fi\/sv\/wp-json\/wp\/v2\/product_brand?post=236592"},{"taxonomy":"product_cat","embeddable":true,"href":"https:\/\/topdisc.fi\/sv\/wp-json\/wp\/v2\/product_cat?post=236592"},{"taxonomy":"product_tag","embeddable":true,"href":"https:\/\/topdisc.fi\/sv\/wp-json\/wp\/v2\/product_tag?post=236592"}],"curies":[{"name":"wp","href":"https:\/\/api.w.org\/{rel}","templated":true}]}}