{"id":236637,"date":"2024-11-06T13:39:21","date_gmt":"2024-11-06T11:39:21","guid":{"rendered":"https:\/\/topdisc.fi\/?post_type=product&#038;p=236637"},"modified":"2026-01-22T21:17:39","modified_gmt":"2026-01-22T19:17:39","slug":"innova-gstar-sidewinder-3","status":"publish","type":"product","link":"https:\/\/topdisc.fi\/sv\/produkt\/innova-gstar-sidewinder-3\/","title":{"rendered":"Innova Gstar Sidewinder"},"content":{"rendered":"<p>Innova Gstar Sidewinder<\/p>\n<p>Flygv\u00e4rden: 9 5 -3 1<\/p>\n<p>Vikt: 171g<\/p>\n<p>Sidewinder \u00e4r Innovas snabba och understabila f\u00f6rare, som utm\u00e4rker sig f\u00f6r sitt utm\u00e4rkta glid. P\u00e5 h\u00e5rda kast v\u00e4nder Sidewinder med kontroll, vilket g\u00f6r den till ett utm\u00e4rkt val som l\u00e4ngdf\u00f6rare, speciellt f\u00f6r nyb\u00f6rjare. Dessutom \u00e4r Sidewinder ett utm\u00e4rkt val som rullpuck f\u00f6r spelare p\u00e5 alla niv\u00e5er, och erbjuder m\u00e5ngsidighet och tillf\u00f6rlitlighet i olika kastsituationer.<\/p>\n<p>Skivan \u00e4r gjord av Halo Star-plast, Innovas tv\u00e5f\u00e4rgade och popul\u00e4ra premiumplastblandning. Denna plast ger samma behagliga k\u00e4nsla och h\u00e5llbarhet som den traditionella Star-plasten, men \u00e4r ofta lite stabilare, vilket f\u00f6rb\u00e4ttrar kontrollen av pucken vid h\u00e5rdare kast.<\/p>\n<p>Observera att f\u00e4rgen p\u00e5 skivan och f\u00e4rgen p\u00e5 st\u00e4mpeln kan skilja sig fr\u00e5n produktbilden.<\/p>","protected":false},"excerpt":{"rendered":"<p>Innova Gstar Sidewinder<\/p>\n<p>Flygv\u00e4rden: 9 5 -3 1<\/p>\n<p>Vikt: 171g<\/p>\n<p>Sidewinder \u00e4r Innovas snabba och understabila f\u00f6rare, som utm\u00e4rker sig f\u00f6r sitt utm\u00e4rkta glid. P\u00e5 h\u00e5rda kast v\u00e4nder Sidewinder med kontroll, vilket g\u00f6r den till ett utm\u00e4rkt val som l\u00e4ngdf\u00f6rare, speciellt f\u00f6r nyb\u00f6rjare. Dessutom \u00e4r Sidewinder ett utm\u00e4rkt val som rullpuck f\u00f6r spelare p\u00e5 alla niv\u00e5er, och erbjuder m\u00e5ngsidighet och tillf\u00f6rlitlighet i olika kastsituationer.<\/p>\n<p>Skivan \u00e4r gjord av Halo Star-plast, Innovas tv\u00e5f\u00e4rgade och popul\u00e4ra premiumplastblandning. Denna plast ger samma behagliga k\u00e4nsla och h\u00e5llbarhet som den traditionella Star-plasten, men \u00e4r ofta lite stabilare, vilket f\u00f6rb\u00e4ttrar kontrollen av pucken vid h\u00e5rdare kast.<\/p>\n<p>Observera att f\u00e4rgen p\u00e5 skivan och f\u00e4rgen p\u00e5 st\u00e4mpeln kan skilja sig fr\u00e5n produktbilden.<\/p>","protected":false},"featured_media":236641,"comment_status":"open","ping_status":"closed","template":"","meta":{"_acf_changed":false,"om_disable_all_campaigns":false,"_improvement_type_select":"improve_an_existing","_thumb_yes_seoaic":false,"_frame_yes_seoaic":false,"seoaic_generate_description":"","seoaic_improve_instructions_prompt":"","seoaic_rollback_content_improvement":"","seoaic_idea_thumbnail_generator":"","thumbnail_generated":false,"thumbnail_generate_prompt":"","seoaic_article_description":""},"product_brand":[4854],"product_cat":[1868,1847,1817,73],"product_tag":[],"class_list":{"0":"post-236637","1":"product","2":"type-product","3":"status-publish","4":"has-post-thumbnail","6":"product_brand-innova","7":"product_cat-innova-kaikki","8":"product_cat-uudet-innova-kiekot","9":"product_cat-uudet-kiekot","10":"product_cat-uutuudet","11":"pa_feidi-286","12":"pa_liito-274","13":"pa_nopeus-263","14":"pa_paino-322","15":"pa_vakaus-279","16":"pa_valmistajat-innova","17":"pa_vari-punainen","19":"first","20":"outofstock","21":"taxable","22":"shipping-taxable","23":"product-type-variable"},"acf":[],"_links":{"self":[{"href":"https:\/\/topdisc.fi\/sv\/wp-json\/wp\/v2\/product\/236637","targetHints":{"allow":["GET"]}}],"collection":[{"href":"https:\/\/topdisc.fi\/sv\/wp-json\/wp\/v2\/product"}],"about":[{"href":"https:\/\/topdisc.fi\/sv\/wp-json\/wp\/v2\/types\/product"}],"replies":[{"embeddable":true,"href":"https:\/\/topdisc.fi\/sv\/wp-json\/wp\/v2\/comments?post=236637"}],"version-history":[{"count":1,"href":"https:\/\/topdisc.fi\/sv\/wp-json\/wp\/v2\/product\/236637\/revisions"}],"predecessor-version":[{"id":261797,"href":"https:\/\/topdisc.fi\/sv\/wp-json\/wp\/v2\/product\/236637\/revisions\/261797"}],"wp:featuredmedia":[{"embeddable":true,"href":"https:\/\/topdisc.fi\/sv\/wp-json\/wp\/v2\/media\/236641"}],"wp:attachment":[{"href":"https:\/\/topdisc.fi\/sv\/wp-json\/wp\/v2\/media?parent=236637"}],"wp:term":[{"taxonomy":"product_brand","embeddable":true,"href":"https:\/\/topdisc.fi\/sv\/wp-json\/wp\/v2\/product_brand?post=236637"},{"taxonomy":"product_cat","embeddable":true,"href":"https:\/\/topdisc.fi\/sv\/wp-json\/wp\/v2\/product_cat?post=236637"},{"taxonomy":"product_tag","embeddable":true,"href":"https:\/\/topdisc.fi\/sv\/wp-json\/wp\/v2\/product_tag?post=236637"}],"curies":[{"name":"wp","href":"https:\/\/api.w.org\/{rel}","templated":true}]}}