{"id":236662,"date":"2024-11-06T14:24:43","date_gmt":"2024-11-06T12:24:43","guid":{"rendered":"https:\/\/topdisc.fi\/?post_type=product&#038;p=236662"},"modified":"2026-01-22T21:17:37","modified_gmt":"2026-01-22T19:17:37","slug":"innova-star-jay","status":"publish","type":"product","link":"https:\/\/topdisc.fi\/sv\/produkt\/innova-star-jay\/","title":{"rendered":"Innova Star Jay"},"content":{"rendered":"<p>Innova Star Jay<\/p>\n<p>Flygv\u00e4rden: 5 4 0 1<\/p>\n<p>Vikt: 180g<\/p>\n<p>Produktens f\u00e4rger och varianter<br \/>\nDenna frisbeegolfpuck \u00e4r tv\u00e5f\u00e4rgad: f\u00e4rgmeddelandet som visas i menyn \u00e4r i ordningen ytterkant\/mitt. Till exempel betyder &quot;bl\u00e5\/rosa&quot; att skivans ytterkant \u00e4r bl\u00e5 och mitten \u00e4r rosa. Det kan f\u00f6rekomma sm\u00e5 variationer i f\u00e4rgs\u00e4ttningen, men huvudf\u00e4rgerna \u00e4r alltid som de anges. Produkten kan \u00e4ven finnas i andra f\u00e4rgalternativ, som du kan v\u00e4lja innan du best\u00e4ller.<\/p>","protected":false},"excerpt":{"rendered":"<p>Innova Star Jay<\/p>\n<p>Flygv\u00e4rden: 5 4 0 1<\/p>\n<p>Vikt: 180g<\/p>\n<p>Produktens f\u00e4rger och varianter<br \/>\nDenna frisbeegolfpuck \u00e4r tv\u00e5f\u00e4rgad: f\u00e4rgmeddelandet som visas i menyn \u00e4r i ordningen ytterkant\/mitt. Till exempel betyder &quot;bl\u00e5\/rosa&quot; att skivans ytterkant \u00e4r bl\u00e5 och mitten \u00e4r rosa. Det kan f\u00f6rekomma sm\u00e5 variationer i f\u00e4rgs\u00e4ttningen, men huvudf\u00e4rgerna \u00e4r alltid som de anges. Produkten kan \u00e4ven finnas i andra f\u00e4rgalternativ, som du kan v\u00e4lja innan du best\u00e4ller.<\/p>","protected":false},"featured_media":236667,"comment_status":"open","ping_status":"closed","template":"","meta":{"_acf_changed":false,"om_disable_all_campaigns":false,"_improvement_type_select":"improve_an_existing","_thumb_yes_seoaic":false,"_frame_yes_seoaic":false,"seoaic_generate_description":"","seoaic_improve_instructions_prompt":"","seoaic_rollback_content_improvement":"","seoaic_idea_thumbnail_generator":"","thumbnail_generated":false,"thumbnail_generate_prompt":"","seoaic_article_description":""},"product_brand":[4854],"product_cat":[1868,1847,1817,73],"product_tag":[566],"class_list":{"0":"post-236662","1":"product","2":"type-product","3":"status-publish","4":"has-post-thumbnail","6":"product_brand-innova","7":"product_cat-innova-kaikki","8":"product_cat-uudet-innova-kiekot","9":"product_cat-uudet-kiekot","10":"product_cat-uutuudet","11":"product_tag-midari","12":"pa_feidi-286","13":"pa_liito-273","14":"pa_nopeus-259","15":"pa_paino-329","16":"pa_vakaus-zero","17":"pa_valmistajat-innova","18":"pa_vari-sininen","20":"first","21":"outofstock","22":"taxable","23":"shipping-taxable","24":"product-type-variable"},"acf":[],"_links":{"self":[{"href":"https:\/\/topdisc.fi\/sv\/wp-json\/wp\/v2\/product\/236662","targetHints":{"allow":["GET"]}}],"collection":[{"href":"https:\/\/topdisc.fi\/sv\/wp-json\/wp\/v2\/product"}],"about":[{"href":"https:\/\/topdisc.fi\/sv\/wp-json\/wp\/v2\/types\/product"}],"replies":[{"embeddable":true,"href":"https:\/\/topdisc.fi\/sv\/wp-json\/wp\/v2\/comments?post=236662"}],"version-history":[{"count":1,"href":"https:\/\/topdisc.fi\/sv\/wp-json\/wp\/v2\/product\/236662\/revisions"}],"predecessor-version":[{"id":261795,"href":"https:\/\/topdisc.fi\/sv\/wp-json\/wp\/v2\/product\/236662\/revisions\/261795"}],"wp:featuredmedia":[{"embeddable":true,"href":"https:\/\/topdisc.fi\/sv\/wp-json\/wp\/v2\/media\/236667"}],"wp:attachment":[{"href":"https:\/\/topdisc.fi\/sv\/wp-json\/wp\/v2\/media?parent=236662"}],"wp:term":[{"taxonomy":"product_brand","embeddable":true,"href":"https:\/\/topdisc.fi\/sv\/wp-json\/wp\/v2\/product_brand?post=236662"},{"taxonomy":"product_cat","embeddable":true,"href":"https:\/\/topdisc.fi\/sv\/wp-json\/wp\/v2\/product_cat?post=236662"},{"taxonomy":"product_tag","embeddable":true,"href":"https:\/\/topdisc.fi\/sv\/wp-json\/wp\/v2\/product_tag?post=236662"}],"curies":[{"name":"wp","href":"https:\/\/api.w.org\/{rel}","templated":true}]}}