{"id":236763,"date":"2024-11-06T16:03:32","date_gmt":"2024-11-06T14:03:32","guid":{"rendered":"https:\/\/topdisc.fi\/?post_type=product&#038;p=236763"},"modified":"2026-01-27T16:52:12","modified_gmt":"2026-01-27T14:52:12","slug":"discmania-c-line-dd-5","status":"publish","type":"product","link":"https:\/\/topdisc.fi\/sv\/produkt\/discmania-c-line-dd-5\/","title":{"rendered":"Discmania C-Line DD"},"content":{"rendered":"<p>Discmania C-Line DD<\/p>\n<p>Flygv\u00e4rden: 11 5 0 2<\/p>\n<p>Vikt: 175g<\/p>\n<p>Produktens f\u00e4rger och varianter<br \/>\nDenna frisbeegolfpuck \u00e4r tv\u00e5f\u00e4rgad: f\u00e4rgmeddelandet som visas i menyn \u00e4r i ordningen ytterkant\/mitt. Till exempel betyder &quot;bl\u00e5\/rosa&quot; att skivans ytterkant \u00e4r bl\u00e5 och mitten \u00e4r rosa. Det kan f\u00f6rekomma sm\u00e5 variationer i f\u00e4rgs\u00e4ttningen, men huvudf\u00e4rgerna \u00e4r alltid som de anges. Produkten kan \u00e4ven finnas i andra f\u00e4rgalternativ, som du kan v\u00e4lja innan du best\u00e4ller.<\/p>","protected":false},"excerpt":{"rendered":"<p>Discmania C-Line DD<\/p>\n<p>Flygv\u00e4rden: 11 5 0 2<\/p>\n<p>Vikt: 175g<\/p>\n<p>Produktens f\u00e4rger och varianter<br \/>\nDenna frisbeegolfpuck \u00e4r tv\u00e5f\u00e4rgad: f\u00e4rgmeddelandet som visas i menyn \u00e4r i ordningen ytterkant\/mitt. Till exempel betyder &quot;bl\u00e5\/rosa&quot; att skivans ytterkant \u00e4r bl\u00e5 och mitten \u00e4r rosa. Det kan f\u00f6rekomma sm\u00e5 variationer i f\u00e4rgs\u00e4ttningen, men huvudf\u00e4rgerna \u00e4r alltid som de anges. Produkten kan \u00e4ven finnas i andra f\u00e4rgalternativ, som du kan v\u00e4lja innan du best\u00e4ller.<\/p>","protected":false},"featured_media":236764,"comment_status":"open","ping_status":"closed","template":"","meta":{"_acf_changed":false,"om_disable_all_campaigns":false,"_improvement_type_select":"improve_an_existing","_thumb_yes_seoaic":false,"_frame_yes_seoaic":false,"seoaic_generate_description":"","seoaic_improve_instructions_prompt":"","seoaic_rollback_content_improvement":"","seoaic_idea_thumbnail_generator":"","thumbnail_generated":false,"thumbnail_generate_prompt":"","seoaic_article_description":""},"product_brand":[4855],"product_cat":[656,1861,1817],"product_tag":[555],"class_list":{"0":"post-236763","1":"product","2":"type-product","3":"status-publish","4":"has-post-thumbnail","6":"product_brand-discmania","7":"product_cat-discmania-kaikki","8":"product_cat-discmania-uudet-kiekot","9":"product_cat-uudet-kiekot","10":"product_tag-driver","11":"pa_feidi-287","12":"pa_liito-274","13":"pa_nopeus-265","14":"pa_paino-326","15":"pa_vakaus-zero","16":"pa_vari-tummansininen","18":"first","19":"instock","20":"taxable","21":"shipping-taxable","22":"purchasable","23":"product-type-variable"},"acf":[],"_links":{"self":[{"href":"https:\/\/topdisc.fi\/sv\/wp-json\/wp\/v2\/product\/236763","targetHints":{"allow":["GET"]}}],"collection":[{"href":"https:\/\/topdisc.fi\/sv\/wp-json\/wp\/v2\/product"}],"about":[{"href":"https:\/\/topdisc.fi\/sv\/wp-json\/wp\/v2\/types\/product"}],"replies":[{"embeddable":true,"href":"https:\/\/topdisc.fi\/sv\/wp-json\/wp\/v2\/comments?post=236763"}],"version-history":[{"count":1,"href":"https:\/\/topdisc.fi\/sv\/wp-json\/wp\/v2\/product\/236763\/revisions"}],"predecessor-version":[{"id":263752,"href":"https:\/\/topdisc.fi\/sv\/wp-json\/wp\/v2\/product\/236763\/revisions\/263752"}],"wp:featuredmedia":[{"embeddable":true,"href":"https:\/\/topdisc.fi\/sv\/wp-json\/wp\/v2\/media\/236764"}],"wp:attachment":[{"href":"https:\/\/topdisc.fi\/sv\/wp-json\/wp\/v2\/media?parent=236763"}],"wp:term":[{"taxonomy":"product_brand","embeddable":true,"href":"https:\/\/topdisc.fi\/sv\/wp-json\/wp\/v2\/product_brand?post=236763"},{"taxonomy":"product_cat","embeddable":true,"href":"https:\/\/topdisc.fi\/sv\/wp-json\/wp\/v2\/product_cat?post=236763"},{"taxonomy":"product_tag","embeddable":true,"href":"https:\/\/topdisc.fi\/sv\/wp-json\/wp\/v2\/product_tag?post=236763"}],"curies":[{"name":"wp","href":"https:\/\/api.w.org\/{rel}","templated":true}]}}