{"id":236771,"date":"2024-11-06T16:18:57","date_gmt":"2024-11-06T14:18:57","guid":{"rendered":"https:\/\/topdisc.fi\/?post_type=product&#038;p=236771"},"modified":"2026-01-27T16:52:12","modified_gmt":"2026-01-27T14:52:12","slug":"discmania-neo-lumen-origin-special-edition","status":"publish","type":"product","link":"https:\/\/topdisc.fi\/sv\/produkt\/discmania-neo-lumen-origin-special-edition\/","title":{"rendered":"Discmania Neo Lumen Origin Special Edition"},"content":{"rendered":"<p>Discmania Neo Lumen Origin Special Edition<\/p>\n<p>Flygv\u00e4rden: 5 5 -1 1<\/p>\n<p>Vikt: 170g<\/p>\n<p>Produktens f\u00e4rger och varianter<br \/>\nDenna frisbeegolfpuck \u00e4r tv\u00e5f\u00e4rgad: f\u00e4rgmeddelandet som visas i menyn \u00e4r i ordningen ytterkant\/mitt. Till exempel betyder &quot;bl\u00e5\/rosa&quot; att skivans ytterkant \u00e4r bl\u00e5 och mitten \u00e4r rosa. Det kan f\u00f6rekomma sm\u00e5 variationer i f\u00e4rgs\u00e4ttningen, men huvudf\u00e4rgerna \u00e4r alltid som de anges. Produkten kan \u00e4ven finnas i andra f\u00e4rgalternativ, som du kan v\u00e4lja innan du best\u00e4ller.<\/p>\n<p>&nbsp;<\/p>","protected":false},"excerpt":{"rendered":"<p>Discmania Neo Lumen Origin Special Edition<\/p>\n<p>Flygv\u00e4rden: 5 5 -1 1<\/p>\n<p>Vikt: 170g<\/p>\n<p>Produktens f\u00e4rger och varianter<br \/>\nDenna frisbeegolfpuck \u00e4r tv\u00e5f\u00e4rgad: f\u00e4rgmeddelandet som visas i menyn \u00e4r i ordningen ytterkant\/mitt. Till exempel betyder &quot;bl\u00e5\/rosa&quot; att skivans ytterkant \u00e4r bl\u00e5 och mitten \u00e4r rosa. Det kan f\u00f6rekomma sm\u00e5 variationer i f\u00e4rgs\u00e4ttningen, men huvudf\u00e4rgerna \u00e4r alltid som de anges. Produkten kan \u00e4ven finnas i andra f\u00e4rgalternativ, som du kan v\u00e4lja innan du best\u00e4ller.<\/p>","protected":false},"featured_media":236773,"comment_status":"open","ping_status":"closed","template":"","meta":{"_acf_changed":false,"om_disable_all_campaigns":false,"_improvement_type_select":"improve_an_existing","_thumb_yes_seoaic":false,"_frame_yes_seoaic":false,"seoaic_generate_description":"","seoaic_improve_instructions_prompt":"","seoaic_rollback_content_improvement":"","seoaic_idea_thumbnail_generator":"","thumbnail_generated":false,"thumbnail_generate_prompt":"","seoaic_article_description":""},"product_brand":[4855],"product_cat":[2625,656,1861,678,1817],"product_tag":[566,839],"class_list":{"0":"post-236771","1":"product","2":"type-product","3":"status-publish","4":"has-post-thumbnail","6":"product_brand-discmania","7":"product_cat-valmistajat","8":"product_cat-discmania-kaikki","9":"product_cat-discmania-uudet-kiekot","10":"product_cat-spessut","11":"product_cat-uudet-kiekot","12":"product_tag-midari","13":"product_tag-midrange","14":"pa_feidi-286","15":"pa_liito-274","16":"pa_nopeus-259","17":"pa_paino-321","18":"pa_vakaus-281","19":"pa_valmistajat-discmania","20":"pa_vari-turkoosi","22":"first","23":"instock","24":"taxable","25":"shipping-taxable","26":"purchasable","27":"product-type-variable"},"acf":[],"_links":{"self":[{"href":"https:\/\/topdisc.fi\/sv\/wp-json\/wp\/v2\/product\/236771","targetHints":{"allow":["GET"]}}],"collection":[{"href":"https:\/\/topdisc.fi\/sv\/wp-json\/wp\/v2\/product"}],"about":[{"href":"https:\/\/topdisc.fi\/sv\/wp-json\/wp\/v2\/types\/product"}],"replies":[{"embeddable":true,"href":"https:\/\/topdisc.fi\/sv\/wp-json\/wp\/v2\/comments?post=236771"}],"version-history":[{"count":1,"href":"https:\/\/topdisc.fi\/sv\/wp-json\/wp\/v2\/product\/236771\/revisions"}],"predecessor-version":[{"id":263751,"href":"https:\/\/topdisc.fi\/sv\/wp-json\/wp\/v2\/product\/236771\/revisions\/263751"}],"wp:featuredmedia":[{"embeddable":true,"href":"https:\/\/topdisc.fi\/sv\/wp-json\/wp\/v2\/media\/236773"}],"wp:attachment":[{"href":"https:\/\/topdisc.fi\/sv\/wp-json\/wp\/v2\/media?parent=236771"}],"wp:term":[{"taxonomy":"product_brand","embeddable":true,"href":"https:\/\/topdisc.fi\/sv\/wp-json\/wp\/v2\/product_brand?post=236771"},{"taxonomy":"product_cat","embeddable":true,"href":"https:\/\/topdisc.fi\/sv\/wp-json\/wp\/v2\/product_cat?post=236771"},{"taxonomy":"product_tag","embeddable":true,"href":"https:\/\/topdisc.fi\/sv\/wp-json\/wp\/v2\/product_tag?post=236771"}],"curies":[{"name":"wp","href":"https:\/\/api.w.org\/{rel}","templated":true}]}}