{"id":236788,"date":"2024-11-06T17:13:59","date_gmt":"2024-11-06T15:13:59","guid":{"rendered":"https:\/\/topdisc.fi\/?post_type=product&#038;p=236788"},"modified":"2026-05-05T17:35:41","modified_gmt":"2026-05-05T14:35:41","slug":"halti-pro-backpack","status":"publish","type":"product","link":"https:\/\/topdisc.fi\/sv\/produkt\/halti-pro-backpack\/","title":{"rendered":"Halti Pro ryggs\u00e4ck"},"content":{"rendered":"<h5>Halti Pro ryggs\u00e4ck<\/h5>\n<h5><strong>ANV\u00c4ND V\u00c4SKA<\/strong><\/h5>\n<p>Skick: B<\/p>\n<p>Dragkedjor: fungerar<\/p>\n<p>Sula: n\u00e5got normalt slitage<\/p>\n<p>Remmar: Bra skick<\/p>\n<p>Skivor f\u00e5r plats: 22-28 st<\/p>\n<p>Den \u00f6vre fickan p\u00e5 v\u00e4skan g\u00f6r att du kan h\u00e5lla drycker kalla.<\/p>","protected":false},"excerpt":{"rendered":"<h5>Halti Pro ryggs\u00e4ck<\/h5>\n<h5><strong>ANV\u00c4ND V\u00c4SKA<\/strong><\/h5>\n<p>Skick: B<\/p>\n<p>Dragkedjor: fungerar<\/p>\n<p>Sula: n\u00e5got normalt slitage<\/p>\n<p>Remmar: Bra skick<\/p>\n<p>Skivor f\u00e5r plats: 22-28 st<\/p>\n<p>Den \u00f6vre fickan p\u00e5 v\u00e4skan g\u00f6r att du kan h\u00e5lla drycker kalla.<\/p>","protected":false},"featured_media":236811,"comment_status":"open","ping_status":"closed","template":"","meta":{"_acf_changed":false,"om_disable_all_campaigns":false,"_improvement_type_select":"improve_an_existing","_thumb_yes_seoaic":false,"_frame_yes_seoaic":false,"seoaic_generate_description":"","seoaic_improve_instructions_prompt":"","seoaic_rollback_content_improvement":"","seoaic_idea_thumbnail_generator":"","thumbnail_generated":false,"thumbnail_generate_prompt":"","seoaic_article_description":""},"product_brand":[],"product_cat":[1722,1168],"product_tag":[],"class_list":{"0":"post-236788","1":"product","2":"type-product","3":"status-publish","4":"has-post-thumbnail","6":"product_cat-laukut","7":"product_cat-kaytetyt-frisbeegolfreput","8":"pa_kunto-b-2","10":"first","11":"outofstock","12":"shipping-taxable","13":"purchasable","14":"product-type-simple"},"acf":[],"_links":{"self":[{"href":"https:\/\/topdisc.fi\/sv\/wp-json\/wp\/v2\/product\/236788","targetHints":{"allow":["GET"]}}],"collection":[{"href":"https:\/\/topdisc.fi\/sv\/wp-json\/wp\/v2\/product"}],"about":[{"href":"https:\/\/topdisc.fi\/sv\/wp-json\/wp\/v2\/types\/product"}],"replies":[{"embeddable":true,"href":"https:\/\/topdisc.fi\/sv\/wp-json\/wp\/v2\/comments?post=236788"}],"version-history":[{"count":0,"href":"https:\/\/topdisc.fi\/sv\/wp-json\/wp\/v2\/product\/236788\/revisions"}],"wp:featuredmedia":[{"embeddable":true,"href":"https:\/\/topdisc.fi\/sv\/wp-json\/wp\/v2\/media\/236811"}],"wp:attachment":[{"href":"https:\/\/topdisc.fi\/sv\/wp-json\/wp\/v2\/media?parent=236788"}],"wp:term":[{"taxonomy":"product_brand","embeddable":true,"href":"https:\/\/topdisc.fi\/sv\/wp-json\/wp\/v2\/product_brand?post=236788"},{"taxonomy":"product_cat","embeddable":true,"href":"https:\/\/topdisc.fi\/sv\/wp-json\/wp\/v2\/product_cat?post=236788"},{"taxonomy":"product_tag","embeddable":true,"href":"https:\/\/topdisc.fi\/sv\/wp-json\/wp\/v2\/product_tag?post=236788"}],"curies":[{"name":"wp","href":"https:\/\/api.w.org\/{rel}","templated":true}]}}