{"id":237389,"date":"2024-11-11T17:27:51","date_gmt":"2024-11-11T15:27:51","guid":{"rendered":"https:\/\/topdisc.fi\/?post_type=product&#038;p=237389"},"modified":"2026-01-29T16:28:47","modified_gmt":"2026-01-29T14:28:47","slug":"discmania-first-run-c-line-cd1","status":"publish","type":"product","link":"https:\/\/topdisc.fi\/sv\/produkt\/discmania-first-run-c-line-cd1\/","title":{"rendered":"Discmania F\u00f6rsta k\u00f6rningen C-Line Cd1"},"content":{"rendered":"<p>Discmania F\u00f6rsta k\u00f6rningen C-Line Cd1<\/p>\n<p>Flygv\u00e4rden: 9 5 -1 2<\/p>\n<p>Skick: B+<\/p>\n<p>Vikt: 174g<\/p>\n<p>Mark\u00f6rer: \u2013 rimmarkeringar<\/p>","protected":false},"excerpt":{"rendered":"<p>Discmania F\u00f6rsta k\u00f6rningen C-Line Cd1<\/p>\n<p>Flygv\u00e4rden: 9 5 -1 2<\/p>\n<p>Skick: B+<\/p>\n<p>Vikt: 174g<\/p>\n<p>Mark\u00f6rer: \u2013 rimmarkeringar<\/p>","protected":false},"featured_media":239245,"comment_status":"open","ping_status":"closed","template":"","meta":{"_acf_changed":false,"om_disable_all_campaigns":false,"_improvement_type_select":"improve_an_existing","_thumb_yes_seoaic":false,"_frame_yes_seoaic":false,"seoaic_generate_description":"","seoaic_improve_instructions_prompt":"","seoaic_rollback_content_improvement":"","seoaic_idea_thumbnail_generator":"","thumbnail_generated":false,"thumbnail_generate_prompt":"","seoaic_article_description":""},"product_brand":[4855],"product_cat":[656,1754,1866,1807,1757,1809,1810,1806,2621,2625],"product_tag":[1226,677],"class_list":{"0":"post-237389","1":"product","2":"type-product","3":"status-publish","4":"has-post-thumbnail","6":"product_brand-discmania","7":"product_cat-discmania-kaikki","8":"product_cat-discmania-kaytetyt-driverit","9":"product_cat-discmania-kaytetyt-fairwaydriverit","10":"product_cat-discmania-kaytetyt-frisbeegolfkiekot","11":"product_cat-discmania-kaytetyt-spesiaalikiekot","12":"product_cat-driverit","13":"product_cat-fairwayt","14":"product_cat-kaytetyt-frisbeegolfkiekot","15":"product_cat-restockit","16":"product_cat-valmistajat","17":"product_tag-fairway","18":"product_tag-special","19":"pa_feidi-287","20":"pa_kunto-b","21":"pa_liito-274","22":"pa_nopeus-263","23":"pa_paino-325","24":"pa_vakaus-281","25":"pa_valmistajat-discmania","27":"first","28":"outofstock","29":"purchasable","30":"product-type-simple"},"acf":[],"_links":{"self":[{"href":"https:\/\/topdisc.fi\/sv\/wp-json\/wp\/v2\/product\/237389","targetHints":{"allow":["GET"]}}],"collection":[{"href":"https:\/\/topdisc.fi\/sv\/wp-json\/wp\/v2\/product"}],"about":[{"href":"https:\/\/topdisc.fi\/sv\/wp-json\/wp\/v2\/types\/product"}],"replies":[{"embeddable":true,"href":"https:\/\/topdisc.fi\/sv\/wp-json\/wp\/v2\/comments?post=237389"}],"version-history":[{"count":1,"href":"https:\/\/topdisc.fi\/sv\/wp-json\/wp\/v2\/product\/237389\/revisions"}],"predecessor-version":[{"id":263750,"href":"https:\/\/topdisc.fi\/sv\/wp-json\/wp\/v2\/product\/237389\/revisions\/263750"}],"wp:featuredmedia":[{"embeddable":true,"href":"https:\/\/topdisc.fi\/sv\/wp-json\/wp\/v2\/media\/239245"}],"wp:attachment":[{"href":"https:\/\/topdisc.fi\/sv\/wp-json\/wp\/v2\/media?parent=237389"}],"wp:term":[{"taxonomy":"product_brand","embeddable":true,"href":"https:\/\/topdisc.fi\/sv\/wp-json\/wp\/v2\/product_brand?post=237389"},{"taxonomy":"product_cat","embeddable":true,"href":"https:\/\/topdisc.fi\/sv\/wp-json\/wp\/v2\/product_cat?post=237389"},{"taxonomy":"product_tag","embeddable":true,"href":"https:\/\/topdisc.fi\/sv\/wp-json\/wp\/v2\/product_tag?post=237389"}],"curies":[{"name":"wp","href":"https:\/\/api.w.org\/{rel}","templated":true}]}}