{"id":237661,"date":"2024-11-20T18:09:52","date_gmt":"2024-11-20T16:09:52","guid":{"rendered":"https:\/\/topdisc.fi\/?post_type=product&#038;p=237661"},"modified":"2024-11-24T08:40:54","modified_gmt":"2024-11-24T06:40:54","slug":"pulsea-2-viikon-ilmainen-kokeilu","status":"publish","type":"product","link":"https:\/\/topdisc.fi\/sv\/produkt\/pulsea-2-viikon-ilmainen-kokeilu\/","title":{"rendered":"Pulsea"},"content":{"rendered":"<div class=\"flex-shrink-0 flex flex-col relative items-end\">\n<div>\n<div class=\"pt-0\">\n<div class=\"gizmo-bot-avatar flex h-8 w-8 items-center justify-center overflow-hidden rounded-full\">\n<div class=\"relative p-1 rounded-sm flex items-center justify-center bg-token-main-surface-primary text-token-text-primary h-8 w-8\"><\/div>\n<\/div>\n<\/div>\n<\/div>\n<\/div>\n<div class=\"group\/conversation-turn relative flex w-full min-w-0 flex-col agent-turn\">\n<div class=\"flex-col gap-1 md:gap-3\">\n<div class=\"flex max-w-full flex-col flex-grow\">\n<div class=\"min-h-8 text-message flex w-full flex-col items-end gap-2 whitespace-normal break-words [.text-message+&amp;]:mt-5\" dir=\"auto\" data-message-author-role=\"assistant\" data-message-id=\"3f1fab6f-0d5c-46a5-a846-724845260c35\" data-message-model-slug=\"gpt-4o\">\n<div class=\"flex w-full flex-col gap-1 empty:hidden first:pt-[3px]\">\n<div class=\"markdown prose w-full break-words dark:prose-invert light\">\n<p><strong>Pulsea Disc Golf Academy \u2013 Kehit\u00e4 frisbeegolftaitojasi<\/strong><\/p>\n<p>Pulsea Disc Golf Academy on johtava verkkopalvelu frisbeegolfin oppimiseen, tarjoten yli 1 000 lyhytt\u00e4 ja selke\u00e4\u00e4 videokurssia. Aloita perustekniikoista ja etene kohti pro-tason heittoja ja puttaustaitoja. Pulsea tuo yhteen maailmanluokan valmentajat, kuten maailmanmestarit ja enn\u00e4tyksenhaltijat, jotka jakavat tietotaitoaan kehitt\u00e4\u00e4ksesi peli\u00e4si kaikilla osa-alueilla.<\/p>\n<p>Pulsea-sovelluksella p\u00e4\u00e4set opiskelemaan miss\u00e4 ja milloin tahansa \u2013 omaan tahtiisi. Uudet sis\u00e4ll\u00f6t p\u00e4ivittyv\u00e4t l\u00e4hes p\u00e4ivitt\u00e4in, joten oppiminen pysyy monipuolisena ja ajankohtaisena. Harjoittele oikea tekniikka, paranna pelistrategiaasi ja kasva itsevarmaksi pelaajaksi.<\/p>\n<p>Kokeile Pulsea Academy\u00e4 ilmaiseksi ja liitty\u00e4ksesi alati kasvavaan frisbeegolfin harrastajayhteis\u00f6\u00f6n, joka ottaa pelins\u00e4 uudelle tasolle! Aloita jo t\u00e4n\u00e4\u00e4n\u200b<\/p>\n<p>&nbsp;<\/p>\n<p>Lis\u00e4tietoja ja rekister\u00f6ityminen: <a href=\"https:\/\/www.pulsea.com\/\" target=\"_new\" rel=\"noopener\">Pulsea Disc Golf Academy<\/a>.<\/p>\n<\/div>\n<\/div>\n<\/div>\n<\/div>\n<\/div>\n<\/div>\n","protected":false},"excerpt":{"rendered":"<p>Pulsea Disc Golf Academy \u2013 Kehit\u00e4 frisbeegolftaitojasi Pulsea Disc Golf Academy on johtava verkkopalvelu frisbeegolfin oppimiseen, tarjoten yli 1 000<\/p>","protected":false},"featured_media":237662,"comment_status":"open","ping_status":"closed","template":"","meta":{"_acf_changed":false,"om_disable_all_campaigns":false,"_improvement_type_select":"improve_an_existing","_thumb_yes_seoaic":false,"_frame_yes_seoaic":false,"seoaic_generate_description":"","seoaic_improve_instructions_prompt":"","seoaic_rollback_content_improvement":"","seoaic_idea_thumbnail_generator":"","thumbnail_generated":false,"thumbnail_generate_prompt":"","seoaic_article_description":""},"product_brand":[],"product_cat":[498],"product_tag":[],"class_list":{"0":"post-237661","1":"product","2":"type-product","3":"status-publish","4":"has-post-thumbnail","6":"product_cat-uncategorized","8":"first","9":"instock","10":"taxable","11":"shipping-taxable","12":"purchasable","13":"product-type-simple"},"acf":[],"_links":{"self":[{"href":"https:\/\/topdisc.fi\/sv\/wp-json\/wp\/v2\/product\/237661","targetHints":{"allow":["GET"]}}],"collection":[{"href":"https:\/\/topdisc.fi\/sv\/wp-json\/wp\/v2\/product"}],"about":[{"href":"https:\/\/topdisc.fi\/sv\/wp-json\/wp\/v2\/types\/product"}],"replies":[{"embeddable":true,"href":"https:\/\/topdisc.fi\/sv\/wp-json\/wp\/v2\/comments?post=237661"}],"version-history":[{"count":0,"href":"https:\/\/topdisc.fi\/sv\/wp-json\/wp\/v2\/product\/237661\/revisions"}],"wp:featuredmedia":[{"embeddable":true,"href":"https:\/\/topdisc.fi\/sv\/wp-json\/wp\/v2\/media\/237662"}],"wp:attachment":[{"href":"https:\/\/topdisc.fi\/sv\/wp-json\/wp\/v2\/media?parent=237661"}],"wp:term":[{"taxonomy":"product_brand","embeddable":true,"href":"https:\/\/topdisc.fi\/sv\/wp-json\/wp\/v2\/product_brand?post=237661"},{"taxonomy":"product_cat","embeddable":true,"href":"https:\/\/topdisc.fi\/sv\/wp-json\/wp\/v2\/product_cat?post=237661"},{"taxonomy":"product_tag","embeddable":true,"href":"https:\/\/topdisc.fi\/sv\/wp-json\/wp\/v2\/product_tag?post=237661"}],"curies":[{"name":"wp","href":"https:\/\/api.w.org\/{rel}","templated":true}]}}