{"id":240269,"date":"2025-01-24T16:57:20","date_gmt":"2025-01-24T14:57:20","guid":{"rendered":"https:\/\/topdisc.fi\/?post_type=product&#038;p=240269"},"modified":"2025-01-24T17:31:48","modified_gmt":"2025-01-24T15:31:48","slug":"saguaro-forestep","status":"publish","type":"product","link":"https:\/\/topdisc.fi\/sv\/produkt\/saguaro-forestep\/","title":{"rendered":"Saguaro-skogen"},"content":{"rendered":"<div class=\"row\">\n<div class=\"row\">\n<div class=\"col-12 f36 bold bottom_border\"><strong>Saguaro-skogen<\/strong><\/div>\n<h3 class=\"col-12 f36 bold bottom_border\">DRAG<\/h3>\n<\/div>\n<div class=\"row\">\n<div class=\"col-12 bottom_border mobile_menu_element product_description\">\n<p>Snygga barfotaskor f\u00f6r utomhusaktiviteter och stigar. De \u00e4r l\u00e4tta att kombinera med olika outfits och eftersom de \u00e4r l\u00e4tta och flexibla fungerar de bra \u00e4ven f\u00f6r stadsvandringar.<\/p>\n<p><b>Storlekstabell:<\/b><\/p>\n<h3><b>Sk\u00f6tselr\u00e5d:<\/b><b><br \/>\n<\/b><\/h3>\n<p>F\u00f6r att reng\u00f6ra dina skor, torka dem f\u00f6rsiktigt med en fuktig trasa. Undvik att anv\u00e4nda starka kemikalier eller slipande reng\u00f6ringsmedel eftersom de kan skada materialen. F\u00f6rvara skorna p\u00e5 en sval, torr plats, borta fr\u00e5n direkt solljus. Undvik att placera tunga f\u00f6rem\u00e5l ovanp\u00e5 dina skor f\u00f6r att beh\u00e5lla sin form.<\/p>\n<\/div>\n<\/div>\n<p><em><strong>Kom och prova i butiken p\u00e5 Lyhtytie 6c, 00750 Helsingfors<\/strong><\/em><\/p>\n<\/div>","protected":false},"excerpt":{"rendered":"<div class=\"row\">\n<div class=\"col-12 f36 bold bottom_border\">\n<div class=\"row\">\n<div class=\"col-12 f36 bold bottom_border\">\n<div class=\"row\">\n<div class=\"col-12 f36 bold bottom_border\"><strong>Saguaro-skogen<\/strong><\/div>\n<\/div>\n<div class=\"row\">\n<div class=\"col-12 bottom_border mobile_menu_element product_description\">\n<p>Snygga barfotaskor f\u00f6r utomhusaktiviteter och stigar. De \u00e4r l\u00e4tta att kombinera med olika outfits och eftersom de \u00e4r l\u00e4tta och flexibla fungerar de bra \u00e4ven f\u00f6r stadsvandringar.<\/p>\n<\/div>\n<\/div>\n<p><em><strong>Kom och prova i butiken p\u00e5 Lyhtytie 6c, 00750 Helsingfors<\/strong><\/em><\/p>\n<\/div>\n<\/div>\n<\/div>\n<\/div>","protected":false},"featured_media":240281,"comment_status":"open","ping_status":"closed","template":"","meta":{"_acf_changed":false,"om_disable_all_campaigns":false,"_improvement_type_select":"improve_an_existing","_thumb_yes_seoaic":false,"_frame_yes_seoaic":false,"seoaic_generate_description":"","seoaic_improve_instructions_prompt":"","seoaic_rollback_content_improvement":"","seoaic_idea_thumbnail_generator":"","thumbnail_generated":false,"thumbnail_generate_prompt":"","seoaic_article_description":""},"product_brand":[],"product_cat":[4084],"product_tag":[],"class_list":{"0":"post-240269","1":"product","2":"type-product","3":"status-publish","4":"has-post-thumbnail","6":"product_cat-kengat","8":"first","9":"instock","10":"taxable","11":"shipping-taxable","12":"purchasable","13":"product-type-variable"},"acf":[],"_links":{"self":[{"href":"https:\/\/topdisc.fi\/sv\/wp-json\/wp\/v2\/product\/240269","targetHints":{"allow":["GET"]}}],"collection":[{"href":"https:\/\/topdisc.fi\/sv\/wp-json\/wp\/v2\/product"}],"about":[{"href":"https:\/\/topdisc.fi\/sv\/wp-json\/wp\/v2\/types\/product"}],"replies":[{"embeddable":true,"href":"https:\/\/topdisc.fi\/sv\/wp-json\/wp\/v2\/comments?post=240269"}],"version-history":[{"count":0,"href":"https:\/\/topdisc.fi\/sv\/wp-json\/wp\/v2\/product\/240269\/revisions"}],"wp:featuredmedia":[{"embeddable":true,"href":"https:\/\/topdisc.fi\/sv\/wp-json\/wp\/v2\/media\/240281"}],"wp:attachment":[{"href":"https:\/\/topdisc.fi\/sv\/wp-json\/wp\/v2\/media?parent=240269"}],"wp:term":[{"taxonomy":"product_brand","embeddable":true,"href":"https:\/\/topdisc.fi\/sv\/wp-json\/wp\/v2\/product_brand?post=240269"},{"taxonomy":"product_cat","embeddable":true,"href":"https:\/\/topdisc.fi\/sv\/wp-json\/wp\/v2\/product_cat?post=240269"},{"taxonomy":"product_tag","embeddable":true,"href":"https:\/\/topdisc.fi\/sv\/wp-json\/wp\/v2\/product_tag?post=240269"}],"curies":[{"name":"wp","href":"https:\/\/api.w.org\/{rel}","templated":true}]}}