{"id":241386,"date":"2025-03-06T19:20:42","date_gmt":"2025-03-06T17:20:42","guid":{"rendered":"https:\/\/topdisc.fi\/?post_type=product&#038;p=241386"},"modified":"2026-01-27T17:46:22","modified_gmt":"2026-01-27T15:46:22","slug":"prodigy-disc-400-glow-pa-3-the-archer-vaino-makela","status":"publish","type":"product","link":"https:\/\/topdisc.fi\/sv\/produkt\/prodigy-disc-400-glow-pa-3-the-archer-vaino-makela\/","title":{"rendered":"Prodigy Disc 400 Glow PA-3 B\u00e5gskytten V\u00e4in\u00f6 M\u00e4kel\u00e4"},"content":{"rendered":"<p>Prodigy Disc 400 Glow PA-3 B\u00e5gskytten V\u00e4in\u00f6 M\u00e4kel\u00e4<\/p>\n<p>Flygv\u00e4rden: 3 4 0 1<\/p>\n<p>Skick: BA+<\/p>\n<p>Vikt: 173g<\/p>\n<p>Mark\u00f6rer: Rimmi<\/p>\n<p>&nbsp;<\/p>","protected":false},"excerpt":{"rendered":"<p>Prodigy Disc 400 Glow PA-3 B\u00e5gskytten V\u00e4in\u00f6 M\u00e4kel\u00e4<\/p>\n<p>Flygv\u00e4rden: 3 4 0 1<\/p>\n<p>Skick: BA+<\/p>\n<p>Vikt: 173g<\/p>\n<p>Mark\u00f6rer: Rimmi<\/p>","protected":false},"featured_media":242181,"comment_status":"open","ping_status":"closed","template":"","meta":{"_acf_changed":false,"om_disable_all_campaigns":false,"_improvement_type_select":"improve_an_existing","_thumb_yes_seoaic":false,"_frame_yes_seoaic":false,"seoaic_generate_description":"","seoaic_improve_instructions_prompt":"","seoaic_rollback_content_improvement":"","seoaic_idea_thumbnail_generator":"","thumbnail_generated":false,"thumbnail_generate_prompt":"","seoaic_article_description":""},"product_brand":[4872],"product_cat":[366,4670,1806,1808,1900,1823,1901,1852,4143,369,678],"product_tag":[4862],"class_list":{"0":"post-241386","1":"product","2":"type-product","3":"status-publish","4":"has-post-thumbnail","6":"product_brand-prodigy-disc","7":"product_cat-glowit","8":"product_cat-inv","9":"product_cat-kaytetyt-frisbeegolfkiekot","10":"product_cat-kaytetyt-putterit","11":"product_cat-prodigy-kaikki-kiekot","12":"product_cat-prodigy-kaytetyt-frisbeegolfkiekot-2","13":"product_cat-prodigy-kaytetyt-putterit","14":"product_cat-prodigy-kaytetyt-spesiaalikiekot-prodigy-kaytetyt-frisbeegolfkiekot-2","15":"product_cat-restock-maaliskuu-2025","16":"product_cat-signature-kiekot","17":"product_cat-spessut","18":"product_tag-glow","19":"pa_feidi-286","20":"pa_kunto-b","21":"pa_kunto-ba","22":"pa_liito-273","23":"pa_nopeus-257","24":"pa_paino-324","25":"pa_vakaus-zero","26":"pa_valmistajat-prodigy-discs","28":"first","29":"instock","30":"shipping-taxable","31":"purchasable","32":"product-type-simple"},"acf":[],"_links":{"self":[{"href":"https:\/\/topdisc.fi\/sv\/wp-json\/wp\/v2\/product\/241386","targetHints":{"allow":["GET"]}}],"collection":[{"href":"https:\/\/topdisc.fi\/sv\/wp-json\/wp\/v2\/product"}],"about":[{"href":"https:\/\/topdisc.fi\/sv\/wp-json\/wp\/v2\/types\/product"}],"replies":[{"embeddable":true,"href":"https:\/\/topdisc.fi\/sv\/wp-json\/wp\/v2\/comments?post=241386"}],"version-history":[{"count":1,"href":"https:\/\/topdisc.fi\/sv\/wp-json\/wp\/v2\/product\/241386\/revisions"}],"predecessor-version":[{"id":261269,"href":"https:\/\/topdisc.fi\/sv\/wp-json\/wp\/v2\/product\/241386\/revisions\/261269"}],"wp:featuredmedia":[{"embeddable":true,"href":"https:\/\/topdisc.fi\/sv\/wp-json\/wp\/v2\/media\/242181"}],"wp:attachment":[{"href":"https:\/\/topdisc.fi\/sv\/wp-json\/wp\/v2\/media?parent=241386"}],"wp:term":[{"taxonomy":"product_brand","embeddable":true,"href":"https:\/\/topdisc.fi\/sv\/wp-json\/wp\/v2\/product_brand?post=241386"},{"taxonomy":"product_cat","embeddable":true,"href":"https:\/\/topdisc.fi\/sv\/wp-json\/wp\/v2\/product_cat?post=241386"},{"taxonomy":"product_tag","embeddable":true,"href":"https:\/\/topdisc.fi\/sv\/wp-json\/wp\/v2\/product_tag?post=241386"}],"curies":[{"name":"wp","href":"https:\/\/api.w.org\/{rel}","templated":true}]}}