{"id":241507,"date":"2025-03-13T10:08:50","date_gmt":"2025-03-13T08:08:50","guid":{"rendered":"https:\/\/topdisc.fi\/?post_type=product&#038;p=241507"},"modified":"2026-02-19T00:09:19","modified_gmt":"2026-02-18T22:09:19","slug":"assa-disc-golf-set-samuel-hanninen","status":"publish","type":"product","link":"https:\/\/topdisc.fi\/sv\/produkt\/assa-disc-golf-set-samuel-hanninen\/","title":{"rendered":"Ace Disc Golf Set \u2013 Samuel H\u00e4nninen"},"content":{"rendered":"<h3 data-start=\"137\" data-end=\"193\"><strong data-start=\"141\" data-end=\"191\">Ace Disc Golf Set \u2013 Samuel H\u00e4nninen Signaturset<\/strong><\/h3>\n<p>Samuelin b\u00e4giss\u00e4 on kolme suomalaista huippukiekkoa: Origo, Jokeri ja Talisman. Samuel suunnitteli setin niin, ett\u00e4 se palvelee sek\u00e4 aloittelevia heitt\u00e4ji\u00e4 ett\u00e4 huippupelaajia. Graafikot taiteilivat niist\u00e4 Samuelin signature-setin, joka on nyt saatavilla kaikille lajin yst\u00e4ville.<\/p>\n<p>\u00c4ss\u00e4-setti on loistava lis\u00e4 b\u00e4giin kuin b\u00e4giin. Ostamalla Samuelin signature-setin tai yksitt\u00e4isen kiekon tuet samalla h\u00e4nen matkaansa kohti Suomen MM-kisoja 2025 \u2013 tuotot kiekoista menev\u00e4t Sampan kiertuekuluihin.<\/p>\n<p>Setti sis\u00e4lt\u00e4\u00e4 juuri n\u00e4m\u00e4 kolme moldia, ja kiekkojen v\u00e4ri voi vaihdella, mutta voit j\u00e4tt\u00e4\u00e4 kommentteihin v\u00e4ritoiveen, ja pyrimme toteuttamaan sen mahdollisuuksien mukaan.<\/p>\n<h3 data-start=\"901\" data-end=\"955\"><strong data-start=\"905\" data-end=\"953\"><a href=\"https:\/\/www.youtube.com\/shorts\/PS1rjQXDOxc\" target=\"_blank\" rel=\"noopener\">Joker<\/a> \u2013 Stabil och p\u00e5litlig putter<\/strong><\/h3>\n<p data-start=\"956\" data-end=\"1186\">Jokern \u00e4r en av Prodiscus mest popul\u00e4ra skivor, k\u00e4nd f\u00f6r sin noggrannhet och stabilitet. Den fungerar utm\u00e4rkt f\u00f6r b\u00e5de putting och inflygning, och erbjuder s\u00e4kra och f\u00f6ruts\u00e4gbara bilder \u00e4ven i bl\u00e5siga f\u00f6rh\u00e5llanden.<\/p>\n<p data-start=\"1188\" data-end=\"1219\"><strong data-start=\"1188\" data-end=\"1203\">Flygv\u00e4rden:<\/strong> 3 | 3 | 1 | 2<\/p>\n<h3 data-start=\"1221\" data-end=\"1296\"><strong data-start=\"1225\" data-end=\"1294\">Ultrium Origo \u2013 En raktflygande och l\u00e4ttstyrd putter<\/strong><\/h3>\n<p data-start=\"1297\" data-end=\"1556\">Origo \u00e4r en straight-flight putter som erbjuder utm\u00e4rkt kontroll och en l\u00e4tt slutlig toning. Den \u00e4r perfekt f\u00f6r precisa puttar och inflygningar, och dess neutrala flygning g\u00f6r den till ett utm\u00e4rkt val f\u00f6r spelare som vill f\u00f6rb\u00e4ttra sin teknik.<\/p>\n<p data-start=\"1558\" data-end=\"1589\"><strong data-start=\"1558\" data-end=\"1573\">Flygv\u00e4rden:<\/strong> 3 | 4 | 0 | 1<\/p>\n<h3 data-start=\"1591\" data-end=\"1654\"><strong data-start=\"1595\" data-end=\"1652\">Ultrium Talisman \u2013 Noggrann och kontrollerbar busschauff\u00f6r<\/strong><\/h3>\n<p data-start=\"1655\" data-end=\"1966\">Talisman \u00e4r en l\u00e4tthanterlig fairwayf\u00f6rare som kombinerar utm\u00e4rkt precision med m\u00e5ttlig stabilitet. Dess raka flygning och l\u00e4tta slutfading g\u00f6r den till ett utm\u00e4rkt val f\u00f6r b\u00e5de nyb\u00f6rjare och avancerade spelare som vill l\u00e4gga till distans till sina skott utan utmaningarna med \u00f6verstabilitet.<\/p>\n<p data-start=\"1968\" data-end=\"1999\"><strong data-start=\"1968\" data-end=\"1983\">Flygv\u00e4rden:<\/strong> 9 | 4 | 0 | 2<\/p>\n<p data-start=\"2006\" data-end=\"2192\">Med den h\u00e4r trion kommer du att klara dig i alla situationer \u2013 precisa puttar, kontrollerade inflygningar och mjuka k\u00f6rningar \u00e4r bara ett kast bort! <strong data-start=\"2139\" data-end=\"2190\">Skaffa Ace Set och ta ditt spel till n\u00e4sta niv\u00e5!<\/strong><\/p>\n<p data-start=\"2194\" data-end=\"2270\" data-is-last-node=\"\" data-is-only-node=\"\"><strong>? <em data-start=\"2197\" data-end=\"2270\" data-is-last-node=\"\">Notera! F\u00e4rgerna p\u00e5 skivorna i Ace-setet kanske inte matchar f\u00e4rgerna p\u00e5 bilden.<\/em><\/strong><\/p>\n<p><iframe loading=\"lazy\" title=\"Kan jag klara mig med bara signaturhjul?\" width=\"500\" height=\"281\" src=\"https:\/\/www.youtube.com\/embed\/dcD4gOCdF7I?feature=oembed\" frameborder=\"0\" allow=\"accelerometer; autoplay; clipboard-write; encrypted-media; gyroscope; picture-in-picture; web-share\" referrerpolicy=\"strict-origin-when-cross-origin\" allowfullscreen><\/iframe><\/p>","protected":false},"excerpt":{"rendered":"<h3 data-start=\"137\" data-end=\"193\"><strong data-start=\"141\" data-end=\"191\">Ace Disc Golf Set \u2013 Samuel H\u00e4nninen Signaturset<\/strong><\/h3>\n<p data-start=\"195\" data-end=\"485\">Samuels v\u00e4ska inneh\u00e5ller tre b\u00e4sta finska hockeyspelare: <strong data-start=\"248\" data-end=\"277\">Origo, Joker och Talisman<\/strong>. Samuel designade setet f\u00f6r att tj\u00e4na b\u00e5de nyb\u00f6rjarkastare och toppspelare. De grafiska formgivarna skapade Samuel av dem. <strong data-start=\"414\" data-end=\"433\">signaturupps\u00e4ttning<\/strong>, som nu \u00e4r tillg\u00e4nglig f\u00f6r alla fans av sporten.<\/p>\n<p data-start=\"487\" data-end=\"710\"><strong data-start=\"487\" data-end=\"538\">Ace-setet \u00e4r ett bra komplement till alla v\u00e4skor.<\/strong> Ostamalla Samuelin signature-setin tai yksitt\u00e4isen kiekon tuet samalla h\u00e4nen\u00a0 <strong data-start=\"632\" data-end=\"657\">kisoja 2026<\/strong>\u00a0\u2013 int\u00e4kterna fr\u00e5n puckarna g\u00e5r till Sampas turn\u00e9kostnader.<\/p>\n<p data-start=\"712\" data-end=\"892\">Setet inneh\u00e5ller: <strong data-start=\"727\" data-end=\"754\">bara dessa tre formar<\/strong>, och f\u00e4rgen p\u00e5 skivorna kan variera, men du kan l\u00e4mna <strong data-start=\"807\" data-end=\"836\">f\u00e4rgf\u00f6rfr\u00e5gan i kommentarerna<\/strong>, och vi kommer att str\u00e4va efter att implementera det s\u00e5 mycket som m\u00f6jligt.<\/p>\n<p data-start=\"2194\" data-end=\"2270\" data-is-last-node=\"\" data-is-only-node=\"\"><strong>? <em data-start=\"2197\" data-end=\"2270\" data-is-last-node=\"\">Notera! F\u00e4rgerna p\u00e5 skivorna i Ace-setet kanske inte matchar f\u00e4rgerna p\u00e5 bilden.<\/em><\/strong><\/p>","protected":false},"featured_media":258685,"comment_status":"open","ping_status":"closed","template":"","meta":{"_acf_changed":false,"om_disable_all_campaigns":false,"_improvement_type_select":"improve_an_existing","_thumb_yes_seoaic":false,"_frame_yes_seoaic":false,"seoaic_generate_description":"","seoaic_improve_instructions_prompt":"","seoaic_rollback_content_improvement":"","seoaic_idea_thumbnail_generator":"","thumbnail_generated":false,"thumbnail_generate_prompt":"","seoaic_article_description":""},"product_brand":[4873],"product_cat":[4063,1834,369,678,1817,73],"product_tag":[],"class_list":{"0":"post-241507","1":"product","2":"type-product","3":"status-publish","4":"has-post-thumbnail","6":"product_brand-prodiscus","7":"product_cat-fundraiser","8":"product_cat-prodiscus-uudet-frisbeegolfkiekot-2","9":"product_cat-signature-kiekot","10":"product_cat-spessut","11":"product_cat-uudet-kiekot","12":"product_cat-uutuudet","14":"first","15":"instock","16":"taxable","17":"shipping-taxable","18":"purchasable","19":"product-type-simple"},"acf":[],"_links":{"self":[{"href":"https:\/\/topdisc.fi\/sv\/wp-json\/wp\/v2\/product\/241507","targetHints":{"allow":["GET"]}}],"collection":[{"href":"https:\/\/topdisc.fi\/sv\/wp-json\/wp\/v2\/product"}],"about":[{"href":"https:\/\/topdisc.fi\/sv\/wp-json\/wp\/v2\/types\/product"}],"replies":[{"embeddable":true,"href":"https:\/\/topdisc.fi\/sv\/wp-json\/wp\/v2\/comments?post=241507"}],"version-history":[{"count":4,"href":"https:\/\/topdisc.fi\/sv\/wp-json\/wp\/v2\/product\/241507\/revisions"}],"predecessor-version":[{"id":266632,"href":"https:\/\/topdisc.fi\/sv\/wp-json\/wp\/v2\/product\/241507\/revisions\/266632"}],"wp:featuredmedia":[{"embeddable":true,"href":"https:\/\/topdisc.fi\/sv\/wp-json\/wp\/v2\/media\/258685"}],"wp:attachment":[{"href":"https:\/\/topdisc.fi\/sv\/wp-json\/wp\/v2\/media?parent=241507"}],"wp:term":[{"taxonomy":"product_brand","embeddable":true,"href":"https:\/\/topdisc.fi\/sv\/wp-json\/wp\/v2\/product_brand?post=241507"},{"taxonomy":"product_cat","embeddable":true,"href":"https:\/\/topdisc.fi\/sv\/wp-json\/wp\/v2\/product_cat?post=241507"},{"taxonomy":"product_tag","embeddable":true,"href":"https:\/\/topdisc.fi\/sv\/wp-json\/wp\/v2\/product_tag?post=241507"}],"curies":[{"name":"wp","href":"https:\/\/api.w.org\/{rel}","templated":true}]}}