{"id":242029,"date":"2025-03-19T17:25:13","date_gmt":"2025-03-19T15:25:13","guid":{"rendered":"https:\/\/topdisc.fi\/?post_type=product&#038;p=242029"},"modified":"2026-02-18T23:17:57","modified_gmt":"2026-02-18T21:17:57","slug":"prodiscus-ultrium-talisman-samuel-hanninen","status":"publish","type":"product","link":"https:\/\/topdisc.fi\/sv\/produkt\/prodiscus-ultrium-talisman-samuel-hanninen\/","title":{"rendered":"Prodiscus Ultrium Talisman \u2013 Samuel H\u00e4nninen"},"content":{"rendered":"<p data-start=\"0\" data-end=\"60\"><strong>Prodiscus Ultrium Talisman \u2013 Samuel H\u00e4nninen<\/strong><\/p>\n<p data-start=\"62\" data-end=\"419\">Prodiscus Ultrium Talisman \u00e4r p\u00e5litlig <strong data-start=\"103\" data-end=\"120\">busschauff\u00f6r<\/strong>, som kombinerar hastighet, kontroll och en s\u00e4ker toning. Dess <strong data-start=\"179\" data-end=\"207\">flygv\u00e4rden 9 | 4 | 0 | 2<\/strong> vilket g\u00f6r den till ett utm\u00e4rkt val f\u00f6r exakta raka kast och brands\u00e4kra hyzers. Ultrium-plast ger bra grepp och h\u00e5llbarhet, s\u00e5 att skivan forts\u00e4tter att prestera varv efter varv.<\/p>\n<p data-start=\"421\" data-end=\"592\" data-is-last-node=\"\" data-is-only-node=\"\">Den h\u00e4r skivan \u00e4r<\/p>\n<p><iframe loading=\"lazy\" title=\"Tre-diskutmaning i Munkkiniemi #discgolf #frisbeegolf #prodiscus #talisman\" width=\"500\" height=\"281\" src=\"https:\/\/www.youtube.com\/embed\/8M7OVG6UN_0?feature=oembed\" frameborder=\"0\" allow=\"accelerometer; autoplay; clipboard-write; encrypted-media; gyroscope; picture-in-picture; web-share\" referrerpolicy=\"strict-origin-when-cross-origin\" allowfullscreen><\/iframe><\/p>\n<p data-start=\"421\" data-end=\"592\" data-is-last-node=\"\" data-is-only-node=\"\"><strong data-start=\"436\" data-end=\"472\">Samuel H\u00e4nninen Signaturmodell<\/strong>, och int\u00e4kterna fr\u00e5n varje s\u00e5ld skiva g\u00e5r till <strong data-start=\"513\" data-end=\"548\">direkt till Samuels turn\u00e9biljett<\/strong>. F\u00e5 din och st\u00f6d Samuel under t\u00e4vlingss\u00e4songen!<\/p>","protected":false},"excerpt":{"rendered":"<p data-start=\"0\" data-end=\"60\"><strong data-start=\"0\" data-end=\"58\">Prodiscus Ultrium Talisman \u2013 Samuel H\u00e4nninen\u00a0<\/strong><\/p>\n<p data-start=\"62\" data-end=\"419\">Prodiscus Ultrium Talisman \u00e4r p\u00e5litlig <strong data-start=\"103\" data-end=\"120\">busschauff\u00f6r<\/strong>, som kombinerar hastighet, kontroll och en s\u00e4ker toning. Dess <strong data-start=\"179\" data-end=\"207\">flygv\u00e4rden 9 | 4 | 0 | 2<\/strong> vilket g\u00f6r den till ett utm\u00e4rkt val f\u00f6r exakta raka kast och brands\u00e4kra hyzers. Ultrium-plast ger bra grepp och h\u00e5llbarhet, s\u00e5 att skivan forts\u00e4tter att prestera varv efter varv.<\/p>\n<p data-start=\"421\" data-end=\"592\" data-is-last-node=\"\" data-is-only-node=\"\">Den h\u00e4r skivan \u00e4r <strong data-start=\"436\" data-end=\"472\">Samuel H\u00e4nninen Signaturmodell<\/strong>, och int\u00e4kterna fr\u00e5n varje s\u00e5ld skiva g\u00e5r till <strong data-start=\"513\" data-end=\"548\">direkt till Samuels turn\u00e9biljett<\/strong>. F\u00e5 din och st\u00f6d Samuel under t\u00e4vlingss\u00e4songen!<\/p>","protected":false},"featured_media":241514,"comment_status":"open","ping_status":"closed","template":"","meta":{"_acf_changed":false,"om_disable_all_campaigns":false,"_improvement_type_select":"improve_an_existing","_thumb_yes_seoaic":false,"_frame_yes_seoaic":false,"seoaic_generate_description":"","seoaic_improve_instructions_prompt":"","seoaic_rollback_content_improvement":"","seoaic_idea_thumbnail_generator":"","thumbnail_generated":false,"thumbnail_generate_prompt":"","seoaic_article_description":""},"product_brand":[],"product_cat":[1817,1834,4143,369,73],"product_tag":[],"class_list":{"0":"post-242029","1":"product","2":"type-product","3":"status-publish","4":"has-post-thumbnail","6":"product_cat-uudet-kiekot","7":"product_cat-prodiscus-uudet-frisbeegolfkiekot-2","8":"product_cat-restock-maaliskuu-2025","9":"product_cat-signature-kiekot","10":"product_cat-uutuudet","11":"pa_feidi-287","12":"pa_kunto-a-2","13":"pa_liito-273","14":"pa_nopeus-263","15":"pa_paino-320","16":"pa_paino-321","17":"pa_paino-322","18":"pa_vakaus-zero","19":"pa_valmistajat-prodiscus","20":"pa_vari-oranssi","22":"first","23":"instock","24":"taxable","25":"shipping-taxable","26":"purchasable","27":"product-type-variable"},"acf":[],"_links":{"self":[{"href":"https:\/\/topdisc.fi\/sv\/wp-json\/wp\/v2\/product\/242029","targetHints":{"allow":["GET"]}}],"collection":[{"href":"https:\/\/topdisc.fi\/sv\/wp-json\/wp\/v2\/product"}],"about":[{"href":"https:\/\/topdisc.fi\/sv\/wp-json\/wp\/v2\/types\/product"}],"replies":[{"embeddable":true,"href":"https:\/\/topdisc.fi\/sv\/wp-json\/wp\/v2\/comments?post=242029"}],"version-history":[{"count":1,"href":"https:\/\/topdisc.fi\/sv\/wp-json\/wp\/v2\/product\/242029\/revisions"}],"predecessor-version":[{"id":266628,"href":"https:\/\/topdisc.fi\/sv\/wp-json\/wp\/v2\/product\/242029\/revisions\/266628"}],"wp:featuredmedia":[{"embeddable":true,"href":"https:\/\/topdisc.fi\/sv\/wp-json\/wp\/v2\/media\/241514"}],"wp:attachment":[{"href":"https:\/\/topdisc.fi\/sv\/wp-json\/wp\/v2\/media?parent=242029"}],"wp:term":[{"taxonomy":"product_brand","embeddable":true,"href":"https:\/\/topdisc.fi\/sv\/wp-json\/wp\/v2\/product_brand?post=242029"},{"taxonomy":"product_cat","embeddable":true,"href":"https:\/\/topdisc.fi\/sv\/wp-json\/wp\/v2\/product_cat?post=242029"},{"taxonomy":"product_tag","embeddable":true,"href":"https:\/\/topdisc.fi\/sv\/wp-json\/wp\/v2\/product_tag?post=242029"}],"curies":[{"name":"wp","href":"https:\/\/api.w.org\/{rel}","templated":true}]}}