{"id":243296,"date":"2025-04-08T17:06:56","date_gmt":"2025-04-08T14:06:56","guid":{"rendered":"https:\/\/topdisc.fi\/?post_type=product&#038;p=243296"},"modified":"2025-04-08T17:49:58","modified_gmt":"2025-04-08T14:49:58","slug":"wild-discs-premium-addax-prototype","status":"publish","type":"product","link":"https:\/\/topdisc.fi\/sv\/produkt\/wild-discs-premium-addax-prototype\/","title":{"rendered":"Wild Discs Premium Addax Prototyp"},"content":{"rendered":"<p>Wild Discs Premium Addax Prototyp<\/p>\n<p>Flygv\u00e4rden: 5 5 0 2<\/p>\n<p class=\"\" data-start=\"222\" data-end=\"506\">Vilda skivor <strong data-start=\"263\" data-end=\"272\">Addax<\/strong> \u00e4r \u00f6verstabil <em data-start=\"285\" data-end=\"295\">mellanregister<\/em>, som \u00e4r gjord f\u00f6r att klara kr\u00e4vande gjutlinjer \u00e4ven i h\u00e5rt v\u00e4der. Den erbjuder en p\u00e5litlig rak bana i kombination med en stark toning \u2013 perfekt f\u00f6r precisions\u00f6ppningar och inflygningar.<\/p>\n<p class=\"\" data-start=\"508\" data-end=\"778\">Wild Discs Premium Addax Prototype \u00e4r gjord av h\u00f6g kvalitet <strong data-start=\"557\" data-end=\"570\">Premie<\/strong>-plast som ger utm\u00e4rkt grepp och h\u00e5llbarhet under alla f\u00f6rh\u00e5llanden. Denna pucken h\u00e5ller sig i linje och bleknar precis n\u00e4r den beh\u00f6ver \u2013 perfekt f\u00f6r skyttar som f\u00f6rlitar sig p\u00e5 kontroll och kraft.<\/p>\n<p class=\"\" data-start=\"780\" data-end=\"797\"><strong data-start=\"780\" data-end=\"797\">Funktioner:<\/strong><\/p>\n<ul data-start=\"798\" data-end=\"972\">\n<li class=\"\" data-start=\"798\" data-end=\"822\">\n<p class=\"\" data-start=\"800\" data-end=\"822\"><strong data-start=\"800\" data-end=\"811\">Typ:<\/strong> Mellanregister<\/p>\n<\/li>\n<li class=\"\" data-start=\"823\" data-end=\"840\">\n<p class=\"\" data-start=\"825\" data-end=\"840\"><strong data-start=\"825\" data-end=\"836\">Fart:<\/strong> 5<\/p>\n<\/li>\n<li class=\"\" data-start=\"841\" data-end=\"857\">\n<p class=\"\" data-start=\"843\" data-end=\"857\"><strong data-start=\"843\" data-end=\"853\">Glida:<\/strong> 5<\/p>\n<\/li>\n<li class=\"\" data-start=\"858\" data-end=\"875\">\n<p class=\"\" data-start=\"860\" data-end=\"875\"><strong data-start=\"860\" data-end=\"871\">H\u00e5llfasthet:<\/strong> 0<\/p>\n<\/li>\n<li class=\"\" data-start=\"876\" data-end=\"892\">\n<p class=\"\" data-start=\"878\" data-end=\"892\"><strong data-start=\"878\" data-end=\"888\">Feidi:<\/strong> 2<\/p>\n<\/li>\n<li class=\"\" data-start=\"893\" data-end=\"939\">\n<p class=\"\" data-start=\"895\" data-end=\"939\"><strong data-start=\"895\" data-end=\"905\">Plast:<\/strong> Premium (h\u00e5llbar + bra grepp)<\/p>\n<\/li>\n<li class=\"\" data-start=\"940\" data-end=\"972\">\n<p class=\"\" data-start=\"942\" data-end=\"972\"><strong data-start=\"942\" data-end=\"955\">Prototyp<\/strong> \u2013 begr\u00e4nsad upplaga<\/p>\n<\/li>\n<\/ul>\n<p class=\"\" data-start=\"974\" data-end=\"1177\">Addax ger sj\u00e4lvf\u00f6rtroende till spelet \u2013 oavsett om du \u00e4r p\u00e5 fairway, skogsbanan eller n\u00e4rmar dig korgen. Om du letar efter en midi som inte v\u00e4lter och som du kan lita p\u00e5 med varje cast, <strong data-start=\"1150\" data-end=\"1159\">Addax<\/strong> \u00e4r r\u00e4tt val.<\/p>\n<p>&nbsp;<\/p>","protected":false},"excerpt":{"rendered":"<p>Wild Discs Premium Addax Prototyp<\/p>\n<p>Flygv\u00e4rden: 5 5 0 2<\/p>\n<p class=\"\" data-start=\"222\" data-end=\"506\">Vilda skivor <strong data-start=\"263\" data-end=\"272\">Addax<\/strong> \u00e4r \u00f6verstabil <em data-start=\"285\" data-end=\"295\">mellanregister<\/em>, som \u00e4r gjord f\u00f6r att klara kr\u00e4vande gjutlinjer \u00e4ven i h\u00e5rt v\u00e4der. Den erbjuder en p\u00e5litlig rak bana i kombination med en stark toning \u2013 perfekt f\u00f6r precisions\u00f6ppningar och inflygningar.<\/p>\n<p class=\"\" data-start=\"508\" data-end=\"778\">Wild Discs Premium Addax Prototype \u00e4r gjord av h\u00f6g kvalitet <strong data-start=\"557\" data-end=\"570\">Premie<\/strong>-plast som ger utm\u00e4rkt grepp och h\u00e5llbarhet under alla f\u00f6rh\u00e5llanden. Denna pucken h\u00e5ller sig i linje och bleknar precis n\u00e4r den beh\u00f6ver \u2013 perfekt f\u00f6r skyttar som f\u00f6rlitar sig p\u00e5 kontroll och kraft.<\/p>\n<p class=\"\" data-start=\"780\" data-end=\"797\"><strong data-start=\"780\" data-end=\"797\">Funktioner:<\/strong><\/p>\n<ul data-start=\"798\" data-end=\"972\">\n<li class=\"\" data-start=\"798\" data-end=\"822\">\n<p class=\"\" data-start=\"800\" data-end=\"822\"><strong data-start=\"800\" data-end=\"811\">Typ:<\/strong> Mellanregister<\/p>\n<\/li>\n<li class=\"\" data-start=\"823\" data-end=\"840\">\n<p class=\"\" data-start=\"825\" data-end=\"840\"><strong data-start=\"825\" data-end=\"836\">Fart:<\/strong> 5<\/p>\n<\/li>\n<li class=\"\" data-start=\"841\" data-end=\"857\">\n<p class=\"\" data-start=\"843\" data-end=\"857\"><strong data-start=\"843\" data-end=\"853\">Glida:<\/strong> 5<\/p>\n<\/li>\n<li class=\"\" data-start=\"858\" data-end=\"875\">\n<p class=\"\" data-start=\"860\" data-end=\"875\"><strong data-start=\"860\" data-end=\"871\">H\u00e5llfasthet:<\/strong> 0<\/p>\n<\/li>\n<li class=\"\" data-start=\"876\" data-end=\"892\">\n<p class=\"\" data-start=\"878\" data-end=\"892\"><strong data-start=\"878\" data-end=\"888\">Feidi:<\/strong> 2<\/p>\n<\/li>\n<li class=\"\" data-start=\"893\" data-end=\"939\">\n<p class=\"\" data-start=\"895\" data-end=\"939\"><strong data-start=\"895\" data-end=\"905\">Plast:<\/strong> Premium (h\u00e5llbar + bra grepp)<\/p>\n<\/li>\n<li class=\"\" data-start=\"940\" data-end=\"972\">\n<p class=\"\" data-start=\"942\" data-end=\"972\"><strong data-start=\"942\" data-end=\"955\">Prototyp<\/strong> \u2013 begr\u00e4nsad upplaga<\/p>\n<\/li>\n<\/ul>\n<p class=\"\" data-start=\"974\" data-end=\"1177\">Addax ger sj\u00e4lvf\u00f6rtroende till spelet \u2013 oavsett om du \u00e4r p\u00e5 fairway, skogsbanan eller n\u00e4rmar dig korgen. Om du letar efter en midi som inte v\u00e4lter och som du kan lita p\u00e5 med varje cast, <strong data-start=\"1150\" data-end=\"1159\">Addax<\/strong> \u00e4r r\u00e4tt val.<\/p>","protected":false},"featured_media":243304,"comment_status":"open","ping_status":"closed","template":"","meta":{"_acf_changed":false,"om_disable_all_campaigns":false,"_improvement_type_select":"improve_an_existing","_thumb_yes_seoaic":false,"_frame_yes_seoaic":false,"seoaic_generate_description":"","seoaic_improve_instructions_prompt":"","seoaic_rollback_content_improvement":"","seoaic_idea_thumbnail_generator":"","thumbnail_generated":false,"thumbnail_generate_prompt":"","seoaic_article_description":""},"product_brand":[],"product_cat":[3841,1817,3868],"product_tag":[1458],"class_list":{"0":"post-243296","1":"product","2":"type-product","3":"status-publish","4":"has-post-thumbnail","6":"product_cat-muut-valmistajat","7":"product_cat-uudet-kiekot","8":"product_cat-wild-discs-uudet-kiekot","9":"product_tag-prototype","10":"pa_feidi-287","11":"pa_liito-274","12":"pa_nopeus-259","13":"pa_paino-327","14":"pa_paino-329","15":"pa_vakaus-zero","16":"pa_vari-punainen","17":"pa_vari-sininen","18":"pa_vari-valkoinen","20":"first","21":"instock","22":"taxable","23":"shipping-taxable","24":"purchasable","25":"product-type-variable"},"acf":[],"_links":{"self":[{"href":"https:\/\/topdisc.fi\/sv\/wp-json\/wp\/v2\/product\/243296","targetHints":{"allow":["GET"]}}],"collection":[{"href":"https:\/\/topdisc.fi\/sv\/wp-json\/wp\/v2\/product"}],"about":[{"href":"https:\/\/topdisc.fi\/sv\/wp-json\/wp\/v2\/types\/product"}],"replies":[{"embeddable":true,"href":"https:\/\/topdisc.fi\/sv\/wp-json\/wp\/v2\/comments?post=243296"}],"version-history":[{"count":0,"href":"https:\/\/topdisc.fi\/sv\/wp-json\/wp\/v2\/product\/243296\/revisions"}],"wp:featuredmedia":[{"embeddable":true,"href":"https:\/\/topdisc.fi\/sv\/wp-json\/wp\/v2\/media\/243304"}],"wp:attachment":[{"href":"https:\/\/topdisc.fi\/sv\/wp-json\/wp\/v2\/media?parent=243296"}],"wp:term":[{"taxonomy":"product_brand","embeddable":true,"href":"https:\/\/topdisc.fi\/sv\/wp-json\/wp\/v2\/product_brand?post=243296"},{"taxonomy":"product_cat","embeddable":true,"href":"https:\/\/topdisc.fi\/sv\/wp-json\/wp\/v2\/product_cat?post=243296"},{"taxonomy":"product_tag","embeddable":true,"href":"https:\/\/topdisc.fi\/sv\/wp-json\/wp\/v2\/product_tag?post=243296"}],"curies":[{"name":"wp","href":"https:\/\/api.w.org\/{rel}","templated":true}]}}