{"id":249531,"date":"2025-06-10T00:05:34","date_gmt":"2025-06-09T21:05:34","guid":{"rendered":"https:\/\/topdisc.fi\/?post_type=product&#038;p=249531"},"modified":"2025-06-28T14:13:35","modified_gmt":"2025-06-28T11:13:35","slug":"topdisc-mort-t-paita","status":"publish","type":"product","link":"https:\/\/topdisc.fi\/sv\/produkt\/topdisc-mort-t-paita\/","title":{"rendered":"TOPDISC Mort T-Paita"},"content":{"rendered":"<p>TOPDISC Mort T-Paita<\/p>\n<p>Kes\u00e4p\u00e4iv\u00e4n rientoihin ja itseluottamusta kierrokselle tuomaan Topdiscin tuore iloinen kes\u00e4paita.<\/p>\n<p>T\u00e4h\u00e4n rajatun er\u00e4n printtiin on ammennettu inspiraatiota Vestlandin jylhist\u00e4 vuonoista ja ikimetsien lempe\u00e4sti rutistavasta loputtomuudesta.<\/p>\n<p>Voittajan valinta, jos haluat liekki\u00e4 my\u00f6s tuloskorttiin.<\/p>\n<p>Testier\u00e4, joten n\u00e4in ensialkuun kokoja on rajatusti.<\/p>\n<p>&nbsp;<\/p>\n<p>Design By AKIRA<\/p>\n<p>&nbsp;<\/p>","protected":false},"excerpt":{"rendered":"<p>TOPDISC Mort T-Paita<\/p>\n<p>Kes\u00e4p\u00e4iv\u00e4n rientoihin ja itseluottamusta kierrokselle tuomaan Topdiscin tuore iloinen kes\u00e4paita.<\/p>\n<p>T\u00e4h\u00e4n rajatun er\u00e4n printtiin on ammennettu inspiraatiota Vestlandin jylhist\u00e4 vuonoista ja ikimetsien lempe\u00e4sti rutistavasta loputtomuudesta.<\/p>\n<p>Voittajan valinta, jos haluat liekki\u00e4 my\u00f6s tuloskorttiin.<\/p>\n<p>Testier\u00e4, joten n\u00e4in ensialkuun kokoja on rajatusti.<\/p>\n<p>&nbsp;<\/p>\n<p>Design By AKIRA<\/p>","protected":false},"featured_media":249898,"comment_status":"open","ping_status":"closed","template":"","meta":{"_acf_changed":false,"om_disable_all_campaigns":false,"_improvement_type_select":"improve_an_existing","_thumb_yes_seoaic":false,"_frame_yes_seoaic":false,"seoaic_generate_description":"","seoaic_improve_instructions_prompt":"","seoaic_rollback_content_improvement":"","seoaic_idea_thumbnail_generator":"","thumbnail_generated":false,"thumbnail_generate_prompt":"","seoaic_article_description":""},"product_brand":[],"product_cat":[2724,4305,73,4304],"product_tag":[],"class_list":{"0":"post-249531","1":"product","2":"type-product","3":"status-publish","4":"has-post-thumbnail","6":"product_cat-muut-tuotteet","7":"product_cat-t-paidat","8":"product_cat-uutuudet","9":"product_cat-vaatteet","10":"pa_koko-2xl","11":"pa_koko-l","12":"pa_koko-m","13":"pa_koko-s","14":"pa_koko-xl","15":"pa_valmistajat-topdisc","16":"pa_vari-musta","17":"pa_vari-oliivi","19":"first","20":"instock","21":"taxable","22":"shipping-taxable","23":"purchasable","24":"product-type-variable"},"acf":[],"_links":{"self":[{"href":"https:\/\/topdisc.fi\/sv\/wp-json\/wp\/v2\/product\/249531","targetHints":{"allow":["GET"]}}],"collection":[{"href":"https:\/\/topdisc.fi\/sv\/wp-json\/wp\/v2\/product"}],"about":[{"href":"https:\/\/topdisc.fi\/sv\/wp-json\/wp\/v2\/types\/product"}],"replies":[{"embeddable":true,"href":"https:\/\/topdisc.fi\/sv\/wp-json\/wp\/v2\/comments?post=249531"}],"version-history":[{"count":0,"href":"https:\/\/topdisc.fi\/sv\/wp-json\/wp\/v2\/product\/249531\/revisions"}],"wp:featuredmedia":[{"embeddable":true,"href":"https:\/\/topdisc.fi\/sv\/wp-json\/wp\/v2\/media\/249898"}],"wp:attachment":[{"href":"https:\/\/topdisc.fi\/sv\/wp-json\/wp\/v2\/media?parent=249531"}],"wp:term":[{"taxonomy":"product_brand","embeddable":true,"href":"https:\/\/topdisc.fi\/sv\/wp-json\/wp\/v2\/product_brand?post=249531"},{"taxonomy":"product_cat","embeddable":true,"href":"https:\/\/topdisc.fi\/sv\/wp-json\/wp\/v2\/product_cat?post=249531"},{"taxonomy":"product_tag","embeddable":true,"href":"https:\/\/topdisc.fi\/sv\/wp-json\/wp\/v2\/product_tag?post=249531"}],"curies":[{"name":"wp","href":"https:\/\/api.w.org\/{rel}","templated":true}]}}