{"id":249608,"date":"2025-06-11T22:27:25","date_gmt":"2025-06-11T19:27:25","guid":{"rendered":"https:\/\/topdisc.fi\/?post_type=product&#038;p=249608"},"modified":"2025-06-28T14:11:43","modified_gmt":"2025-06-28T11:11:43","slug":"topdisc-ratakartta-t-paita","status":"publish","type":"product","link":"https:\/\/topdisc.fi\/sv\/produkt\/topdisc-ratakartta-t-paita\/","title":{"rendered":"TOPDISC Ratakartta T-Paita"},"content":{"rendered":"<p>TOPDISC Ratakartta T-Paita<\/p>\n<p>Reitti kaupan l\u00e4hiradoille ei ole koskaan ennen ollut n\u00e4in selv\u00e4! Tuore keksint\u00f6mme &#8221;puettava kartta&#8221; mahdollistaa yksinkertaisen suunnistamisen ilman riippuvuutta gps-signaalista.<\/p>\n<p>K\u00e4ytt\u00f6\u00e4 helpottaa kartanlukija, mutta vaihtoehtoisesti my\u00f6s peili voi soveltua tarkoitukseen.<\/p>\n<p>T\u00e4m\u00e4 on rajatun er\u00e4n testiprintti, kokoja ja v\u00e4rej\u00e4 on siten vaihtelevasti. Tulevia versioita saapumassa laajemmin tuonnempana.<\/p>\n<p>Todellisen ratabongarin vakiovaruste.<\/p>\n<p>&nbsp;<\/p>\n<p>Design By AKIRA<\/p>\n<p>&nbsp;<\/p>","protected":false},"excerpt":{"rendered":"<p>TOPDISC Ratakartta T-Paita<\/p>\n<p>Reitti kaupan l\u00e4hiradoille ei ole koskaan ennen ollut n\u00e4in selv\u00e4! Tuore keksint\u00f6mme &#8221;puettava kartta&#8221; mahdollistaa yksinkertaisen suunnistamisen ilman riippuvuutta gps-signaalista.<\/p>\n<p>K\u00e4ytt\u00f6\u00e4 helpottaa kartanlukija, mutta vaihtoehtoisesti my\u00f6s peili voi soveltua tarkoitukseen.<\/p>\n<p>T\u00e4m\u00e4 on rajatun er\u00e4n testiprintti, kokoja ja v\u00e4rej\u00e4 on siten vaihtelevasti. Tulevia versioita saapumassa laajemmin tuonnempana.<\/p>\n<p>Todellisen ratabongarin vakiovaruste.<\/p>\n<p>&nbsp;<\/p>\n<p>Design By AKIRA<\/p>","protected":false},"featured_media":249900,"comment_status":"open","ping_status":"closed","template":"","meta":{"_acf_changed":false,"om_disable_all_campaigns":false,"_improvement_type_select":"improve_an_existing","_thumb_yes_seoaic":false,"_frame_yes_seoaic":false,"seoaic_generate_description":"","seoaic_improve_instructions_prompt":"","seoaic_rollback_content_improvement":"","seoaic_idea_thumbnail_generator":"","thumbnail_generated":false,"thumbnail_generate_prompt":"","seoaic_article_description":""},"product_brand":[],"product_cat":[2724,4305,73,4304],"product_tag":[],"class_list":{"0":"post-249608","1":"product","2":"type-product","3":"status-publish","4":"has-post-thumbnail","6":"product_cat-muut-tuotteet","7":"product_cat-t-paidat","8":"product_cat-uutuudet","9":"product_cat-vaatteet","10":"pa_koko-2xl","11":"pa_koko-l","12":"pa_koko-m","13":"pa_koko-s","14":"pa_koko-xl","15":"pa_valmistajat-topdisc","16":"pa_vari-oliivi-harmaa","17":"pa_vari-sininen-neon","18":"pa_vari-vihrea-harmaa-2","20":"first","21":"instock","22":"taxable","23":"shipping-taxable","24":"purchasable","25":"product-type-variable"},"acf":[],"_links":{"self":[{"href":"https:\/\/topdisc.fi\/sv\/wp-json\/wp\/v2\/product\/249608","targetHints":{"allow":["GET"]}}],"collection":[{"href":"https:\/\/topdisc.fi\/sv\/wp-json\/wp\/v2\/product"}],"about":[{"href":"https:\/\/topdisc.fi\/sv\/wp-json\/wp\/v2\/types\/product"}],"replies":[{"embeddable":true,"href":"https:\/\/topdisc.fi\/sv\/wp-json\/wp\/v2\/comments?post=249608"}],"version-history":[{"count":0,"href":"https:\/\/topdisc.fi\/sv\/wp-json\/wp\/v2\/product\/249608\/revisions"}],"wp:featuredmedia":[{"embeddable":true,"href":"https:\/\/topdisc.fi\/sv\/wp-json\/wp\/v2\/media\/249900"}],"wp:attachment":[{"href":"https:\/\/topdisc.fi\/sv\/wp-json\/wp\/v2\/media?parent=249608"}],"wp:term":[{"taxonomy":"product_brand","embeddable":true,"href":"https:\/\/topdisc.fi\/sv\/wp-json\/wp\/v2\/product_brand?post=249608"},{"taxonomy":"product_cat","embeddable":true,"href":"https:\/\/topdisc.fi\/sv\/wp-json\/wp\/v2\/product_cat?post=249608"},{"taxonomy":"product_tag","embeddable":true,"href":"https:\/\/topdisc.fi\/sv\/wp-json\/wp\/v2\/product_tag?post=249608"}],"curies":[{"name":"wp","href":"https:\/\/api.w.org\/{rel}","templated":true}]}}